{"id":8930,"date":"2021-03-14T13:35:59","date_gmt":"2021-03-14T13:35:59","guid":{"rendered":"https:\/\/velartrip.com\/?product=pins-br-drapeau-europe"},"modified":"2025-03-14T21:43:02","modified_gmt":"2025-03-14T20:43:02","slug":"pins-drapeau-europeen","status":"publish","type":"product","link":"https:\/\/velartrip.com\/es\/accessoires-voyage\/pins\/pins-drapeau-europeen\/","title":{"rendered":"Pins bandera de Europa"},"content":{"rendered":"<h2>Nuestro pin con la bandera de la Uni\u00f3n Europea quedar\u00e1 genial en tu bolso.  <\/h2>\n<ul>\n<li>Tama\u00f1o medio: 1,9 x 1,8 cm.<\/li>\n<li>Ser\u00e1 inseparable de tu bolso gracias a su <strong>su cierre seguro 100%<\/strong>.<\/li>\n<li>Dimensiones: 1,9 x 1,6 cm.<\/li>\n<\/ul>\n<h3 style=\"text-align: center;\" data-mce-style=\"text-align: center;\"><span style=\"color: #82d5c7;\" data-mce-style=\"color: #82d5c7;\">\u00bfPor qu\u00e9 elegir un Pin's para sus viajes?<\/span><\/h3>\n<h4>1 &#8211; <span style=\"text-decoration: underline;\" data-mce-style=\"text-decoration: underline;\">Historia del Pin <\/span><br \/>\n<\/h4>\n<p>Los pins se han utilizado durante mucho tiempo como medio publicitario para las marcas. Estimamos que el pico de popularidad de los pines se alcanz\u00f3 en la d\u00e9cada de 1990. 5 a\u00f1os despu\u00e9s, la producci\u00f3n ha descendido considerablemente.<\/p>\n<p>Hoy en d\u00eda, la insignia ya no se fabrica y s\u00f3lo se utiliza en determinados acontecimientos deportivos o culturales. <br \/>Sin embargo, todav\u00eda existe una comunidad de entusiastas conocidos como filopinos o filopinistas que siguen desenterrando las insignias m\u00e1s raras en ferias de coleccionismo o a trav\u00e9s de foros.<\/p>\n<h4>2 &#8211; <span style=\"text-decoration: underline;\" data-mce-style=\"text-decoration: underline;\">Pin y viaje por VelarTrip<\/span><br \/>\n<\/h4>\n<p>Como usted sabe, nuestra ambici\u00f3n m\u00e1s profunda es permitirle <strong>viajar centr\u00e1ndose en lo esencial.<\/strong><\/p>\n<p><span style=\"text-decoration: underline;\" data-mce-style=\"text-decoration: underline;\"><\/span>Pero, \u00bfqu\u00e9 es \"esencial\"?<\/p>\n<p>Si tuvi\u00e9ramos que definirlo, son todas las emociones positivas que te produce viajar.<\/p>\n<p>Por eso, gracias a nuestras chinchetas, esperamos (y mucho) que :<\/p>\n<ul>\n<li>\n<strong>Personalice<\/strong> seg\u00fan su personalidad su<strong> bolsas de viaje o mochilas<\/strong>.<\/li>\n<li>\n<strong>F\u00e1cil de encontrar<\/strong> sus maletas.<\/li>\n<li>\n<strong>Distinguir sus bolsas<\/strong> entre los dem\u00e1s viajeros.<\/li>\n<\/ul>\n<p>Adem\u00e1s de nuestro <span style=\"text-decoration: underline;\" data-mce-style=\"text-decoration: underline;\"><a href=\"https:\/\/velartrip.com\/es\/collections\/housses-de-valise\/\" title=\"colecci\u00f3n de fundas para maletas\" target=\"_blank\" rel=\"noopener\">fundas para maletas<\/a><\/span> o nuestro <span style=\"text-decoration: underline;\" data-mce-style=\"text-decoration: underline;\"><a href=\"https:\/\/velartrip.com\/es\/collections\/etiquettes-bagages\/\" title=\"colecci\u00f3n de etiquetas de equipaje\" target=\"_blank\" rel=\"noopener\">etiquetas de equipaje<\/a><\/span>Simplemente a\u00f1adiendo un pin, puedes <strong>reducir considerablemente el riesgo de perder su equipaje<\/strong>.<\/p>","protected":false},"excerpt":{"rendered":"<p>\u00a1Nuestro pin con la bandera de la Uni\u00f3n Europea ser\u00e1 perfecto para tu bolso! Dimensiones medias: 1,9 x 1,8 cm. Ser\u00e1 inseparable de tu bolso gracias a su cierre seguro 100%. Dimensiones: 1,9 x 1,6 cm. \u00bfPor qu\u00e9 elegir un Pin para tus viajes? 1 \u2013 Historia del Pin El pin ha sido utilizado durante mucho tiempo\u2026<\/p>","protected":false},"featured_media":12549,"comment_status":"open","ping_status":"closed","template":"","meta":{"_kad_blocks_custom_css":"","_kad_blocks_head_custom_js":"","_kad_blocks_body_custom_js":"","_kad_blocks_footer_custom_js":"","_kad_post_transparent":"","_kad_post_title":"","_kad_post_layout":"","_kad_post_sidebar_id":"","_kad_post_content_style":"","_kad_post_vertical_padding":"","_kad_post_feature":"","_kad_post_feature_position":"","_kad_post_header":false,"_kad_post_footer":false,"_kad_post_classname":""},"product_brand":[385],"product_cat":[404,402,957],"product_tag":[354],"class_list":{"0":"post-8930","1":"product","2":"type-product","3":"status-publish","4":"has-post-thumbnail","6":"product_brand-velartrip","7":"product_cat-accessoires-voyage","8":"product_cat-pins","9":"product_cat-pins-drapeau","10":"product_tag-drapeau","12":"first","13":"instock","14":"taxable","15":"shipping-taxable","16":"purchasable","17":"product-type-variable","18":"entry","19":"content-bg","20":"loop-entry"},"taxonomy_info":{"product_brand":[{"value":385,"label":"VelarTrip"}],"product_cat":[{"value":404,"label":"Accessoires de Voyage"},{"value":402,"label":"Pin's"},{"value":957,"label":"Pin's Drapeau"}],"product_tag":[{"value":354,"label":"Drapeau"}]},"featured_image_src_large":["https:\/\/velartrip.com\/wp-content\/uploads\/2022\/04\/54.jpg",800,800,false],"author_info":[],"comment_info":4,"_links":{"self":[{"href":"https:\/\/velartrip.com\/es\/wp-json\/wp\/v2\/product\/8930","targetHints":{"allow":["GET"]}}],"collection":[{"href":"https:\/\/velartrip.com\/es\/wp-json\/wp\/v2\/product"}],"about":[{"href":"https:\/\/velartrip.com\/es\/wp-json\/wp\/v2\/types\/product"}],"replies":[{"embeddable":true,"href":"https:\/\/velartrip.com\/es\/wp-json\/wp\/v2\/comments?post=8930"}],"wp:featuredmedia":[{"embeddable":true,"href":"https:\/\/velartrip.com\/es\/wp-json\/wp\/v2\/media\/12549"}],"wp:attachment":[{"href":"https:\/\/velartrip.com\/es\/wp-json\/wp\/v2\/media?parent=8930"}],"wp:term":[{"taxonomy":"product_brand","embeddable":true,"href":"https:\/\/velartrip.com\/es\/wp-json\/wp\/v2\/product_brand?post=8930"},{"taxonomy":"product_cat","embeddable":true,"href":"https:\/\/velartrip.com\/es\/wp-json\/wp\/v2\/product_cat?post=8930"},{"taxonomy":"product_tag","embeddable":true,"href":"https:\/\/velartrip.com\/es\/wp-json\/wp\/v2\/product_tag?post=8930"}],"curies":[{"name":"wp","href":"https:\/\/api.w.org\/{rel}","templated":true}]}}