{"id":11520,"date":"2021-11-16T16:31:48","date_gmt":"2021-11-16T16:31:48","guid":{"rendered":"https:\/\/velartrip.com\/?post_type=product&#038;p=11520"},"modified":"2024-12-04T09:28:32","modified_gmt":"2024-12-04T08:28:32","slug":"protection-valise","status":"publish","type":"product","link":"https:\/\/velartrip.com\/it\/accessoires-pour-valise\/housse-de-valise\/protection-valise\/","title":{"rendered":"Protezione della valigia"},"content":{"rendered":"<h2>VelarTrip ha le migliori protezioni per valigie in circolazione! \ud83e\uddf3<\/h2>\n<p>Se volete fare un viaggio proteggendo i vostri effetti personali, penserete naturalmente a una valigia tradizionale.<\/p>\n<p>Ma cosa succede se il vostro bagaglio viene danneggiato o forzato da un malintenzionato durante il viaggio?<\/p>\n<p>Non vogliamo che ci\u00f2 accada anche a te, ed \u00e8 per questo che abbiamo sviluppato una protezione per valigie che ti aiuter\u00e0 a evitare questi problemi.<\/p>\n<h3>Qual \u00e8 lo scopo delle coperture protettive per valigie?<\/h3>\n<p>Utilizzato principalmente per <strong>proteggere i bagagli da urti e graffi<\/strong>, le protezioni per valigie hanno contribuito a prevenire molti furti come<span style=\"text-decoration: underline; color: #3366ff;\"> <a style=\"color: #3366ff; text-decoration: underline;\" href=\"https:\/\/www.dailymotion.com\/video\/xdf2nn\" target=\"_blank\" rel=\"noopener\"><span style=\"color: #0000ff; text-decoration: underline;\">la famosa penna bic.<\/span><\/a><\/span><\/p>\n<h3>Qual \u00e8 la composizione di una fodera per valigia?<\/h3>\n<p>Generalmente composto da <strong>90% poliestere<\/strong>, le protezioni per i bagagli hanno un <strong>cerniera<\/strong> che \u00e8 fissato sotto la valigia cos\u00ec come per alcuni (come questo) di un <strong>cinghia elastica<\/strong> per fissare saldamente la copertura alla valigia.<\/p>\n<h3>Perch\u00e9 scegliere la protezione della valigia?<\/h3>\n<ul>\n<li>Estensibile ed ergonomico, il<strong> protezione della custodia<\/strong> adattarsi a <strong>qualsiasi bagaglio a 4 ruote<\/strong>.<\/li>\n<li>Un posto speciale \u00e8 riservato alla maniglia della valigia.<\/li>\n<li><strong>8 colori<\/strong> che si adattano perfettamente al design del vostro bagaglio<\/li>\n<li>Una cinghia di contenimento mantiene la borsa il pi\u00f9 vicino possibile alla valigia.<\/li>\n<\/ul>\n<p>Per saperne di pi\u00f9 sul design, vi consigliamo di dare un'occhiata al nostro <span style=\"text-decoration: underline; color: #0000ff;\"><a style=\"color: #0000ff; text-decoration: underline;\" href=\"https:\/\/velartrip.com\/it\/housse-de-valise\/\">collezione di coprivaligie<\/a><\/span>.<\/p>","protected":false},"excerpt":{"rendered":"<p>La migliore protezione per i bagagli \u00e8 offerta da VelarTrip! \ud83e\uddf3 Se vuoi viaggiare proteggendo i tuoi effetti personali, prenderai naturalmente in considerazione una valigia tradizionale. Ma cosa succede se, per sfortuna, durante il viaggio il tuo bagaglio viene danneggiato o viene forzato da un malintenzionato? Noi\u2026<\/p>","protected":false},"featured_media":12994,"comment_status":"open","ping_status":"closed","template":"","meta":{"_kad_blocks_custom_css":"","_kad_blocks_head_custom_js":"","_kad_blocks_body_custom_js":"","_kad_blocks_footer_custom_js":"","_kad_post_transparent":"","_kad_post_title":"","_kad_post_layout":"","_kad_post_sidebar_id":"","_kad_post_content_style":"","_kad_post_vertical_padding":"","_kad_post_feature":"","_kad_post_feature_position":"","_kad_post_header":false,"_kad_post_footer":false,"_kad_post_classname":""},"product_brand":[],"product_cat":[392,618],"product_tag":[],"class_list":{"0":"post-11520","1":"product","2":"type-product","3":"status-publish","4":"has-post-thumbnail","6":"product_cat-housse-de-valise","7":"product_cat-accessoires-pour-valise","9":"first","10":"instock","11":"taxable","12":"shipping-taxable","13":"purchasable","14":"product-type-variable","15":"has-default-attributes","16":"entry","17":"content-bg","18":"loop-entry"},"taxonomy_info":{"product_cat":[{"value":392,"label":"Housses De Valise"},{"value":618,"label":"Accessoires pour Valise"}]},"featured_image_src_large":["https:\/\/velartrip.com\/wp-content\/uploads\/2022\/04\/32919472839_images_6266a5b22af21_1.webp",800,800,false],"author_info":[],"comment_info":12,"_links":{"self":[{"href":"https:\/\/velartrip.com\/it\/wp-json\/wp\/v2\/product\/11520","targetHints":{"allow":["GET"]}}],"collection":[{"href":"https:\/\/velartrip.com\/it\/wp-json\/wp\/v2\/product"}],"about":[{"href":"https:\/\/velartrip.com\/it\/wp-json\/wp\/v2\/types\/product"}],"replies":[{"embeddable":true,"href":"https:\/\/velartrip.com\/it\/wp-json\/wp\/v2\/comments?post=11520"}],"wp:featuredmedia":[{"embeddable":true,"href":"https:\/\/velartrip.com\/it\/wp-json\/wp\/v2\/media\/12994"}],"wp:attachment":[{"href":"https:\/\/velartrip.com\/it\/wp-json\/wp\/v2\/media?parent=11520"}],"wp:term":[{"taxonomy":"product_brand","embeddable":true,"href":"https:\/\/velartrip.com\/it\/wp-json\/wp\/v2\/product_brand?post=11520"},{"taxonomy":"product_cat","embeddable":true,"href":"https:\/\/velartrip.com\/it\/wp-json\/wp\/v2\/product_cat?post=11520"},{"taxonomy":"product_tag","embeddable":true,"href":"https:\/\/velartrip.com\/it\/wp-json\/wp\/v2\/product_tag?post=11520"}],"curies":[{"name":"wp","href":"https:\/\/api.w.org\/{rel}","templated":true}]}}