{"id":11637,"date":"2021-12-19T22:48:51","date_gmt":"2021-12-19T21:48:51","guid":{"rendered":"https:\/\/velartrip.com\/?post_type=product&#038;p=11637"},"modified":"2025-06-06T11:19:59","modified_gmt":"2025-06-06T09:19:59","slug":"protege-passeport-imprime-mappemonde","status":"publish","type":"product","link":"https:\/\/velartrip.com\/it\/accessoires-pour-valise\/protege-passeports\/protege-passeport-imprime-mappemonde\/","title":{"rendered":"Copertina per passaporto stampata Mappa del mondo"},"content":{"rendered":"<h2><span style=\"font-size: 75%;\">Una stampa dorata della mappa del mondo sulla copertina del passaporto: non potrebbe essere pi\u00f9 facile distinguere il vostro passaporto!<\/span><\/h2>\n<ul>\n<li>Coprite perfettamente il passaporto.<\/li>\n<li>1 slot per carta di credito<\/li>\n<li>1 spazio per i biglietti<\/li>\n<li>Ideale per prevenire schizzi e cadute.<\/li>\n<li>Composizione: sintetico.<\/li>\n<\/ul>","protected":false},"excerpt":{"rendered":"<p>Un imprim\u00e9 dor\u00e9 de la carte du monde sur votre prot\u00e8ge-passeport, rien de plus simple pour distinguer facilement votre passeport ! Couvre parfaitement\u00a0ton passeport. 1 emplacement pour une carte bancaire 1 emplacement pour des billets Id\u00e9al contre les risques d\u2019\u00e9claboussures et de chutes. Composition : synth\u00e9tique.<\/p>","protected":false},"featured_media":12354,"comment_status":"open","ping_status":"closed","template":"","meta":{"_kad_blocks_custom_css":"","_kad_blocks_head_custom_js":"","_kad_blocks_body_custom_js":"","_kad_blocks_footer_custom_js":"","_kad_post_transparent":"","_kad_post_title":"","_kad_post_layout":"","_kad_post_sidebar_id":"","_kad_post_content_style":"","_kad_post_vertical_padding":"","_kad_post_feature":"","_kad_post_feature_position":"","_kad_post_header":false,"_kad_post_footer":false,"_kad_post_classname":""},"product_brand":[],"product_cat":[395,618],"product_tag":[],"class_list":{"0":"post-11637","1":"product","2":"type-product","3":"status-publish","4":"has-post-thumbnail","6":"product_cat-protege-passeports","7":"product_cat-accessoires-pour-valise","9":"first","10":"instock","11":"taxable","12":"shipping-taxable","13":"purchasable","14":"product-type-variable","15":"has-default-attributes","16":"entry","17":"content-bg","18":"loop-entry"},"taxonomy_info":{"product_cat":[{"value":395,"label":"Prot\u00e8ge-Passeports"},{"value":618,"label":"Accessoires pour Valise"}]},"featured_image_src_large":["https:\/\/velartrip.com\/wp-content\/uploads\/2021\/12\/protege-passeport-imprime\u0301-mappemonde-rose.jpg",800,800,false],"author_info":[],"comment_info":2,"_links":{"self":[{"href":"https:\/\/velartrip.com\/it\/wp-json\/wp\/v2\/product\/11637","targetHints":{"allow":["GET"]}}],"collection":[{"href":"https:\/\/velartrip.com\/it\/wp-json\/wp\/v2\/product"}],"about":[{"href":"https:\/\/velartrip.com\/it\/wp-json\/wp\/v2\/types\/product"}],"replies":[{"embeddable":true,"href":"https:\/\/velartrip.com\/it\/wp-json\/wp\/v2\/comments?post=11637"}],"wp:featuredmedia":[{"embeddable":true,"href":"https:\/\/velartrip.com\/it\/wp-json\/wp\/v2\/media\/12354"}],"wp:attachment":[{"href":"https:\/\/velartrip.com\/it\/wp-json\/wp\/v2\/media?parent=11637"}],"wp:term":[{"taxonomy":"product_brand","embeddable":true,"href":"https:\/\/velartrip.com\/it\/wp-json\/wp\/v2\/product_brand?post=11637"},{"taxonomy":"product_cat","embeddable":true,"href":"https:\/\/velartrip.com\/it\/wp-json\/wp\/v2\/product_cat?post=11637"},{"taxonomy":"product_tag","embeddable":true,"href":"https:\/\/velartrip.com\/it\/wp-json\/wp\/v2\/product_tag?post=11637"}],"curies":[{"name":"wp","href":"https:\/\/api.w.org\/{rel}","templated":true}]}}