{"id":11964,"date":"2021-12-21T18:11:32","date_gmt":"2021-12-21T17:11:32","guid":{"rendered":"https:\/\/velartrip.com\/?post_type=product&#038;p=11964"},"modified":"2024-12-04T09:28:18","modified_gmt":"2024-12-04T08:28:18","slug":"protege-passeport-raton-laveur-chewing-gum","status":"publish","type":"product","link":"https:\/\/velartrip.com\/it\/accessoires-pour-valise\/protege-passeports\/protege-passeport-raton-laveur-chewing-gum\/","title":{"rendered":"Copri passaporto a forma di procione"},"content":{"rendered":"<h2><span style=\"font-size: 80%;\">Non sappiamo dove questo procione abbia trovato questa gomma da masticare, ma quello che sappiamo \u00e8 che sicuramente non si trova nella sua tana! In ogni caso, la pausa fotografica \u00e8 davvero carina.<\/span><\/h2>\n<ul>\n<li><strong>Coprite perfettamente il passaporto.<\/strong><\/li>\n<li>A prova di schizzi.<\/li>\n<li>3 slot per carte bancarie \ud83d\udcb3<\/li>\n<li>1 slot per banconote.<\/li>\n<li>Pelle sintetica.<\/li>\n<\/ul>\n<p><em>Il colore reale pu\u00f2 differire leggermente da quello dell'immagine.<\/em><\/p>","protected":false},"excerpt":{"rendered":"<p>On ne sait pas o\u00f9 ce raton laveur \u00e0 trouv\u00e9 ce chewing-gum, mais ce que l&rsquo;on sait, c&rsquo;est que ce n&rsquo;est surement pas dans son terrier ! En tout cas la pause pour la photo est juste trop mignonne. Couvre parfaitement ton passeport. R\u00e9siste aux \u00e9claboussures. 3 emplacements pour cartes bancaires \ud83d\udcb3 1 emplacement pour&#8230;<\/p>","protected":false},"featured_media":12926,"comment_status":"open","ping_status":"closed","template":"","meta":{"_kad_blocks_custom_css":"","_kad_blocks_head_custom_js":"","_kad_blocks_body_custom_js":"","_kad_blocks_footer_custom_js":"","_kad_post_transparent":"","_kad_post_title":"","_kad_post_layout":"","_kad_post_sidebar_id":"","_kad_post_content_style":"","_kad_post_vertical_padding":"","_kad_post_feature":"","_kad_post_feature_position":"","_kad_post_header":false,"_kad_post_footer":false,"_kad_post_classname":""},"product_brand":[],"product_cat":[395,618],"product_tag":[],"class_list":{"0":"post-11964","1":"product","2":"type-product","3":"status-publish","4":"has-post-thumbnail","6":"product_cat-protege-passeports","7":"product_cat-accessoires-pour-valise","9":"first","10":"instock","11":"taxable","12":"shipping-taxable","13":"purchasable","14":"product-type-simple","15":"entry","16":"content-bg","17":"loop-entry"},"taxonomy_info":{"product_cat":[{"value":395,"label":"Prot\u00e8ge-Passeports"},{"value":618,"label":"Accessoires pour Valise"}]},"featured_image_src_large":["https:\/\/velartrip.com\/wp-content\/uploads\/2022\/04\/1005002265612210_images_62667b103c833_18.webp",800,800,false],"author_info":[],"comment_info":0,"_links":{"self":[{"href":"https:\/\/velartrip.com\/it\/wp-json\/wp\/v2\/product\/11964","targetHints":{"allow":["GET"]}}],"collection":[{"href":"https:\/\/velartrip.com\/it\/wp-json\/wp\/v2\/product"}],"about":[{"href":"https:\/\/velartrip.com\/it\/wp-json\/wp\/v2\/types\/product"}],"replies":[{"embeddable":true,"href":"https:\/\/velartrip.com\/it\/wp-json\/wp\/v2\/comments?post=11964"}],"wp:featuredmedia":[{"embeddable":true,"href":"https:\/\/velartrip.com\/it\/wp-json\/wp\/v2\/media\/12926"}],"wp:attachment":[{"href":"https:\/\/velartrip.com\/it\/wp-json\/wp\/v2\/media?parent=11964"}],"wp:term":[{"taxonomy":"product_brand","embeddable":true,"href":"https:\/\/velartrip.com\/it\/wp-json\/wp\/v2\/product_brand?post=11964"},{"taxonomy":"product_cat","embeddable":true,"href":"https:\/\/velartrip.com\/it\/wp-json\/wp\/v2\/product_cat?post=11964"},{"taxonomy":"product_tag","embeddable":true,"href":"https:\/\/velartrip.com\/it\/wp-json\/wp\/v2\/product_tag?post=11964"}],"curies":[{"name":"wp","href":"https:\/\/api.w.org\/{rel}","templated":true}]}}