{"id":16716,"date":"2025-03-14T17:37:04","date_gmt":"2025-03-14T16:37:04","guid":{"rendered":"https:\/\/velartrip.com\/?post_type=product&#038;p=16716"},"modified":"2026-03-23T20:15:21","modified_gmt":"2026-03-23T19:15:21","slug":"kit-de-survie-3eme-guerre-mondiale","status":"publish","type":"product","link":"https:\/\/velartrip.com\/it\/survie\/kit-de-survie-3eme-guerre-mondiale\/","title":{"rendered":"Kit di sopravvivenza della terza guerra mondiale"},"content":{"rendered":"<p><strong>Kit di sopravvivenza definitivo per la Terza Guerra Mondiale - Attrezzatura di emergenza completa<\/strong><\/p>\n<p>Preparati per ogni situazione con questo <strong>kit di sopravvivenza ultra-completo<\/strong>, progettati per far fronte agli eventi imprevisti di un disastro, di un conflitto o di un&#039;evacuazione di emergenza. Che sia nella natura selvaggia, in citt\u00e0 o in movimento, questa borsa da sopravvivenza militare ti offre <strong>strumenti essenziali per garantire la tua sicurezza e indipendenza.<\/strong><\/p>\n<h3>\ud83d\ude80 <strong>Cosa contiene questo kit di sopravvivenza?<\/strong><\/h3>\n<p>\ud83d\udd26 <strong>Illuminazione e orientamento<\/strong><\/p>\n<ul>\n<li><strong>Torcia elettrica<\/strong> ultra-potente per vedere anche nel buio pi\u00f9 totale<\/li>\n<li><strong>Bussola di precisione<\/strong> navigare senza GPS<\/li>\n<li><strong>Fischietto di soccorso<\/strong> per segnalare la tua posizione<\/li>\n<\/ul>\n<p>\ud83d\udd2a <strong>Strumenti multifunzione<\/strong><\/p>\n<ul>\n<li><strong>Pinza pieghevole<\/strong> con molteplici funzioni per tagliare, avvitare, stringere<\/li>\n<li><strong>Coltello e forchetta 2 in 1<\/strong> ideale per mangiare in una situazione di sopravvivenza<\/li>\n<li><strong>Carta multi-utensile<\/strong> (apribottiglie, cacciavite, sega, chiave esagonale, ecc.)<\/li>\n<li><strong>Penna tattica<\/strong> che pu\u00f2 essere utilizzato come arma difensiva<\/li>\n<\/ul>\n<p>\ud83c\udf92 <strong>Attrezzatura di sopravvivenza e di primo soccorso<\/strong><\/p>\n<ul>\n<li><strong>Guanti in PVC<\/strong> per proteggere dai contaminanti<\/li>\n<li><strong>Maschera di primo soccorso<\/strong><\/li>\n<li><strong>Coperta di emergenza<\/strong> per conservare il calore corporeo<\/li>\n<li><strong>Kit di pronto soccorso completo<\/strong> (bende, forbici, compresse, nastro adesivo, cotton fioc)<\/li>\n<\/ul>\n<p>\ud83d\udee0\ufe0f <strong>Sopravvivenza e fai da te<\/strong><\/p>\n<ul>\n<li><strong>Sega a filo<\/strong> per tagliare legno o altri materiali<\/li>\n<li><strong>Accendino\/accendifuoco<\/strong> accendere un fuoco velocemente<\/li>\n<li><strong>Corda forte<\/strong> per vari usi (legare, costruire un riparo, mettere in sicurezza)<\/li>\n<li><strong>Fibbia a D<\/strong> per riparare la tua attrezzatura<\/li>\n<\/ul>\n<p>\ud83d\udca6 <strong>Attrezzatura aggiuntiva<\/strong><\/p>\n<ul>\n<li><strong>Mantello impermeabile (mantello)<\/strong> per proteggersi dalla pioggia<\/li>\n<li><strong>Clip per bottiglia d&#039;acqua<\/strong> per rimanere idratati facilmente<\/li>\n<li><strong>Cannello<\/strong> per attizzare il fuoco o filtrare l&#039;acqua<\/li>\n<\/ul>\n<h3>\u2705 <strong>Perch\u00e9 scegliere questo kit di sopravvivenza?<\/strong><\/h3>\n<p>\u2714 <strong>Compatto e leggero<\/strong> \u2013 Facile da trasportare nella sua borsa tattica mimetica<br \/>\n\u2714 <strong>Ultra-resistente<\/strong> \u2013 Progettato per condizioni estreme<br \/>\n\u2714 <strong>Tutto in uno<\/strong> \u2013 Ideale per evacuazioni rapide o situazioni di emergenza<\/p>\n<p>\ud83d\udd25 <strong>Preparatevi prima che sia troppo tardi!<\/strong> \ud83d\udd25<br \/>\nOrdina il tuo <strong>Kit di sopravvivenza della terza guerra mondiale<\/strong> adesso e metti tutte le possibilit\u00e0 dalla tua parte per affrontare l&#039;imprevedibile. \ud83d\ude80<\/p>\n<p>&nbsp;<\/p>","protected":false},"excerpt":{"rendered":"<p>Kit de survie ultime 3\u00e8me guerre mondiale \u2013 \u00c9quipement d&rsquo;urgence complet Pr\u00e9parez-vous \u00e0 toute situation avec ce kit de survie ultra-complet, con\u00e7u pour faire face aux impr\u00e9vus d\u2019une catastrophe, d\u2019un conflit ou d\u2019une \u00e9vacuation d\u2019urgence. Que ce soit en pleine nature, en ville ou en d\u00e9placement, ce sac de survie militaire vous offre les outils&#8230;<\/p>","protected":false},"featured_media":16706,"comment_status":"open","ping_status":"closed","template":"","meta":{"_kad_blocks_custom_css":"","_kad_blocks_head_custom_js":"","_kad_blocks_body_custom_js":"","_kad_blocks_footer_custom_js":"","_kad_post_transparent":"default","_kad_post_title":"","_kad_post_layout":"default","_kad_post_sidebar_id":"","_kad_post_content_style":"default","_kad_post_vertical_padding":"default","_kad_post_feature":"","_kad_post_feature_position":"","_kad_post_header":false,"_kad_post_footer":false,"_kad_post_classname":""},"product_brand":[],"product_cat":[987],"product_tag":[],"class_list":{"0":"post-16716","1":"product","2":"type-product","3":"status-publish","4":"has-post-thumbnail","6":"product_cat-survie","8":"first","9":"instock","10":"taxable","11":"shipping-taxable","12":"purchasable","13":"product-type-variable","14":"entry","15":"content-bg","16":"loop-entry"},"taxonomy_info":{"product_cat":[{"value":987,"label":"Survivalisme et Guerre \ud83e\ude96"}]},"featured_image_src_large":["https:\/\/velartrip.com\/wp-content\/uploads\/2025\/03\/S7d01af89bde84f0f836513299c61365d5-800x800.webp",800,800,true],"author_info":[],"comment_info":2,"_links":{"self":[{"href":"https:\/\/velartrip.com\/it\/wp-json\/wp\/v2\/product\/16716","targetHints":{"allow":["GET"]}}],"collection":[{"href":"https:\/\/velartrip.com\/it\/wp-json\/wp\/v2\/product"}],"about":[{"href":"https:\/\/velartrip.com\/it\/wp-json\/wp\/v2\/types\/product"}],"replies":[{"embeddable":true,"href":"https:\/\/velartrip.com\/it\/wp-json\/wp\/v2\/comments?post=16716"}],"wp:featuredmedia":[{"embeddable":true,"href":"https:\/\/velartrip.com\/it\/wp-json\/wp\/v2\/media\/16706"}],"wp:attachment":[{"href":"https:\/\/velartrip.com\/it\/wp-json\/wp\/v2\/media?parent=16716"}],"wp:term":[{"taxonomy":"product_brand","embeddable":true,"href":"https:\/\/velartrip.com\/it\/wp-json\/wp\/v2\/product_brand?post=16716"},{"taxonomy":"product_cat","embeddable":true,"href":"https:\/\/velartrip.com\/it\/wp-json\/wp\/v2\/product_cat?post=16716"},{"taxonomy":"product_tag","embeddable":true,"href":"https:\/\/velartrip.com\/it\/wp-json\/wp\/v2\/product_tag?post=16716"}],"curies":[{"name":"wp","href":"https:\/\/api.w.org\/{rel}","templated":true}]}}