{"id":6119,"date":"2020-03-19T16:45:22","date_gmt":"2020-03-19T16:45:22","guid":{"rendered":"https:\/\/velartrip.com\/?product=repose-pieds-br-barcelone"},"modified":"2022-05-31T15:35:16","modified_gmt":"2022-05-31T13:35:16","slug":"repose-pieds","status":"publish","type":"product","link":"https:\/\/velartrip.com\/it\/accessoires-pratiques\/repose-pieds\/","title":{"rendered":"Poggiapiedi Barcellona"},"content":{"rendered":"<h2 class=\"p1\">Abbiamo voluto sviluppare lo stesso concetto dell'amaca, ma questa volta per i piedi. \u00c8 un modo pratico per evitare il rischio di trombosi causato dalla seduta prolungata.<\/h2>\n<ul class=\"ul1\">\n<li class=\"li3\"><b> Pratico e facile:<\/b> Questo poggiapiedi \u00e8 stato attentamente progettato per essere facile da usare: basta agganciarlo al supporto di un tavolo o di una sedia e appoggiarci sopra i piedi.<\/li>\n<\/ul>\n<ul class=\"ul1\">\n<li class=\"li3\"><b>Nastro flessibile : <\/b>\u00a0Permette di regolare liberamente la lunghezza del poggiapiedi per sentirsi pi\u00f9 comodi.<\/li>\n<\/ul>\n<ul class=\"ul1\">\n<li class=\"li3\"><b>Materiale eccellente: <\/b>Realizzato in tessuto robusto e di alta qualit\u00e0 con una morbida imbottitura in cotone, \u00e8 morbido al tatto e di lunga durata. Aiuta efficacemente ad alleviare la fatica dei piedi e del corpo durante i voli, le lunghe distanze in metropolitana, in treno, in autobus, ecc.<\/li>\n<\/ul>\n<ul class=\"ul1\">\n<li class=\"li3\"><b>Nomade\u00a0<\/b>Facile da trasportare: pu\u00f2 essere ripiegato in modo da essere compatto e riposto nell'apposita borsa inclusa nella confezione. Leggero, pu\u00f2 essere utilizzato ovunque e in qualsiasi momento.<\/li>\n<\/ul>\n<p>Adatto a tutti i mezzi di trasporto: aereo, treno e auto.<\/p>","protected":false},"excerpt":{"rendered":"<p>On a voulu d\u00e9velopper le m\u00eame concept que le Hamac mais cette fois-ci pour les pieds. Bien pratique pour \u00e9viter les risques de thrombose engendr\u00e9e par une position assise prolong\u00e9e. Pratique et facile : Ce repose-pieds est soigneusement con\u00e7u pour une utilisation facile, il suffit de l&rsquo;accrocher au support d&rsquo;une table ou d&rsquo;un si\u00e8ge et&#8230;<\/p>","protected":false},"featured_media":13758,"comment_status":"open","ping_status":"closed","template":"","meta":{"_kad_blocks_custom_css":"","_kad_blocks_head_custom_js":"","_kad_blocks_body_custom_js":"","_kad_blocks_footer_custom_js":"","_kad_post_transparent":"","_kad_post_title":"","_kad_post_layout":"","_kad_post_sidebar_id":"","_kad_post_content_style":"","_kad_post_vertical_padding":"","_kad_post_feature":"","_kad_post_feature_position":"","_kad_post_header":false,"_kad_post_footer":false,"_kad_post_classname":""},"product_brand":[385],"product_cat":[386],"product_tag":[95,107],"class_list":{"0":"post-6119","1":"product","2":"type-product","3":"status-publish","4":"has-post-thumbnail","6":"product_brand-velartrip","7":"product_cat-accessoires-pratiques","8":"product_tag-avion","9":"product_tag-nomade","11":"first","12":"instock","13":"taxable","14":"shipping-taxable","15":"purchasable","16":"product-type-simple","17":"entry","18":"content-bg","19":"loop-entry"},"taxonomy_info":{"product_brand":[{"value":385,"label":"VelarTrip"}],"product_cat":[{"value":386,"label":"Accessoires Pratiques"}],"product_tag":[{"value":95,"label":"Avion"},{"value":107,"label":"Nomade"}]},"featured_image_src_large":["https:\/\/velartrip.com\/wp-content\/uploads\/2020\/03\/Sans-titre-33.jpg",800,800,false],"author_info":[],"comment_info":8,"_links":{"self":[{"href":"https:\/\/velartrip.com\/it\/wp-json\/wp\/v2\/product\/6119","targetHints":{"allow":["GET"]}}],"collection":[{"href":"https:\/\/velartrip.com\/it\/wp-json\/wp\/v2\/product"}],"about":[{"href":"https:\/\/velartrip.com\/it\/wp-json\/wp\/v2\/types\/product"}],"replies":[{"embeddable":true,"href":"https:\/\/velartrip.com\/it\/wp-json\/wp\/v2\/comments?post=6119"}],"wp:featuredmedia":[{"embeddable":true,"href":"https:\/\/velartrip.com\/it\/wp-json\/wp\/v2\/media\/13758"}],"wp:attachment":[{"href":"https:\/\/velartrip.com\/it\/wp-json\/wp\/v2\/media?parent=6119"}],"wp:term":[{"taxonomy":"product_brand","embeddable":true,"href":"https:\/\/velartrip.com\/it\/wp-json\/wp\/v2\/product_brand?post=6119"},{"taxonomy":"product_cat","embeddable":true,"href":"https:\/\/velartrip.com\/it\/wp-json\/wp\/v2\/product_cat?post=6119"},{"taxonomy":"product_tag","embeddable":true,"href":"https:\/\/velartrip.com\/it\/wp-json\/wp\/v2\/product_tag?post=6119"}],"curies":[{"name":"wp","href":"https:\/\/api.w.org\/{rel}","templated":true}]}}