{"id":6164,"date":"2020-03-19T18:13:55","date_gmt":"2020-03-19T18:13:55","guid":{"rendered":"https:\/\/velartrip.com\/?product=flacons-de-voyage-br-mahina"},"modified":"2025-04-05T23:36:15","modified_gmt":"2025-04-05T21:36:15","slug":"flacons-vides-de-voyage","status":"publish","type":"product","link":"https:\/\/velartrip.com\/it\/accessoires-voyage\/accessoires-beaute\/flacons-vides-de-voyage\/","title":{"rendered":"Bottiglie da viaggio vuote Mahina"},"content":{"rendered":"<h2 style=\"text-align: left;\">Per apparire sempre al meglio anche dall'altra parte del mondo! \ud83c\udf0d I flaconi vuoti da viaggio di Mahina vi permettono di portare con voi tutti i vostri prodotti di bellezza e di tenerli tutti in un unico posto.<\/h2>\n<ul>\n<li>Conformit\u00e0 agli standard in termini di <span style=\"text-decoration: underline;\">capacit\u00e0 dell'aviazione civile<\/span> (<strong>4*30ml)<\/strong><\/li>\n<\/ul>\n<ul>\n<li><strong>Semplicit\u00e0<\/strong> con un semplice movimento rotatorio!<\/li>\n<\/ul>\n<ul>\n<li><strong>Non pi\u00f9 grande<\/strong> a <strong>tazza isotermica<\/strong> ! (17cm*7cm)<\/li>\n<\/ul>\n<ul>\n<li>Innovativo e <span style=\"text-decoration: underline;\">adattarsi ad ogni vostro movimento<\/span><\/li>\n<\/ul>\n<p>&nbsp;<\/p>","protected":false},"excerpt":{"rendered":"<p>Sois toujours au top m\u00eame \u00e0 l&rsquo;autre bout du monde ! \ud83c\udf0d Les flacons vides de voyage Mahina vous permettent d&#8217;emmener et de regrouper tous vos produits de beaut\u00e9 au m\u00eame endroit. Respect des normes en termes de contenance de l&rsquo;aviation civile (4*30ml) Simplicit\u00e9 d&rsquo;utilisation par un simple mouvement rotatif ! Pas plus grand qu&rsquo;un&#8230;<\/p>","protected":false},"featured_media":13709,"comment_status":"open","ping_status":"closed","template":"","meta":{"_kad_blocks_custom_css":"","_kad_blocks_head_custom_js":"","_kad_blocks_body_custom_js":"","_kad_blocks_footer_custom_js":"","_kad_post_transparent":"","_kad_post_title":"","_kad_post_layout":"","_kad_post_sidebar_id":"","_kad_post_content_style":"","_kad_post_vertical_padding":"","_kad_post_feature":"","_kad_post_feature_position":"","_kad_post_header":false,"_kad_post_footer":false,"_kad_post_classname":""},"product_brand":[385],"product_cat":[396,404],"product_tag":[95,190],"class_list":{"0":"post-6164","1":"product","2":"type-product","3":"status-publish","4":"has-post-thumbnail","6":"product_brand-velartrip","7":"product_cat-accessoires-beaute","8":"product_cat-accessoires-voyage","9":"product_tag-avion","10":"product_tag-flacon-de-voyage","12":"first","13":"instock","14":"taxable","15":"shipping-taxable","16":"purchasable","17":"product-type-variable","18":"entry","19":"content-bg","20":"loop-entry"},"taxonomy_info":{"product_brand":[{"value":385,"label":"VelarTrip"}],"product_cat":[{"value":396,"label":"Mini Produits de Beaut\u00e9"},{"value":404,"label":"Accessoires de Voyage"}],"product_tag":[{"value":95,"label":"Avion"},{"value":190,"label":"Flacon De Voyage"}]},"featured_image_src_large":["https:\/\/velartrip.com\/wp-content\/uploads\/2022\/05\/192.jpg",800,800,false],"author_info":[],"comment_info":8,"_links":{"self":[{"href":"https:\/\/velartrip.com\/it\/wp-json\/wp\/v2\/product\/6164","targetHints":{"allow":["GET"]}}],"collection":[{"href":"https:\/\/velartrip.com\/it\/wp-json\/wp\/v2\/product"}],"about":[{"href":"https:\/\/velartrip.com\/it\/wp-json\/wp\/v2\/types\/product"}],"replies":[{"embeddable":true,"href":"https:\/\/velartrip.com\/it\/wp-json\/wp\/v2\/comments?post=6164"}],"wp:featuredmedia":[{"embeddable":true,"href":"https:\/\/velartrip.com\/it\/wp-json\/wp\/v2\/media\/13709"}],"wp:attachment":[{"href":"https:\/\/velartrip.com\/it\/wp-json\/wp\/v2\/media?parent=6164"}],"wp:term":[{"taxonomy":"product_brand","embeddable":true,"href":"https:\/\/velartrip.com\/it\/wp-json\/wp\/v2\/product_brand?post=6164"},{"taxonomy":"product_cat","embeddable":true,"href":"https:\/\/velartrip.com\/it\/wp-json\/wp\/v2\/product_cat?post=6164"},{"taxonomy":"product_tag","embeddable":true,"href":"https:\/\/velartrip.com\/it\/wp-json\/wp\/v2\/product_tag?post=6164"}],"curies":[{"name":"wp","href":"https:\/\/api.w.org\/{rel}","templated":true}]}}