{"id":6256,"date":"2020-04-12T15:53:23","date_gmt":"2020-04-12T15:53:23","guid":{"rendered":"https:\/\/velartrip.com\/?product=sacs-de-rangement-br-los-angeles"},"modified":"2022-05-30T15:24:13","modified_gmt":"2022-05-30T13:24:13","slug":"sacs-de-rangement-valise","status":"publish","type":"product","link":"https:\/\/velartrip.com\/it\/accessoires-pratiques\/sacs-de-rangement-valise\/","title":{"rendered":"Sacchetti di stoccaggio a Los Angeles"},"content":{"rendered":"<h2 style=\"text-align: left;\">Chi non ha mai sognato di avere i propri abiti senza pieghe e in ordine quando arriva a destinazione?<br \/>\n<strong>Scoprite i nostri sacchi di stoccaggio a Los Angeles!<\/strong><\/h2>\n<ul style=\"text-align: left;\">\n<li><strong>6 scomparti<\/strong> da <strong>diverse dimensioni<\/strong> adatto a tutti i tipi di abbigliamento\/accessori \ud83d\udccf<\/li>\n<\/ul>\n<ul style=\"text-align: left;\">\n<li>I vostri vestiti, <strong>sempre in ordine<\/strong> ! \ud83d\udc4c<\/li>\n<\/ul>\n<ul style=\"text-align: left;\">\n<li>Impugnatura ergonomica <span style=\"text-decoration: underline;\">facile da maneggiare<\/span> <em>(Lo usiamo per portare i nostri vestiti in lavanderia \ud83e\uddfa )<\/em><\/li>\n<\/ul>\n<ul style=\"text-align: left;\">\n<li>Un grande <strong>variet\u00e0 di colori<\/strong> per essere facilmente distinguibili.<\/li>\n<\/ul>\n<ul>\n<li style=\"text-align: left;\"><strong>CONSEGNA STANDARD GRATUITA<\/strong><\/li>\n<\/ul>","protected":false},"excerpt":{"rendered":"<p>Qui n&rsquo;a jamais r\u00eav\u00e9 d&rsquo;avoir ses v\u00eatements sans plis et bien rang\u00e9 au moment d&rsquo;arriver \u00e0 destination ? D\u00e9couvre nos sacs de rangement Los Angeles ! 6 compartiments de plusieurs tailles adapt\u00e9es \u00e0 tous types de v\u00eatements\/accessoires \ud83d\udccf Tes\u00a0v\u00eatements, toujours bien rang\u00e9s ! \ud83d\udc4c Une poign\u00e9e ergonomique pour \u00eatre facilement manipul\u00e9 (nous, elle est tr\u00e8s&#8230;<\/p>","protected":false},"featured_media":13662,"comment_status":"open","ping_status":"closed","template":"","meta":{"_kad_blocks_custom_css":"","_kad_blocks_head_custom_js":"","_kad_blocks_body_custom_js":"","_kad_blocks_footer_custom_js":"","_kad_post_transparent":"","_kad_post_title":"","_kad_post_layout":"","_kad_post_sidebar_id":"","_kad_post_content_style":"","_kad_post_vertical_padding":"","_kad_post_feature":"","_kad_post_feature_position":"","_kad_post_header":false,"_kad_post_footer":false,"_kad_post_classname":""},"product_brand":[385],"product_cat":[386],"product_tag":[93,107],"class_list":{"0":"post-6256","1":"product","2":"type-product","3":"status-publish","4":"has-post-thumbnail","6":"product_brand-velartrip","7":"product_cat-accessoires-pratiques","8":"product_tag-accessoire","9":"product_tag-nomade","11":"first","12":"instock","13":"taxable","14":"shipping-taxable","15":"purchasable","16":"product-type-variable","17":"entry","18":"content-bg","19":"loop-entry"},"taxonomy_info":{"product_brand":[{"value":385,"label":"VelarTrip"}],"product_cat":[{"value":386,"label":"Accessoires Pratiques"}],"product_tag":[{"value":93,"label":"Accessoire"},{"value":107,"label":"Nomade"}]},"featured_image_src_large":["https:\/\/velartrip.com\/wp-content\/uploads\/2022\/05\/167.jpg",800,800,false],"author_info":[],"comment_info":6,"_links":{"self":[{"href":"https:\/\/velartrip.com\/it\/wp-json\/wp\/v2\/product\/6256","targetHints":{"allow":["GET"]}}],"collection":[{"href":"https:\/\/velartrip.com\/it\/wp-json\/wp\/v2\/product"}],"about":[{"href":"https:\/\/velartrip.com\/it\/wp-json\/wp\/v2\/types\/product"}],"replies":[{"embeddable":true,"href":"https:\/\/velartrip.com\/it\/wp-json\/wp\/v2\/comments?post=6256"}],"wp:featuredmedia":[{"embeddable":true,"href":"https:\/\/velartrip.com\/it\/wp-json\/wp\/v2\/media\/13662"}],"wp:attachment":[{"href":"https:\/\/velartrip.com\/it\/wp-json\/wp\/v2\/media?parent=6256"}],"wp:term":[{"taxonomy":"product_brand","embeddable":true,"href":"https:\/\/velartrip.com\/it\/wp-json\/wp\/v2\/product_brand?post=6256"},{"taxonomy":"product_cat","embeddable":true,"href":"https:\/\/velartrip.com\/it\/wp-json\/wp\/v2\/product_cat?post=6256"},{"taxonomy":"product_tag","embeddable":true,"href":"https:\/\/velartrip.com\/it\/wp-json\/wp\/v2\/product_tag?post=6256"}],"curies":[{"name":"wp","href":"https:\/\/api.w.org\/{rel}","templated":true}]}}