{"id":6310,"date":"2020-04-13T15:18:42","date_gmt":"2020-04-13T15:18:42","guid":{"rendered":"https:\/\/velartrip.com\/?product=cadenas-de-voyage-br-helsinki"},"modified":"2022-05-30T10:19:37","modified_gmt":"2022-05-30T08:19:37","slug":"cadenas-sac-de-voyage","status":"publish","type":"product","link":"https:\/\/velartrip.com\/it\/accessoires-pratiques\/cadenas-sac-de-voyage\/","title":{"rendered":"Lucchetto da viaggio di Helsinki"},"content":{"rendered":"<h2>Un semplice lucchetto con codice, ma molto pratico! Non c'\u00e8 bisogno di tenere la chiave, e questo \u00e8 ci\u00f2 che ci piace di pi\u00f9. <\/h2>\n<ul>\n<li>La <strong>Standard TSA<\/strong> per viaggiare senza preoccupazioni sul suolo americano.<\/li>\n<\/ul>\n<ul>\n<li>Basta un codice da ricordare e il gioco \u00e8 fatto!<\/li>\n<\/ul>","protected":false},"excerpt":{"rendered":"<p>Un cadenas tout simple \u00e0 code mais bien pratique ! Pas besoin de conserver la cl\u00e9, et c&rsquo;est \u00e7a que l&rsquo;on pr\u00e9f\u00e8re. La norme TSA pour voyager sereinement sur le sol am\u00e9ricain. Un seul code \u00e0 retenir et le tour est jou\u00e9 !<\/p>","protected":false},"featured_media":13642,"comment_status":"open","ping_status":"closed","template":"","meta":{"_kad_blocks_custom_css":"","_kad_blocks_head_custom_js":"","_kad_blocks_body_custom_js":"","_kad_blocks_footer_custom_js":"","_kad_post_transparent":"","_kad_post_title":"","_kad_post_layout":"","_kad_post_sidebar_id":"","_kad_post_content_style":"","_kad_post_vertical_padding":"","_kad_post_feature":"","_kad_post_feature_position":"","_kad_post_header":false,"_kad_post_footer":false,"_kad_post_classname":""},"product_brand":[385],"product_cat":[386],"product_tag":[141],"class_list":{"0":"post-6310","1":"product","2":"type-product","3":"status-publish","4":"has-post-thumbnail","6":"product_brand-velartrip","7":"product_cat-accessoires-pratiques","8":"product_tag-securite","10":"first","11":"instock","12":"taxable","13":"shipping-taxable","14":"purchasable","15":"product-type-simple","16":"entry","17":"content-bg","18":"loop-entry"},"taxonomy_info":{"product_brand":[{"value":385,"label":"VelarTrip"}],"product_cat":[{"value":386,"label":"Accessoires Pratiques"}],"product_tag":[{"value":141,"label":"S\u00e9curit\u00e9"}]},"featured_image_src_large":["https:\/\/velartrip.com\/wp-content\/uploads\/2022\/05\/4000341490691_images_62947de9a833d_1.jpg",800,800,false],"author_info":[],"comment_info":6,"_links":{"self":[{"href":"https:\/\/velartrip.com\/it\/wp-json\/wp\/v2\/product\/6310","targetHints":{"allow":["GET"]}}],"collection":[{"href":"https:\/\/velartrip.com\/it\/wp-json\/wp\/v2\/product"}],"about":[{"href":"https:\/\/velartrip.com\/it\/wp-json\/wp\/v2\/types\/product"}],"replies":[{"embeddable":true,"href":"https:\/\/velartrip.com\/it\/wp-json\/wp\/v2\/comments?post=6310"}],"wp:featuredmedia":[{"embeddable":true,"href":"https:\/\/velartrip.com\/it\/wp-json\/wp\/v2\/media\/13642"}],"wp:attachment":[{"href":"https:\/\/velartrip.com\/it\/wp-json\/wp\/v2\/media?parent=6310"}],"wp:term":[{"taxonomy":"product_brand","embeddable":true,"href":"https:\/\/velartrip.com\/it\/wp-json\/wp\/v2\/product_brand?post=6310"},{"taxonomy":"product_cat","embeddable":true,"href":"https:\/\/velartrip.com\/it\/wp-json\/wp\/v2\/product_cat?post=6310"},{"taxonomy":"product_tag","embeddable":true,"href":"https:\/\/velartrip.com\/it\/wp-json\/wp\/v2\/product_tag?post=6310"}],"curies":[{"name":"wp","href":"https:\/\/api.w.org\/{rel}","templated":true}]}}