{"id":6318,"date":"2020-04-13T17:19:59","date_gmt":"2020-04-13T17:19:59","guid":{"rendered":"https:\/\/velartrip.com\/?product=etiquette-bagage-br-do-not-touch-my-luggage"},"modified":"2022-08-03T11:18:03","modified_gmt":"2022-08-03T09:18:03","slug":"etiquette-bagage-avion-fluo","status":"publish","type":"product","link":"https:\/\/velartrip.com\/it\/accessoires-pour-valise\/etiquettes-bagages\/etiquette-bagage-avion-fluo\/","title":{"rendered":"Etichetta \"Non toccare il mio bagaglio"},"content":{"rendered":"<p>&nbsp;<\/p>\n<h2>Chiaro e preciso per tutti! Almeno nessuno si avviciner\u00e0 alla vostra valigia con questa etichetta per bagagli!<\/h2>\n<p>&nbsp;<\/p>\n<ul>\n<li><strong>Identificare e trovare<\/strong>\u00a0il vostro bagaglio facilmente<\/li>\n<li><strong>Si attacca rapidamente<\/strong>\u00a0con facilit\u00e0.<\/li>\n<li>Progettato per\u00a0<strong>tutti i tipi di bagagli<\/strong>(mani, borsa da viaggio, valigia a mano, zaino, ecc.)<\/li>\n<li>Composizione: pelle sintetica<\/li>\n<\/ul>\n<h3 style=\"text-align: center\"><span style=\"color: #82d5c7\">Perch\u00e9 etichettare le valigie?<\/span><\/h3>\n<p>Se desiderate :<\/p>\n<p>\u2705 Viaggiare in treno, nave o aereo.<\/p>\n<p>\u2705\u00a0<strong>Distinguere le valigie<\/strong>\u00a0altri viaggiatori sul nastro dei bagagli<\/p>\n<p>\u2705 <strong>Trovare la strada pi\u00f9 facilmente<\/strong>t una valigia smarrita (anche se non ve lo auguriamo!)<\/p>\n<p>\u2705 Essere <strong>in conformit\u00e0 con le normative<\/strong> aeroporto\u00a0<span data-mce-fragment=\"1\">internazionale<\/span><\/p>\n<p><span data-mce-fragment=\"1\">\u2705 <strong>Evitare la distruzione<\/strong> dalle autorit\u00e0 della vostra valigia incustodita.<\/span><\/p>\n<p><span data-mce-fragment=\"1\">In questo caso, \u00e8 necessaria un'etichetta per i bagagli.<\/span><\/p>\n<h3 style=\"text-align: center\"><span style=\"color: #db7c46\" data-mce-fragment=\"1\">Come scegliere l'etichetta del bagaglio?<\/span><\/h3>\n<p><span data-mce-fragment=\"1\">Questo \u00e8 senza dubbio l'accessorio da viaggio pi\u00f9 facile da scegliere, poich\u00e9 dipender\u00e0 da <strong>solo il vostro gusto per il design<\/strong> !<\/span><\/p>\n<p><span data-mce-fragment=\"1\">Per il resto, ogni etichetta ha pi\u00f9 o meno <strong>gli stessi campi da compilare<\/strong>in altre parole:<\/span><\/p>\n<ul>\n<li><span data-mce-fragment=\"1\">nome e cognome<\/span><\/li>\n<li><span data-mce-fragment=\"1\">indirizzo postale\u00a0<\/span><\/li>\n<li><span data-mce-fragment=\"1\">il numero di telefono\u00a0<\/span><\/li>\n<li><span data-mce-fragment=\"1\">indirizzo e-mail<\/span><\/li>\n<\/ul>","protected":false},"excerpt":{"rendered":"<p>&nbsp; Chiaro, pulito e preciso per tutti! Almeno nessuno si avviciner\u00e0 alla tua valigia con quell&#039;etichetta!  Identifica e trova facilmente il tuo bagaglio. Si fissa in modo rapido e semplice. Progettato per tutti i tipi di bagaglio (bagaglio a mano, borsone da viaggio, valigia da cabina, zaino, ecc.) Composizione: pelle sintetica Perch\u00e9 etichettare le valigie?\u2026<\/p>","protected":false},"featured_media":13637,"comment_status":"open","ping_status":"closed","template":"","meta":{"_kad_blocks_custom_css":"","_kad_blocks_head_custom_js":"","_kad_blocks_body_custom_js":"","_kad_blocks_footer_custom_js":"","_kad_post_transparent":"","_kad_post_title":"","_kad_post_layout":"","_kad_post_sidebar_id":"","_kad_post_content_style":"","_kad_post_vertical_padding":"","_kad_post_feature":"","_kad_post_feature_position":"","_kad_post_header":false,"_kad_post_footer":false,"_kad_post_classname":""},"product_brand":[385],"product_cat":[618,397],"product_tag":[143],"class_list":{"0":"post-6318","1":"product","2":"type-product","3":"status-publish","4":"has-post-thumbnail","6":"product_brand-velartrip","7":"product_cat-accessoires-pour-valise","8":"product_cat-etiquettes-bagages","9":"product_tag-fun","11":"first","12":"instock","13":"taxable","14":"shipping-taxable","15":"purchasable","16":"product-type-simple","17":"entry","18":"content-bg","19":"loop-entry"},"taxonomy_info":{"product_brand":[{"value":385,"label":"VelarTrip"}],"product_cat":[{"value":618,"label":"Accessoires pour Valise"},{"value":397,"label":"\u00c9tiquette Bagage"}],"product_tag":[{"value":143,"label":"Fun"}]},"featured_image_src_large":["https:\/\/velartrip.com\/wp-content\/uploads\/2022\/05\/Sans-titre-20.jpg",800,800,false],"author_info":[],"comment_info":6,"_links":{"self":[{"href":"https:\/\/velartrip.com\/it\/wp-json\/wp\/v2\/product\/6318","targetHints":{"allow":["GET"]}}],"collection":[{"href":"https:\/\/velartrip.com\/it\/wp-json\/wp\/v2\/product"}],"about":[{"href":"https:\/\/velartrip.com\/it\/wp-json\/wp\/v2\/types\/product"}],"replies":[{"embeddable":true,"href":"https:\/\/velartrip.com\/it\/wp-json\/wp\/v2\/comments?post=6318"}],"wp:featuredmedia":[{"embeddable":true,"href":"https:\/\/velartrip.com\/it\/wp-json\/wp\/v2\/media\/13637"}],"wp:attachment":[{"href":"https:\/\/velartrip.com\/it\/wp-json\/wp\/v2\/media?parent=6318"}],"wp:term":[{"taxonomy":"product_brand","embeddable":true,"href":"https:\/\/velartrip.com\/it\/wp-json\/wp\/v2\/product_brand?post=6318"},{"taxonomy":"product_cat","embeddable":true,"href":"https:\/\/velartrip.com\/it\/wp-json\/wp\/v2\/product_cat?post=6318"},{"taxonomy":"product_tag","embeddable":true,"href":"https:\/\/velartrip.com\/it\/wp-json\/wp\/v2\/product_tag?post=6318"}],"curies":[{"name":"wp","href":"https:\/\/api.w.org\/{rel}","templated":true}]}}