{"id":6326,"date":"2020-04-15T22:19:54","date_gmt":"2020-04-15T22:19:54","guid":{"rendered":"https:\/\/velartrip.com\/?product=etiquette-bagage-br-away-we-go-beige"},"modified":"2025-11-27T15:04:28","modified_gmt":"2025-11-27T14:04:28","slug":"etiquette-bagage-avion-beige","status":"publish","type":"product","link":"https:\/\/velartrip.com\/it\/accessoires-pour-valise\/etiquettes-bagages\/etiquette-bagage-avion-beige\/","title":{"rendered":"Etichette per bagagli beige Away We Go"},"content":{"rendered":"<p>&nbsp;<\/p>\n<h2>Parti per un&#039;avventura con il nostro porta-bagagli beige Away We Go!<\/h2>\n<p>&nbsp;<\/p>\n<ul>\n<li><strong>Identificare e trovare<\/strong>\u00a0il vostro bagaglio facilmente<\/li>\n<li><strong>Si attacca rapidamente<\/strong>\u00a0con facilit\u00e0.<\/li>\n<li>Progettato per\u00a0<strong>tutti i tipi di bagagli<\/strong>(mani, borsa da viaggio, valigia a mano, zaino, ecc.)<\/li>\n<li>Composizione: pelle sintetica<\/li>\n<\/ul>\n<h3 style=\"text-align: center\"><span style=\"color: #82d5c7\">Perch\u00e9 etichettare le valigie?<\/span><\/h3>\n<p>Se desiderate :<\/p>\n<p>\u2705 Viaggiare in treno, nave o aereo.<\/p>\n<p>\u2705\u00a0<strong>Distinguere le valigie<\/strong>\u00a0altri viaggiatori sul nastro dei bagagli<\/p>\n<p>\u2705 <strong>Trovare la strada pi\u00f9 facilmente<\/strong>t una valigia smarrita (anche se non ve lo auguriamo!)<\/p>\n<p>\u2705 Essere <strong>in conformit\u00e0 con le normative<\/strong> aeroporto\u00a0<span data-mce-fragment=\"1\">internazionale<\/span><\/p>\n<p><span data-mce-fragment=\"1\">\u2705 <strong>Evitare la distruzione<\/strong> dalle autorit\u00e0 della vostra valigia incustodita.<\/span><\/p>\n<p><span data-mce-fragment=\"1\">In questo caso, \u00e8 necessaria un'etichetta per i bagagli.<\/span><\/p>\n<h3 style=\"text-align: center\"><span style=\"color: #db7c46\" data-mce-fragment=\"1\">Come scegliere l'etichetta del bagaglio?<\/span><\/h3>\n<p><span data-mce-fragment=\"1\">Questo \u00e8 senza dubbio l'accessorio da viaggio pi\u00f9 facile da scegliere, poich\u00e9 dipender\u00e0 da <strong>solo il vostro gusto per il design<\/strong> !<\/span><\/p>\n<p><span data-mce-fragment=\"1\">Per il resto, ogni etichetta ha pi\u00f9 o meno <strong>gli stessi campi da compilare<\/strong>in altre parole:<\/span><\/p>\n<ul>\n<li><span data-mce-fragment=\"1\">nome e cognome<\/span><\/li>\n<li><span data-mce-fragment=\"1\">indirizzo postale\u00a0<\/span><\/li>\n<li><span data-mce-fragment=\"1\">il numero di telefono\u00a0<\/span><\/li>\n<li><span data-mce-fragment=\"1\">indirizzo e-mail<\/span><\/li>\n<\/ul>","protected":false},"excerpt":{"rendered":"<p>&nbsp; Pars pour l&rsquo;aventure avec notre \u00e9tiquette de bagage away we go de couleur beige ! &nbsp; Identifiez et retrouvez\u00a0facilement\u00a0vos bagages S&rsquo;attache rapidement\u00a0et facilement. Con\u00e7u pour\u00a0tous types de bagages (mains, sac de voyage, valise cabine, sac \u00e0 dos&#8230;) Composition : cuir synth\u00e9tique Pourquoi \u00e9tiqueter ses valises ? Si vous souhaitez : \u2705\u00a0Voyager en train, bateau&#8230;<\/p>","protected":false},"featured_media":13627,"comment_status":"open","ping_status":"closed","template":"","meta":{"_kad_blocks_custom_css":"","_kad_blocks_head_custom_js":"","_kad_blocks_body_custom_js":"","_kad_blocks_footer_custom_js":"","_kad_post_transparent":"","_kad_post_title":"","_kad_post_layout":"","_kad_post_sidebar_id":"","_kad_post_content_style":"","_kad_post_vertical_padding":"","_kad_post_feature":"","_kad_post_feature_position":"","_kad_post_header":false,"_kad_post_footer":false,"_kad_post_classname":""},"product_brand":[385],"product_cat":[618,397],"product_tag":[95,153],"class_list":{"0":"post-6326","1":"product","2":"type-product","3":"status-publish","4":"has-post-thumbnail","6":"product_brand-velartrip","7":"product_cat-accessoires-pour-valise","8":"product_cat-etiquettes-bagages","9":"product_tag-avion","10":"product_tag-phrase","12":"first","13":"instock","14":"taxable","15":"shipping-taxable","16":"purchasable","17":"product-type-simple","18":"entry","19":"content-bg","20":"loop-entry"},"taxonomy_info":{"product_brand":[{"value":385,"label":"VelarTrip"}],"product_cat":[{"value":618,"label":"Accessoires pour Valise"},{"value":397,"label":"\u00c9tiquette Bagage"}],"product_tag":[{"value":95,"label":"Avion"},{"value":153,"label":"Phrase"}]},"featured_image_src_large":["https:\/\/velartrip.com\/wp-content\/uploads\/2022\/05\/144.jpg",800,800,false],"author_info":[],"comment_info":5,"_links":{"self":[{"href":"https:\/\/velartrip.com\/it\/wp-json\/wp\/v2\/product\/6326","targetHints":{"allow":["GET"]}}],"collection":[{"href":"https:\/\/velartrip.com\/it\/wp-json\/wp\/v2\/product"}],"about":[{"href":"https:\/\/velartrip.com\/it\/wp-json\/wp\/v2\/types\/product"}],"replies":[{"embeddable":true,"href":"https:\/\/velartrip.com\/it\/wp-json\/wp\/v2\/comments?post=6326"}],"wp:featuredmedia":[{"embeddable":true,"href":"https:\/\/velartrip.com\/it\/wp-json\/wp\/v2\/media\/13627"}],"wp:attachment":[{"href":"https:\/\/velartrip.com\/it\/wp-json\/wp\/v2\/media?parent=6326"}],"wp:term":[{"taxonomy":"product_brand","embeddable":true,"href":"https:\/\/velartrip.com\/it\/wp-json\/wp\/v2\/product_brand?post=6326"},{"taxonomy":"product_cat","embeddable":true,"href":"https:\/\/velartrip.com\/it\/wp-json\/wp\/v2\/product_cat?post=6326"},{"taxonomy":"product_tag","embeddable":true,"href":"https:\/\/velartrip.com\/it\/wp-json\/wp\/v2\/product_tag?post=6326"}],"curies":[{"name":"wp","href":"https:\/\/api.w.org\/{rel}","templated":true}]}}