{"id":7169,"date":"2020-06-14T20:13:19","date_gmt":"2020-06-14T20:13:19","guid":{"rendered":"https:\/\/velartrip.com\/?product=protege-passeport-br-stripe"},"modified":"2022-08-03T11:10:00","modified_gmt":"2022-08-03T09:10:00","slug":"protege-passeport-noir-et-blanc","status":"publish","type":"product","link":"https:\/\/velartrip.com\/it\/accessoires-pour-valise\/protege-passeports\/protege-passeport-noir-et-blanc\/","title":{"rendered":"Copri passaporto a righe"},"content":{"rendered":"<h2>Un design elegante e discreto per viaggiare ai 4 angoli del mondo con stile!<\/h2>\n<ul>\n<li><strong>Copertura perfetta<\/strong> il passaporto.<\/li>\n<li>Ideale per prevenire schizzi e cadute.<\/li>\n<li>Composizione: sintetico.<\/li>\n<\/ul>\n<div class=\"detailmodule_html\">\n<div class=\"detail-desc-decorate-richtext\"><\/div>\n<\/div>\n<div class=\"detailmodule_text\"><\/div>","protected":false},"excerpt":{"rendered":"<p>Un design chic et discret pour\u00a0voyager aux 4 coins du monde avec style ! Couvre parfaitement ton passeport. Id\u00e9al contre les risques d&rsquo;\u00e9claboussures et de chutes. Composition : synth\u00e9tique.<\/p>","protected":false},"featured_media":13302,"comment_status":"open","ping_status":"closed","template":"","meta":{"_kad_blocks_custom_css":"","_kad_blocks_head_custom_js":"","_kad_blocks_body_custom_js":"","_kad_blocks_footer_custom_js":"","_kad_post_transparent":"","_kad_post_title":"","_kad_post_layout":"","_kad_post_sidebar_id":"","_kad_post_content_style":"","_kad_post_vertical_padding":"","_kad_post_feature":"","_kad_post_feature_position":"","_kad_post_header":false,"_kad_post_footer":false,"_kad_post_classname":""},"product_brand":[385],"product_cat":[618,395],"product_tag":[],"class_list":{"0":"post-7169","1":"product","2":"type-product","3":"status-publish","4":"has-post-thumbnail","6":"product_brand-velartrip","7":"product_cat-accessoires-pour-valise","8":"product_cat-protege-passeports","10":"first","11":"instock","12":"taxable","13":"shipping-taxable","14":"purchasable","15":"product-type-simple","16":"entry","17":"content-bg","18":"loop-entry"},"taxonomy_info":{"product_brand":[{"value":385,"label":"VelarTrip"}],"product_cat":[{"value":618,"label":"Accessoires pour Valise"},{"value":395,"label":"Prot\u00e8ge-Passeports"}]},"featured_image_src_large":["https:\/\/velartrip.com\/wp-content\/uploads\/2022\/04\/1005001617842714_images_626d3530606df_1.webp",800,800,false],"author_info":[],"comment_info":5,"_links":{"self":[{"href":"https:\/\/velartrip.com\/it\/wp-json\/wp\/v2\/product\/7169","targetHints":{"allow":["GET"]}}],"collection":[{"href":"https:\/\/velartrip.com\/it\/wp-json\/wp\/v2\/product"}],"about":[{"href":"https:\/\/velartrip.com\/it\/wp-json\/wp\/v2\/types\/product"}],"replies":[{"embeddable":true,"href":"https:\/\/velartrip.com\/it\/wp-json\/wp\/v2\/comments?post=7169"}],"wp:featuredmedia":[{"embeddable":true,"href":"https:\/\/velartrip.com\/it\/wp-json\/wp\/v2\/media\/13302"}],"wp:attachment":[{"href":"https:\/\/velartrip.com\/it\/wp-json\/wp\/v2\/media?parent=7169"}],"wp:term":[{"taxonomy":"product_brand","embeddable":true,"href":"https:\/\/velartrip.com\/it\/wp-json\/wp\/v2\/product_brand?post=7169"},{"taxonomy":"product_cat","embeddable":true,"href":"https:\/\/velartrip.com\/it\/wp-json\/wp\/v2\/product_cat?post=7169"},{"taxonomy":"product_tag","embeddable":true,"href":"https:\/\/velartrip.com\/it\/wp-json\/wp\/v2\/product_tag?post=7169"}],"curies":[{"name":"wp","href":"https:\/\/api.w.org\/{rel}","templated":true}]}}