{"id":7670,"date":"2020-08-08T19:06:47","date_gmt":"2020-08-08T19:06:47","guid":{"rendered":"https:\/\/velartrip.com\/?product=protege-passeport-br-chat"},"modified":"2024-12-04T09:30:28","modified_gmt":"2024-12-04T08:30:28","slug":"protege-passeport-chat","status":"publish","type":"product","link":"https:\/\/velartrip.com\/it\/accessoires-pour-valise\/protege-passeports\/protege-passeport-chat\/","title":{"rendered":"Copri passaporto per gatti"},"content":{"rendered":"<h2>Una buona frappa ghiacciata per affrontare il caldo! In ogni caso, \u00e8 convalidata dal nostro gatto L\u00e9on, che si pu\u00f2 vedere sulla copertina del nostro passaporto estivo \ud83d\udc31<\/h2>\n<ul>\n<li><strong>Copertura perfetta<\/strong>\u00a0il passaporto.<\/li>\n<li>Ideale per prevenire schizzi e cadute.<\/li>\n<li>Composizione: sintetico.<\/li>\n<\/ul>","protected":false},"excerpt":{"rendered":"<p>Un delizioso frapp\u00e8 ghiacciato per combattere il caldo! In ogni caso, \u00e8 convalidato dal nostro gatto L\u00e9on, visibile sulla nostra copertina per passaporto Summer Cat \ud83d\udc31 Copre perfettamente il tuo passaporto. Ideale contro il rischio di schizzi e cadute. Composizione: sintetico.<\/p>","protected":false},"featured_media":13281,"comment_status":"open","ping_status":"closed","template":"","meta":{"_kad_blocks_custom_css":"","_kad_blocks_head_custom_js":"","_kad_blocks_body_custom_js":"","_kad_blocks_footer_custom_js":"","_kad_post_transparent":"","_kad_post_title":"","_kad_post_layout":"","_kad_post_sidebar_id":"","_kad_post_content_style":"","_kad_post_vertical_padding":"","_kad_post_feature":"","_kad_post_feature_position":"","_kad_post_header":false,"_kad_post_footer":false,"_kad_post_classname":""},"product_brand":[385],"product_cat":[395,618],"product_tag":[180],"class_list":{"0":"post-7670","1":"product","2":"type-product","3":"status-publish","4":"has-post-thumbnail","6":"product_brand-velartrip","7":"product_cat-protege-passeports","8":"product_cat-accessoires-pour-valise","9":"product_tag-chat","11":"first","12":"instock","13":"taxable","14":"shipping-taxable","15":"purchasable","16":"product-type-simple","17":"entry","18":"content-bg","19":"loop-entry"},"taxonomy_info":{"product_brand":[{"value":385,"label":"VelarTrip"}],"product_cat":[{"value":395,"label":"Prot\u00e8ge-Passeports"},{"value":618,"label":"Accessoires pour Valise"}],"product_tag":[{"value":180,"label":"Chat"}]},"featured_image_src_large":["https:\/\/velartrip.com\/wp-content\/uploads\/2020\/08\/Sans-titre-60.jpg",800,800,false],"author_info":[],"comment_info":5,"_links":{"self":[{"href":"https:\/\/velartrip.com\/it\/wp-json\/wp\/v2\/product\/7670","targetHints":{"allow":["GET"]}}],"collection":[{"href":"https:\/\/velartrip.com\/it\/wp-json\/wp\/v2\/product"}],"about":[{"href":"https:\/\/velartrip.com\/it\/wp-json\/wp\/v2\/types\/product"}],"replies":[{"embeddable":true,"href":"https:\/\/velartrip.com\/it\/wp-json\/wp\/v2\/comments?post=7670"}],"wp:featuredmedia":[{"embeddable":true,"href":"https:\/\/velartrip.com\/it\/wp-json\/wp\/v2\/media\/13281"}],"wp:attachment":[{"href":"https:\/\/velartrip.com\/it\/wp-json\/wp\/v2\/media?parent=7670"}],"wp:term":[{"taxonomy":"product_brand","embeddable":true,"href":"https:\/\/velartrip.com\/it\/wp-json\/wp\/v2\/product_brand?post=7670"},{"taxonomy":"product_cat","embeddable":true,"href":"https:\/\/velartrip.com\/it\/wp-json\/wp\/v2\/product_cat?post=7670"},{"taxonomy":"product_tag","embeddable":true,"href":"https:\/\/velartrip.com\/it\/wp-json\/wp\/v2\/product_tag?post=7670"}],"curies":[{"name":"wp","href":"https:\/\/api.w.org\/{rel}","templated":true}]}}