{"id":7856,"date":"2020-10-09T18:12:33","date_gmt":"2020-10-09T18:12:33","guid":{"rendered":"https:\/\/velartrip.com\/?product=housse-de-valise-br-astronaute"},"modified":"2024-12-04T09:30:07","modified_gmt":"2024-12-04T08:30:07","slug":"housse-valise-astronaute","status":"publish","type":"product","link":"https:\/\/velartrip.com\/it\/accessoires-pour-valise\/housse-de-valise\/housse-valise-astronaute\/","title":{"rendered":"Coprivaligia astronauta"},"content":{"rendered":"<h2>Vi siete mai chiesti cosa c'\u00e8 sopra le nuvole? Nel complesso, il nostro coprivaligia per astronauti vi proietter\u00e0 nello spazio con eleganza e semplicit\u00e0.<\/h2>\n<ul>\n<li><strong><span style=\"text-decoration: underline;\">Adatto alle valigie 99%<\/span> <\/strong>con 2 o 4 ruote.<\/li>\n<li><strong>Due aperture previste<\/strong> per il manico telescopico e\/o il manico singolo.<\/li>\n<li>Non c'\u00e8 pi\u00f9 il rischio che i vostri beni vengano rubati, <strong>le cerniere sono protette<\/strong> dalla nostra copertina<\/li>\n<li>Niente pi\u00f9 pellicole di plastica monouso a prezzi esorbitanti: le nostre coperture si ripagano da sole gi\u00e0 al primo viaggio.<\/li>\n<li><strong>Lavabile a 30\u00b0C e riutilizzabile<\/strong>il pianeta sar\u00e0 migliore! \u267b\ufe0f<\/li>\n<\/ul>\n<p style=\"text-align: center;\">\ud83d\udccf Consultare la guida alle taglie per scegliere il coprivaligia pi\u00f9 adatto alla propria taglia \ud83d\udccf<\/p>\n<p class=\"p1\">Siete scettici sull'utilizzo di un coprivaligia? Non siete sicuri che la vostra valigia sia compatibile con questo accessorio?<\/p>\n<p class=\"p2\">Siamo specializzati in questo settore e vi spieghiamo tutto qui di seguito!<\/p>\n<h2 class=\"p2\">A cosa serve una copertura protettiva per una valigia?<\/h2>\n<p class=\"p2\">Come tutti sappiamo, con oltre 36,7 milioni di voli all'anno, ci possono essere delle falle nella sicurezza dei bagagli...<\/p>\n<p class=\"p2\">Nel migliore dei casi, il vostro <strong>valigia<\/strong> pu\u00f2 essere<strong> semplicemente maltrattato<\/strong>Ma nel peggiore dei casi, potreste essere esposti a due rischi principali:<\/p>\n<ul class=\"ul1\">\n<li class=\"li1\">Le <strong>volo<\/strong> i vostri effetti personali<\/li>\n<li class=\"li1\">La <strong>perdita<\/strong> il vostro bagaglio<\/li>\n<\/ul>\n<p class=\"p1\">Noi di VelarTrip non vogliamo che questo accada!<\/p>\n<p class=\"p2\">Ecco perch\u00e9 oggi troverete la pi\u00f9 ampia scelta di coprivaligie in poliestere sul mercato.<\/p>\n<h3 class=\"p2\">Perch\u00e9 abbiamo scelto il poliestere?<\/h3>\n<p class=\"p2\">Semplicemente perch\u00e9, a tutt'oggi, \u00e8 il <strong>il materiale pi\u00f9 sicuro<\/strong> e pi\u00f9 flessibile per adattarsi alle dimensioni della valigia 95%.<\/p>\n<p class=\"p2\">L'altro vantaggio \u00e8 che il <strong>poliestere<\/strong> \u00e8 un materiale che <strong>pu\u00f2 essere lavato<\/strong> Risparmierete un sacco di soldi rispetto a chi usa la pellicola di plastica!<\/p>\n<h3 class=\"p2\">La mia valigia pu\u00f2 essere fissata con una delle vostre coperture protettive?<\/h3>\n<p class=\"p2\">Se avete un <strong>valigia rigida con 4 ruote<\/strong> e un manico telescopico, \u00e8 molto probabile che la vostra valigia sia compatibile!<\/p>\n<p class=\"p2\">Le borse e gli zaini da viaggio, invece, non sono adattabili.<\/p>\n<p class=\"p2\">Per ulteriori informazioni, visitare il sito <span style=\"text-decoration: underline;\"><a title=\"Guida alle dimensioni\" href=\"https:\/\/velartrip.com\/wp-content\/uploads\/2021\/05\/Guide-des-tailles-velartrip.png\" target=\"_blank\" rel=\"noopener\">la nostra guida alle taglie<\/a><\/span> le dimensioni della vostra valigia e, soprattutto, verificate che la maniglia laterale sia a sinistra, perch\u00e9 alcuni modelli potrebbero non essere adatti.<\/p>\n<h3 class=\"p2\">In pratica, come viene protetta la mia valigia?<\/h3>\n<p class=\"p2\">Il coprivaligia si infila sopra la parte superiore e pu\u00f2 essere dotato di cerniere e cinghie per garantire un'aderenza ottimale.<strong> tenuta sicura<\/strong> durante il viaggio.<\/p>\n<p class=\"p2\">Una volta completata questa operazione, la vostra valigia sar\u00e0 <strong>100% protetto<\/strong> contro urti e graffi.<\/p>\n<p>&nbsp;<\/p>\n<h2 style=\"text-align: center;\"><span style=\"color: #ec7f01;\">Perch\u00e9 scegliere un coprivaligia?<\/span><\/h2>\n<p class=\"p1\">Siete scettici sull'uso di un coprivaligia? Non siete sicuri che il vostro <strong>caso sar\u00e0 compatibile<\/strong> con questo accessorio?<\/p>\n<p class=\"p2\">Siamo specializzati in questo settore e vi spieghiamo tutto qui di seguito!<\/p>\n<p>&nbsp;<\/p>\n<p>Come tutti sappiamo, con pi\u00f9 di 36,7 milioni di voli all'anno <strong>la sicurezza del vostro bagaglio<\/strong> pu\u00f2 essere difettoso...<\/p>\n<div style=\"text-align: left;\"><img decoding=\"async\" style=\"float: none;\" src=\"https:\/\/velartrip.com\/wp-content\/uploads\/content\/bagages_dechires.jpg\" alt=\"bagagli danneggiati\" \/><\/div>\n<p>Se desiderate :<\/p>\n<ul>\n<li><strong>Proteggere<\/strong> il tuo <strong>oggetti personali<\/strong> in modo efficiente<\/li>\n<li><strong>Scoraggiare<\/strong> da <strong>tentativi di furto<\/strong><\/li>\n<li><strong>Identificare<\/strong> pi\u00f9 facilmente <strong>la tua valigia<\/strong> sulla giostra dei bagagli<\/li>\n<\/ul>\n<p>Allora un coprivaligia \u00e8 proprio quello che vi serve! Niente pi\u00f9 :<\/p>\n<ul>\n<li>Valigie aperte all'arrivo<\/li>\n<li>Valigie graffiate, ammaccate o strappate<\/li>\n<\/ul>\n<p>D'ora in poi la stiva di un aereo non sar\u00e0 pi\u00f9 un problema per voi!<\/p>\n<h3><\/h3>\n<h3><span style=\"text-decoration: underline;\">Perch\u00e9 abbiamo scelto il poliestere?<\/span><\/h3>\n<p class=\"p2\">Semplicemente perch\u00e9, a tutt'oggi, \u00e8 il <strong>il materiale pi\u00f9 sicuro<\/strong> e il pi\u00f9 flessibile per <strong>Adatto a 99%<\/strong> dimensioni della valigia.<\/p>\n<p class=\"p2\">L'altro vantaggio \u00e8 che il <strong>poliestere<\/strong> \u00e8 un materiale che <strong>pu\u00f2 essere lavato<\/strong> Risparmierete un sacco di soldi rispetto a chi usa la pellicola di plastica!<\/p>\n<p class=\"p2\">A titolo informativo, per un volo di andata e ritorno, una pellicola di plastica costa quanto un coprivaligia...<\/p>\n<p class=\"p2\">Il tuo <strong>La copertura rispetta l'ambiente e lo sviluppo sostenibile.<\/strong><\/p>\n<div style=\"text-align: left;\"><img decoding=\"async\" style=\"float: none;\" src=\"https:\/\/velartrip.com\/wp-content\/uploads\/content\/films_plastiques_ou_housses_de_valise.png\" alt=\"pellicole di plastica o coperture per valigie\" \/><\/div>\n<h3 class=\"p2\"><\/h3>\n<h3 class=\"p2\"><\/h3>\n<h3 class=\"p2\"><span style=\"text-decoration: underline;\">La mia valigia \u00e8 compatibile con una delle vostre coperture protettive?<\/span><\/h3>\n<p class=\"p2\">Se avete un <strong>valigia rigida con 2 o 4 ruote<\/strong> e un manico telescopico, \u00e8 molto probabile che la vostra valigia sia compatibile!<\/p>\n<p class=\"p2\">Le borse da viaggio e gli zaini, invece, non sono adattabili.<\/p>\n<p class=\"p2\">Per ulteriori informazioni, visitare il sito <span style=\"text-decoration: underline;\"><a title=\"Guida alle dimensioni\" href=\"https:\/\/velartrip.com\/wp-content\/uploads\/2021\/05\/Guide-des-tailles-velartrip.png\" target=\"_blank\" rel=\"noopener\">la nostra guida alle taglie<\/a><\/span> per scegliere le dimensioni giuste per la vostra valigia e, soprattutto, per verificare se <strong>la maniglia laterale \u00e8 a sinistra<\/strong>Alcuni modelli sono progettati esclusivamente per maniglie diritte.<\/p>\n<div style=\"text-align: left;\"><img decoding=\"async\" style=\"float: none;\" src=\"https:\/\/velartrip.com\/wp-content\/uploads\/content\/poignees_valises.png\" alt=\"Maniglie per bagagli\" \/><\/div>\n<h3 class=\"p2\"><span style=\"text-decoration: underline;\">In pratica, come viene protetta la mia valigia? <\/span><\/h3>\n<p class=\"p2\">Coprivaligia <strong>scivola sopra la cima<\/strong>Pu\u00f2 essere dotato di cerniere e cinghie per garantire una vestibilit\u00e0 sicura.<strong> tenuta sicura<\/strong> durante il viaggio.<\/p>\n<p class=\"p2\">Visita <strong>meno di 30 secondi<\/strong>la vostra valigia sar\u00e0 <strong>100% protetto.<\/strong><\/p>\n<p class=\"p2\">Se lo desiderate, potete <span style=\"text-decoration: underline;\"><a title=\"Tutorial coprivaligia\" href=\"https:\/\/vimeo.com\/454561460\" target=\"_blank\" rel=\"noopener\">vedi il nostro tutorial su come adattare la copertura alla tua valigia<\/a>.<\/span><\/p>\n<ul>\n<li><\/li>\n<\/ul>","protected":false},"excerpt":{"rendered":"<p>T&rsquo;es-tu d\u00e9j\u00e0 demand\u00e9 ce qu&rsquo;il y avait au-dessus des nuages ? Globalement, notre Housse De Valise Astronaute te propulsera dans l&rsquo;espace tout en \u00e9l\u00e9gance et en simplicit\u00e9. S&rsquo;adapte \u00e0 99% des valises \u00e0 2 ou 4 roues. Deux ouvertures pr\u00e9vues pour la poign\u00e9e t\u00e9lescopique et\/o\u00f9 la poign\u00e9e simple. Plus de risques de se faire voler&#8230;<\/p>","protected":false},"featured_media":12411,"comment_status":"open","ping_status":"closed","template":"","meta":{"_kad_blocks_custom_css":"","_kad_blocks_head_custom_js":"","_kad_blocks_body_custom_js":"","_kad_blocks_footer_custom_js":"","_kad_post_transparent":"","_kad_post_title":"","_kad_post_layout":"","_kad_post_sidebar_id":"","_kad_post_content_style":"","_kad_post_vertical_padding":"","_kad_post_feature":"","_kad_post_feature_position":"","_kad_post_header":false,"_kad_post_footer":false,"_kad_post_classname":""},"product_brand":[385],"product_cat":[392,618],"product_tag":[165],"class_list":{"0":"post-7856","1":"product","2":"type-product","3":"status-publish","4":"has-post-thumbnail","6":"product_brand-velartrip","7":"product_cat-housse-de-valise","8":"product_cat-accessoires-pour-valise","9":"product_tag-compatible-toutes-poignees","11":"first","12":"instock","13":"taxable","14":"shipping-taxable","15":"purchasable","16":"product-type-variable","17":"entry","18":"content-bg","19":"loop-entry"},"taxonomy_info":{"product_brand":[{"value":385,"label":"VelarTrip"}],"product_cat":[{"value":392,"label":"Housses De Valise"},{"value":618,"label":"Accessoires pour Valise"}],"product_tag":[{"value":165,"label":"Compatible toutes poign\u00e9es"}]},"featured_image_src_large":["https:\/\/velartrip.com\/wp-content\/uploads\/2020\/10\/housse-de-valise-astronaute.jpg",800,800,false],"author_info":[],"comment_info":5,"_links":{"self":[{"href":"https:\/\/velartrip.com\/it\/wp-json\/wp\/v2\/product\/7856","targetHints":{"allow":["GET"]}}],"collection":[{"href":"https:\/\/velartrip.com\/it\/wp-json\/wp\/v2\/product"}],"about":[{"href":"https:\/\/velartrip.com\/it\/wp-json\/wp\/v2\/types\/product"}],"replies":[{"embeddable":true,"href":"https:\/\/velartrip.com\/it\/wp-json\/wp\/v2\/comments?post=7856"}],"wp:featuredmedia":[{"embeddable":true,"href":"https:\/\/velartrip.com\/it\/wp-json\/wp\/v2\/media\/12411"}],"wp:attachment":[{"href":"https:\/\/velartrip.com\/it\/wp-json\/wp\/v2\/media?parent=7856"}],"wp:term":[{"taxonomy":"product_brand","embeddable":true,"href":"https:\/\/velartrip.com\/it\/wp-json\/wp\/v2\/product_brand?post=7856"},{"taxonomy":"product_cat","embeddable":true,"href":"https:\/\/velartrip.com\/it\/wp-json\/wp\/v2\/product_cat?post=7856"},{"taxonomy":"product_tag","embeddable":true,"href":"https:\/\/velartrip.com\/it\/wp-json\/wp\/v2\/product_tag?post=7856"}],"curies":[{"name":"wp","href":"https:\/\/api.w.org\/{rel}","templated":true}]}}