{"id":7955,"date":"2020-12-30T12:22:05","date_gmt":"2020-12-30T12:22:05","guid":{"rendered":"https:\/\/velartrip.com\/?product=cadenas-digital-br-alcatraz"},"modified":"2024-12-04T09:29:55","modified_gmt":"2024-12-04T08:29:55","slug":"cadenas-empreinte-digital","status":"publish","type":"product","link":"https:\/\/velartrip.com\/it\/accessoires-pratiques\/cadenas-empreinte-digital\/","title":{"rendered":"Lucchetto digitale Alcatraz"},"content":{"rendered":"<h2>Il nostro lucchetto digitale Alcatraz sar\u00e0 il vostro pi\u00f9 grande compagno di viaggio! Niente pi\u00f9 codici, solo il vostro dito!<\/h2>\n<ul>\n<li><strong>0,5 secondi<\/strong> sono sufficienti per\u00a0<strong>sblocco<\/strong> il nostro lucchetto<\/li>\n<li>Il comfort prima di tutto, con <strong><span style=\"text-decoration: underline;\">10 impronte digitali memorizzabili<\/span><\/strong><\/li>\n<li>Una batteria ricaricabile con <strong>1 anno di autonomia<\/strong><\/li>\n<li><strong>Resistente alla pioggia e alla polvere<\/strong> con standard IP62<\/li>\n<li>Un peso simile a quello di un lucchetto tradizionale con <strong>solo 90g<\/strong><\/li>\n<\/ul>\n<h2 style=\"text-align: center;\"><span style=\"color: #82d5c7;\"><strong>Perch\u00e9 scegliere un lucchetto con impronta digitale?<\/strong><\/span><\/h2>\n<p>A differenza dei lucchetti TSA, i lucchetti digitali offrono una maggiore sicurezza. Come abbiamo visto insieme nell'articolo su come sbloccare la valigia codificata.<\/p>\n<p>Le chiavi TSA dei funzionari doganali statunitensi sono \"trapelate\" sul web nel 2014<\/p>\n<p>Oggi i lucchetti elettronici a impronta digitale offrono una maggiore sicurezza per due motivi:<\/p>\n<ul>\n<li>Le dita diventano ora le chiavi per sbloccare il lucchetto.<\/li>\n<li>Non ci sono pi\u00f9 problemi di serrature bloccate che rendono impossibile lo sblocco.<\/li>\n<\/ul>\n<p>Il nostro lucchetto a riconoscimento digitale Alcatraz \u00e8 un accessorio all'avanguardia con una delle pi\u00f9 lunghe durate della batteria sul mercato.<\/p>\n<h3><span style=\"color: #db7c46;\">Domande frequenti dei nostri clienti\u00a0<\/span><\/h3>\n<h4 class=\"detailmodule_text\">1- Cosa succede se l'impronta digitale non pu\u00f2 essere identificata?<\/h4>\n<div class=\"detailmodule_text\">\n<p class=\"detail-desc-decorate-content\" data-spm-anchor-id=\"a2g0o.detail.1000023.i2.961c2ed7KgFBzl\">Di solito, a causa dell'usura delle impronte digitali, dei graffi, delle dita sporche e umide o della finestra di raccolta delle impronte con macchie e gocce d'acqua, l'identificazione delle impronte digitali non riesce. <strong>la finestra per le impronte digitali \u00e8 pulita e asciutta<\/strong>. Se ci si graffia un dito, si consiglia di afferrare almeno un dito. <strong>3 registri di impronte digitali<\/strong> dopo l'acquisto.<\/p>\n<\/div>\n<div class=\"detailmodule_text\">\n<h4 class=\"detail-desc-decorate-title\">2 - Come si sblocca il lucchetto se la batteria \u00e8 scarica?<\/h4>\n<p class=\"detail-desc-decorate-content\">Collegare la porta di ricarica con Micro USB, la spia rossa \u00e8 accesa e indica che il dispositivo \u00e8 in carica. Durante la carica, pu\u00f2 essere sbloccato normalmente. Quando la spia \u00e8 spenta, indica che il dispositivo \u00e8 completamente carico.<\/p>\n<\/div>\n<div class=\"detailmodule_text-image\" style=\"text-align: start;\">\n<h4 class=\"detail-desc-decorate-title\">3 - C'\u00e8 una spia di batteria scarica?<\/h4>\n<p class=\"detail-desc-decorate-content\">Quando la batteria \u00e8 scarica, il LED rosso lampeggia dopo lo sblocco.<\/p>\n<p class=\"detail-desc-decorate-content\"><img decoding=\"async\" style=\"float: none;\" src=\"https:\/\/velartrip.com\/wp-content\/uploads\/content\/temoin_de_batterie_faible_600x600.jpg\" alt=\"indicatore luminoso rosso\" width=\"600x600\" height=\"600x600\" \/><\/p>\n<\/div>\n<div class=\"detailmodule_text\" style=\"text-align: start;\">\n<h4 class=\"detail-desc-decorate-title\">4 - \u00c8 possibile sbloccare il lucchetto senza batteria?<\/h4>\n<p data-spm-anchor-id=\"a2g0o.detail.1000023.i4.961c2ed7KgFBzl\">No, non \u00e8 possibile sbloccare il lucchetto con la batteria scarica.<\/p>\n<p data-spm-anchor-id=\"a2g0o.detail.1000023.i4.961c2ed7KgFBzl\">In questo caso, \u00e8 possibile utilizzare un power bank per caricare temporaneamente il lucchetto.<span data-mce-fragment=\"1\">si accende una luce rossa e pu\u00f2 essere sbloccato in quel momento.<\/span><\/p>\n<h4 data-spm-anchor-id=\"a2g0o.detail.1000023.i4.961c2ed7KgFBzl\"><span data-mce-fragment=\"1\">5 - Esiste una guida per l'utente del lucchetto?<\/span><\/h4>\n<p><span data-mce-fragment=\"1\">S\u00ec, nella confezione del prodotto \u00e8 presente un cavo USB per la ricarica.<\/span><\/p>\n<p><span data-mce-fragment=\"1\"><img decoding=\"async\" style=\"float: none;\" src=\"https:\/\/velartrip.com\/wp-content\/uploads\/content\/cadenas_a__empreintes_digitales_600x600.jpg\" alt=\"Cavo USB per lucchetti a impronta digitale\" width=\"600x600\" height=\"600x600\" \/><\/span><\/p>\n<\/div>","protected":false},"excerpt":{"rendered":"<p>Notre Cadenas Digital Alcatraz sera votre plus grand compagnon pour tous vos voyages ! Plus de code, juste votre doigt ! 0,5 seconde suffisent pour\u00a0d\u00e9verrouiller notre cadenas Le confort avant tout, avec 10 empreintes digitales\u00a0stockable Une batterie rechargeable avec 1\u00a0an d&rsquo;autonomie R\u00e9sistant \u00e0 la pluie et la poussi\u00e8re avec la norme IP62 Un poids similaire&#8230;<\/p>","protected":false},"featured_media":13779,"comment_status":"open","ping_status":"closed","template":"","meta":{"_kad_blocks_custom_css":"","_kad_blocks_head_custom_js":"","_kad_blocks_body_custom_js":"","_kad_blocks_footer_custom_js":"","_kad_post_transparent":"","_kad_post_title":"","_kad_post_layout":"","_kad_post_sidebar_id":"","_kad_post_content_style":"","_kad_post_vertical_padding":"","_kad_post_feature":"","_kad_post_feature_position":"","_kad_post_header":false,"_kad_post_footer":false,"_kad_post_classname":""},"product_brand":[385],"product_cat":[386],"product_tag":[],"class_list":{"0":"post-7955","1":"product","2":"type-product","3":"status-publish","4":"has-post-thumbnail","6":"product_brand-velartrip","7":"product_cat-accessoires-pratiques","9":"first","10":"instock","11":"taxable","12":"shipping-taxable","13":"purchasable","14":"product-type-variable","15":"entry","16":"content-bg","17":"loop-entry"},"taxonomy_info":{"product_brand":[{"value":385,"label":"VelarTrip"}],"product_cat":[{"value":386,"label":"Accessoires Pratiques"}]},"featured_image_src_large":["https:\/\/velartrip.com\/wp-content\/uploads\/2020\/12\/1.jpg",800,800,false],"author_info":[],"comment_info":7,"_links":{"self":[{"href":"https:\/\/velartrip.com\/it\/wp-json\/wp\/v2\/product\/7955","targetHints":{"allow":["GET"]}}],"collection":[{"href":"https:\/\/velartrip.com\/it\/wp-json\/wp\/v2\/product"}],"about":[{"href":"https:\/\/velartrip.com\/it\/wp-json\/wp\/v2\/types\/product"}],"replies":[{"embeddable":true,"href":"https:\/\/velartrip.com\/it\/wp-json\/wp\/v2\/comments?post=7955"}],"wp:featuredmedia":[{"embeddable":true,"href":"https:\/\/velartrip.com\/it\/wp-json\/wp\/v2\/media\/13779"}],"wp:attachment":[{"href":"https:\/\/velartrip.com\/it\/wp-json\/wp\/v2\/media?parent=7955"}],"wp:term":[{"taxonomy":"product_brand","embeddable":true,"href":"https:\/\/velartrip.com\/it\/wp-json\/wp\/v2\/product_brand?post=7955"},{"taxonomy":"product_cat","embeddable":true,"href":"https:\/\/velartrip.com\/it\/wp-json\/wp\/v2\/product_cat?post=7955"},{"taxonomy":"product_tag","embeddable":true,"href":"https:\/\/velartrip.com\/it\/wp-json\/wp\/v2\/product_tag?post=7955"}],"curies":[{"name":"wp","href":"https:\/\/api.w.org\/{rel}","templated":true}]}}