{"id":7998,"date":"2021-01-08T08:50:20","date_gmt":"2021-01-08T08:50:20","guid":{"rendered":"https:\/\/velartrip.com\/?product=bouteille-isotherme-intelligente-br-atlantique"},"modified":"2024-12-04T09:29:55","modified_gmt":"2024-12-04T08:29:55","slug":"bouteille-isotherme-intelligente","status":"publish","type":"product","link":"https:\/\/velartrip.com\/it\/accessoires-pratiques\/bouteille-isotherme-intelligente\/","title":{"rendered":"Bottiglia isolata Atlantic Smart"},"content":{"rendered":"<h2>Diventate viaggiatori eco-responsabili sostituendo le vostre bottiglie di plastica con una Smart Insulated Bottle di Atlantic.<\/h2>\n<ul>\n<li><span style=\"text-decoration: underline;\"><strong>Capacit\u00e0 500 ml<\/strong><\/span> per dissetarvi!<\/li>\n<li>Le vostre bevande <strong>sar\u00e0 sempre alla giusta temperatura<\/strong> grazie al nostro sensore digitale intelligente<\/li>\n<li>T\u00e8, acqua, caff\u00e8... tutti i vostri <strong>le bevande preferite sono compatibili<\/strong> con la nostra bottiglia d'acqua.<\/li>\n<li>Niente pi\u00f9 rischi di caduta! Le nostre bottiglie sono dotate di un <strong>impugnatura protettiva in silicone<\/strong>.<\/li>\n<li>Le piace il t\u00e8? A <strong>filtro in acciaio inox<\/strong> \u00e8 incluso nella nostra bottiglia.<\/li>\n<li>5 anni di viaggi ininterrotti con il suo <strong>batteria a lunga durata<\/strong> (pu\u00f2 essere sostituito in un secondo momento)<\/li>\n<li><strong><span style=\"text-decoration: underline;\">Nessun rischio per la salute<\/span><\/strong> con il nostro trattamento in acciaio inox alimentare all'interno della bottiglia.<\/li>\n<li><strong>12 ore di calore costante<\/strong> per il vostro caff\u00e8 o t\u00e8 preferito<\/li>\n<\/ul>\n<p><span style=\"text-decoration: underline;\">Caratteristiche<\/span> :<\/p>\n<ul>\n<li>Altezza: 23,5 cm<\/li>\n<li>Larghezza: 6,5 cm<\/li>\n<\/ul>\n<h2 style=\"text-align: center;\"><span style=\"color: #db7c46;\">Perch\u00e9 viaggiare con una bottiglia isotermica Atlantic?<\/span><\/h2>\n<p>Non siete sicuri che questo prodotto sia utile per voi? Non capite il senso di una bottiglia isotermica?<\/p>\n<p>Se \u00e8 cos\u00ec, niente panico, ti spiegheremo tutto. Si prega di notare che per approfondire l&#039;argomento \u00e8 possibile fare riferimento al nostro articolo del blog su<a href=\"https:\/\/velartrip.com\/it\/prendre-gourde-avion\/\">le regole relative alle bottiglie d&#039;acqua sull&#039;aereo.<\/a><\/p>\n<p>Inizialmente, se si desidera :<\/p>\n<p>\u2705 <strong>Risparmia fino a 468 euro<\/strong> bottiglie di plastica monouso all'anno.<\/p>\n<p>\u2705 Mantenere il caff\u00e8 o il t\u00e8 caldo per pi\u00f9 di 2 ore.<\/p>\n<p>Fermatevi <strong>bere sostanze tossiche<\/strong> dalla plastica.<\/p>\n<p>\u2705 <strong>Limitare l'impatto ecologico<\/strong> del pianeta, con una riduzione di circa 1.000 bottiglie di plastica all'anno.<\/p>\n<p>\u2705 <strong>Conservare il mondo<\/strong> per la vostra famiglia.<\/p>\n<p>Allora questo \u00e8 il prodotto che fa per voi!<\/p>\n<h3>Posso portare la mia bottiglia isolata ai controlli di sicurezza?<\/h3>\n<p>S\u00ec, naturalmente ! Bisogna per\u00f2 fare attenzione che in quel momento sia vuoto.<span style=\"font-family: -apple-system, BlinkMacSystemFont, 'San Francisco', 'Segoe UI', Roboto, 'Helvetica Neue', sans-serif; font-size: 1.4em;\">.<\/span><\/p>\n<h3>Perch\u00e9 scegliere le bottiglie isolate in acciaio inox per uso alimentare?<\/h3>\n<p>Molto pi\u00f9 resistente delle borracce di plastica o di bamb\u00f9, la vostra bottiglia in acciaio inossidabile vi seguir\u00e0 in tutte le vostre avventure in giro per il mondo.<\/p>\n<h3>Come si pulisce la bottiglia isotermica?<\/h3>\n<p>Dopo ogni utilizzo, si consiglia di utilizzare una spazzola di silicone per rimuovere eventuali residui e depositi.<\/p>\n<h3>Come funziona il sensore di controllo intelligente della temperatura?<\/h3>\n<p>Per il funzionamento, \u00e8 sufficiente toccare il coperchio della bottiglia per visualizzare la temperatura della bevanda.<\/p>","protected":false},"excerpt":{"rendered":"<p>Diventa un viaggiatore eco-friendly sostituendo le tue bottiglie di plastica con una bottiglia termica intelligente Atlantic. Capacit\u00e0 di 500 ml per dissetarti! Le tue bevande saranno sempre alla giusta temperatura grazie al nostro sensore digitale intelligente. T\u00e8, acqua, caff\u00e8... Tutte le tue bevande preferite sono compatibili con la nostra bottiglia. Niente pi\u00f9 rischi di\u2026<\/p>","protected":false},"featured_media":13179,"comment_status":"open","ping_status":"closed","template":"","meta":{"_kad_blocks_custom_css":"","_kad_blocks_head_custom_js":"","_kad_blocks_body_custom_js":"","_kad_blocks_footer_custom_js":"","_kad_post_transparent":"","_kad_post_title":"","_kad_post_layout":"","_kad_post_sidebar_id":"","_kad_post_content_style":"","_kad_post_vertical_padding":"","_kad_post_feature":"","_kad_post_feature_position":"","_kad_post_header":false,"_kad_post_footer":false,"_kad_post_classname":""},"product_brand":[385],"product_cat":[386],"product_tag":[],"class_list":{"0":"post-7998","1":"product","2":"type-product","3":"status-publish","4":"has-post-thumbnail","6":"product_brand-velartrip","7":"product_cat-accessoires-pratiques","9":"first","10":"instock","11":"taxable","12":"shipping-taxable","13":"purchasable","14":"product-type-variable","15":"entry","16":"content-bg","17":"loop-entry"},"taxonomy_info":{"product_brand":[{"value":385,"label":"VelarTrip"}],"product_cat":[{"value":386,"label":"Accessoires Pratiques"}]},"featured_image_src_large":["https:\/\/velartrip.com\/wp-content\/uploads\/2022\/04\/6-3.jpg",800,800,false],"author_info":[],"comment_info":6,"_links":{"self":[{"href":"https:\/\/velartrip.com\/it\/wp-json\/wp\/v2\/product\/7998","targetHints":{"allow":["GET"]}}],"collection":[{"href":"https:\/\/velartrip.com\/it\/wp-json\/wp\/v2\/product"}],"about":[{"href":"https:\/\/velartrip.com\/it\/wp-json\/wp\/v2\/types\/product"}],"replies":[{"embeddable":true,"href":"https:\/\/velartrip.com\/it\/wp-json\/wp\/v2\/comments?post=7998"}],"wp:featuredmedia":[{"embeddable":true,"href":"https:\/\/velartrip.com\/it\/wp-json\/wp\/v2\/media\/13179"}],"wp:attachment":[{"href":"https:\/\/velartrip.com\/it\/wp-json\/wp\/v2\/media?parent=7998"}],"wp:term":[{"taxonomy":"product_brand","embeddable":true,"href":"https:\/\/velartrip.com\/it\/wp-json\/wp\/v2\/product_brand?post=7998"},{"taxonomy":"product_cat","embeddable":true,"href":"https:\/\/velartrip.com\/it\/wp-json\/wp\/v2\/product_cat?post=7998"},{"taxonomy":"product_tag","embeddable":true,"href":"https:\/\/velartrip.com\/it\/wp-json\/wp\/v2\/product_tag?post=7998"}],"curies":[{"name":"wp","href":"https:\/\/api.w.org\/{rel}","templated":true}]}}