{"id":8068,"date":"2021-01-09T10:07:52","date_gmt":"2021-01-09T10:07:52","guid":{"rendered":"https:\/\/velartrip.com\/?product=bouteille-isotherme-br-mediterranee"},"modified":"2024-12-04T09:29:44","modified_gmt":"2024-12-04T08:29:44","slug":"bouteille-isotherme-tasse","status":"publish","type":"product","link":"https:\/\/velartrip.com\/it\/accessoires-pratiques\/bouteille-isotherme-tasse\/","title":{"rendered":"Bottiglia isolata mediterranea"},"content":{"rendered":"<h2>Volete conservare la comodit\u00e0 di gustare la vostra bevanda in tazza ai 4 angoli del mondo?<br \/>\nScoprite la nostra bottiglia isolata mediterranea<\/h2>\n<ul>\n<li><span style=\"text-decoration: underline;\"> <strong>420 ml o 580 ml<\/strong><\/span>dipende da voi!<\/li>\n<li><strong>Coperchio a forma di tazza con manico<\/strong> in modo da poter gustare il t\u00e8 come a casa.<\/li>\n<li>T\u00e8, acqua, caff\u00e8... tutti i vostri\u00a0<strong>le bevande preferite sono compatibili<\/strong>\u00a0con la nostra bottiglia d'acqua.<\/li>\n<li>Niente pi\u00f9 rischi di caduta! Le nostre bottiglie sono dotate di un\u00a0<strong>impugnatura protettiva in silicone<\/strong>.<\/li>\n<li><strong><span style=\"text-decoration: underline;\">Nessun rischio per la salute<\/span><\/strong>\u00a0con il nostro trattamento in acciaio inox alimentare all'interno della bottiglia.<\/li>\n<li><strong>12 ore di calore costante<\/strong>\u00a0per il vostro caff\u00e8 o t\u00e8 preferito<\/li>\n<\/ul>\n<p><span style=\"text-decoration: underline;\">Caratteristiche<\/span> :<\/p>\n<p>420 ml: 20,8 cm X 6,8 cm<\/p>\n<p>580 ml : 25,3 cm X 6,8 cm<\/p>\n<h2 style=\"text-align: center;\"><span style=\"color: #db7c46;\">Perch\u00e9 viaggiare con una bottiglia isotermica mediterranea?<\/span><\/h2>\n<p>Non siete sicuri che questo prodotto sia utile per voi? Non capite il senso di una bottiglia isotermica?<\/p>\n<p>In tal caso, niente panico, vi spiegheremo tutto.<\/p>\n<p>Inizialmente, se si desidera :<\/p>\n<p>\u2705\u00a0<strong>Risparmia fino a 468 euro<\/strong>\u00a0bottiglie di plastica monouso all'anno.<\/p>\n<p>\u2705 Mantenere il caff\u00e8 o il t\u00e8 caldo per pi\u00f9 di 2 ore.<\/p>\n<p>Fermatevi\u00a0<strong>bere sostanze tossiche<\/strong>\u00a0dalla plastica.<\/p>\n<p>\u2705\u00a0<strong>Limitare l'impatto ecologico<\/strong>\u00a0del pianeta, con una riduzione di circa 1.000 bottiglie di plastica all'anno.<\/p>\n<p>\u2705\u00a0<strong>Conservare il mondo<\/strong>\u00a0per la vostra famiglia.<\/p>\n<p>Allora questo \u00e8 il prodotto che fa per voi!<\/p>\n<h3>Posso portare la mia bottiglia isolata ai controlli di sicurezza?<\/h3>\n<p>S\u00ec, certo! Ma assicuratevi che sia vuoto in quel momento.<\/p>\n<h3>Perch\u00e9 scegliere le bottiglie isolate in acciaio inox per uso alimentare?<\/h3>\n<p>Molto pi\u00f9 resistente delle borracce di plastica o di bamb\u00f9, la vostra bottiglia in acciaio inossidabile vi seguir\u00e0 in tutte le vostre avventure in giro per il mondo.<\/p>\n<h3>Come si pulisce la bottiglia isotermica?<\/h3>\n<p>Dopo ogni utilizzo, si consiglia di utilizzare una spazzola di silicone per rimuovere eventuali residui e depositi.<\/p>\n<h3>Come funziona il sensore di controllo intelligente della temperatura?<\/h3>\n<p>Per il funzionamento, \u00e8 sufficiente toccare il coperchio della bottiglia per visualizzare la temperatura della bevanda.<\/p>","protected":false},"excerpt":{"rendered":"<p>Tu souhaites\u00a0pr\u00e9server le confort de d\u00e9guster\u00a0sa boisson dans une tasse aux 4 coins du monde\u00a0 ? D\u00e9couvre maintenant notre Bouteille isotherme M\u00e9diterran\u00e9e 420 ml ou 580 ml, c&rsquo;est toi qui choisis ! Un couvercle en forme de tasse avec une anse pour d\u00e9guster son th\u00e9 comme \u00e0 la maison. Th\u00e9, eau, caf\u00e9&#8230; Toutes vos\u00a0boissons favorites&#8230;<\/p>","protected":false},"featured_media":13172,"comment_status":"open","ping_status":"closed","template":"","meta":{"_kad_blocks_custom_css":"","_kad_blocks_head_custom_js":"","_kad_blocks_body_custom_js":"","_kad_blocks_footer_custom_js":"","_kad_post_transparent":"","_kad_post_title":"","_kad_post_layout":"","_kad_post_sidebar_id":"","_kad_post_content_style":"","_kad_post_vertical_padding":"","_kad_post_feature":"","_kad_post_feature_position":"","_kad_post_header":false,"_kad_post_footer":false,"_kad_post_classname":""},"product_brand":[385],"product_cat":[386,388],"product_tag":[],"class_list":{"0":"post-8068","1":"product","2":"type-product","3":"status-publish","4":"has-post-thumbnail","6":"product_brand-velartrip","7":"product_cat-accessoires-pratiques","8":"product_cat-nouveautes","10":"first","11":"instock","12":"taxable","13":"shipping-taxable","14":"purchasable","15":"product-type-variable","16":"entry","17":"content-bg","18":"loop-entry"},"taxonomy_info":{"product_brand":[{"value":385,"label":"VelarTrip"}],"product_cat":[{"value":386,"label":"Accessoires Pratiques"},{"value":388,"label":"Nouveaut\u00e9s"}]},"featured_image_src_large":["https:\/\/velartrip.com\/wp-content\/uploads\/2022\/04\/2-4.jpg",800,800,false],"author_info":[],"comment_info":7,"_links":{"self":[{"href":"https:\/\/velartrip.com\/it\/wp-json\/wp\/v2\/product\/8068","targetHints":{"allow":["GET"]}}],"collection":[{"href":"https:\/\/velartrip.com\/it\/wp-json\/wp\/v2\/product"}],"about":[{"href":"https:\/\/velartrip.com\/it\/wp-json\/wp\/v2\/types\/product"}],"replies":[{"embeddable":true,"href":"https:\/\/velartrip.com\/it\/wp-json\/wp\/v2\/comments?post=8068"}],"wp:featuredmedia":[{"embeddable":true,"href":"https:\/\/velartrip.com\/it\/wp-json\/wp\/v2\/media\/13172"}],"wp:attachment":[{"href":"https:\/\/velartrip.com\/it\/wp-json\/wp\/v2\/media?parent=8068"}],"wp:term":[{"taxonomy":"product_brand","embeddable":true,"href":"https:\/\/velartrip.com\/it\/wp-json\/wp\/v2\/product_brand?post=8068"},{"taxonomy":"product_cat","embeddable":true,"href":"https:\/\/velartrip.com\/it\/wp-json\/wp\/v2\/product_cat?post=8068"},{"taxonomy":"product_tag","embeddable":true,"href":"https:\/\/velartrip.com\/it\/wp-json\/wp\/v2\/product_tag?post=8068"}],"curies":[{"name":"wp","href":"https:\/\/api.w.org\/{rel}","templated":true}]}}