{"id":8088,"date":"2021-01-11T10:23:56","date_gmt":"2021-01-11T10:23:56","guid":{"rendered":"https:\/\/velartrip.com\/?product=kit-voyage-br-johannesbourg"},"modified":"2024-12-04T09:29:43","modified_gmt":"2024-12-04T08:29:43","slug":"kit-voyage-flacons","status":"publish","type":"product","link":"https:\/\/velartrip.com\/it\/accessoires-pratiques\/kit-voyage-flacons\/","title":{"rendered":"Kit di viaggio per Johannesburg"},"content":{"rendered":"<p><meta charset=\"utf-8\"><\/p>\n<h2 data-mce-fragment=\"1\">I vostri prodotti di bellezza attraverseranno le frontiere senza restrizioni grazie ai 6 flaconi vuoti che compongono il nostro kit da viaggio Johannesburg.<\/h2>\n<h3 data-mce-fragment=\"1\">Perch\u00e9 scegliere il nostro kit per il vostro viaggio aereo a Johannesburg?<\/h3>\n<p data-mce-fragment=\"1\">Se siete un viaggiatore che desidera :\u00a0<\/p>\n<ul data-mce-fragment=\"1\">\n<li data-mce-fragment=\"1\">Porta con te un beauty case sull&#039;aereo.<\/li>\n<li data-mce-fragment=\"1\">\n<strong data-mce-fragment=\"1\">Non correre pi\u00f9 rischi<\/strong><span data-mce-fragment=\"1\">\u00a0<\/span>essere<span data-mce-fragment=\"1\">\u00a0<\/span><strong data-mce-fragment=\"1\">confiscare<\/strong><span data-mce-fragment=\"1\">\u00a0<\/span>uno dei suoi prodotti di bellezza durante i controlli di sicurezza.<\/li>\n<li data-mce-fragment=\"1\">Avere un<span data-mce-fragment=\"1\">\u00a0<\/span><strong data-mce-fragment=\"1\">kit da toilette adattato<\/strong><span data-mce-fragment=\"1\">\u00a0<\/span>voli a lungo raggio.\u00a0<\/li>\n<li data-mce-fragment=\"1\">Portate con voi tutto il necessario per<span data-mce-fragment=\"1\">\u00a0<\/span><strong data-mce-fragment=\"1\">mantenere un'igiene impeccabile<\/strong><span data-mce-fragment=\"1\">\u00a0<\/span>anche con una differenza di orario di 6 ore.<\/li>\n<\/ul>\n<p data-mce-fragment=\"1\">Allora la nostra borsa da toilette \u00e8 proprio quello che fa per voi! \u2708\ufe0f<\/p>\n<p data-mce-fragment=\"1\">Il<span data-mce-fragment=\"1\">\u00a0<\/span><strong data-mce-fragment=\"1\">benefici<\/strong><span data-mce-fragment=\"1\">\u00a0<\/span>per scegliere il nostro<span data-mce-fragment=\"1\">\u00a0<\/span><strong data-mce-fragment=\"1\">Kit da viaggio<\/strong><span data-mce-fragment=\"1\"> Johannesburg<\/span>\u00a0sono i seguenti:<\/p>\n<ul data-mce-fragment=\"1\">\n<li data-mce-fragment=\"1\">\n<strong data-mce-fragment=\"1\">Resistente e riciclabile<\/strong><span data-mce-fragment=\"1\">\u00a0<\/span>per tutte le vostre esigenze di viaggio.<\/li>\n<li data-mce-fragment=\"1\">Compatibile con<span data-mce-fragment=\"1\">\u00a0<\/span><strong data-mce-fragment=\"1\">ogni stile di viaggio<\/strong><span data-mce-fragment=\"1\">\u00a0<\/span>grazie alla sua<span data-mce-fragment=\"1\">\u00a0<\/span><strong data-mce-fragment=\"1\">resistenza alle cadute<\/strong><span data-mce-fragment=\"1\">\u00a0<\/span>e polvere.<\/li>\n<li data-mce-fragment=\"1\">Un trattamento completo per il corpo adatto a<span data-mce-fragment=\"1\">\u00a0<\/span><span data-mce-fragment=\"1\"><strong data-mce-fragment=\"1\">6 bottiglie da viaggio\u00a0<\/strong><\/span>\n<\/li>\n<li data-mce-fragment=\"1\">\n<strong data-mce-fragment=\"1\">3 strumenti<\/strong><span data-mce-fragment=\"1\">\u00a0<\/span>incluso con per<span data-mce-fragment=\"1\">\u00a0<\/span><strong data-mce-fragment=\"1\">regolare al millilitro<\/strong><span data-mce-fragment=\"1\">\u00a0<\/span>i vostri prodotti di bellezza (imbuto, pipetta e spatola per creme)\u00a0 \u00a0<\/li>\n<\/ul>","protected":false},"excerpt":{"rendered":"<p>Vos produits de beaut\u00e9 traverseront les fronti\u00e8res sans restrictions gr\u00e2ce \u00e0 nos 6 flacons vides qui composent notre Kit de voyage Johannesbourg Pourquoi prendre notre kit pour vos voyages en avion Johannesbourg ? Si vous faites partie des voyageurs qui souhaitent\u00a0\u00a0:\u00a0 Avoir une trousse de toilette avec vous dans l&rsquo;avion. Ne plus prendre de risques\u00a0de&#8230;<\/p>","protected":false},"featured_media":13298,"comment_status":"open","ping_status":"closed","template":"","meta":{"_kad_blocks_custom_css":"","_kad_blocks_head_custom_js":"","_kad_blocks_body_custom_js":"","_kad_blocks_footer_custom_js":"","_kad_post_transparent":"","_kad_post_title":"","_kad_post_layout":"","_kad_post_sidebar_id":"","_kad_post_content_style":"","_kad_post_vertical_padding":"","_kad_post_feature":"","_kad_post_feature_position":"","_kad_post_header":false,"_kad_post_footer":false,"_kad_post_classname":""},"product_brand":[385],"product_cat":[386,388],"product_tag":[],"class_list":{"0":"post-8088","1":"product","2":"type-product","3":"status-publish","4":"has-post-thumbnail","6":"product_brand-velartrip","7":"product_cat-accessoires-pratiques","8":"product_cat-nouveautes","10":"first","11":"instock","12":"taxable","13":"shipping-taxable","14":"purchasable","15":"product-type-simple","16":"entry","17":"content-bg","18":"loop-entry"},"taxonomy_info":{"product_brand":[{"value":385,"label":"VelarTrip"}],"product_cat":[{"value":386,"label":"Accessoires Pratiques"},{"value":388,"label":"Nouveaut\u00e9s"}]},"featured_image_src_large":["https:\/\/velartrip.com\/wp-content\/uploads\/2022\/04\/4000778079830_images_626d2f45507d1_1.webp",800,800,false],"author_info":[],"comment_info":6,"_links":{"self":[{"href":"https:\/\/velartrip.com\/it\/wp-json\/wp\/v2\/product\/8088","targetHints":{"allow":["GET"]}}],"collection":[{"href":"https:\/\/velartrip.com\/it\/wp-json\/wp\/v2\/product"}],"about":[{"href":"https:\/\/velartrip.com\/it\/wp-json\/wp\/v2\/types\/product"}],"replies":[{"embeddable":true,"href":"https:\/\/velartrip.com\/it\/wp-json\/wp\/v2\/comments?post=8088"}],"wp:featuredmedia":[{"embeddable":true,"href":"https:\/\/velartrip.com\/it\/wp-json\/wp\/v2\/media\/13298"}],"wp:attachment":[{"href":"https:\/\/velartrip.com\/it\/wp-json\/wp\/v2\/media?parent=8088"}],"wp:term":[{"taxonomy":"product_brand","embeddable":true,"href":"https:\/\/velartrip.com\/it\/wp-json\/wp\/v2\/product_brand?post=8088"},{"taxonomy":"product_cat","embeddable":true,"href":"https:\/\/velartrip.com\/it\/wp-json\/wp\/v2\/product_cat?post=8088"},{"taxonomy":"product_tag","embeddable":true,"href":"https:\/\/velartrip.com\/it\/wp-json\/wp\/v2\/product_tag?post=8088"}],"curies":[{"name":"wp","href":"https:\/\/api.w.org\/{rel}","templated":true}]}}