{"id":8093,"date":"2021-01-11T10:23:59","date_gmt":"2021-01-11T10:23:59","guid":{"rendered":"https:\/\/velartrip.com\/?product=kit-voyage-br-jordanie"},"modified":"2024-12-04T09:29:43","modified_gmt":"2024-12-04T08:29:43","slug":"kit-voyage-avion","status":"publish","type":"product","link":"https:\/\/velartrip.com\/it\/accessoires-pratiques\/kit-voyage-avion\/","title":{"rendered":"Kit da viaggio per la Giordania"},"content":{"rendered":"<h2>Il nostro kit da viaggio Jordan \u00e8 compatibile con tutte le restrizioni aeroportuali sui liquidi.<\/h2>\n<h3>Perch\u00e9 utilizzare il nostro kit per il vostro viaggio aereo in Giordania?<\/h3>\n<p>Se siete un viaggiatore che desidera :\u00a0<\/p>\n<ul>\n<li>Porta con te un beauty case sull&#039;aereo.<\/li>\n<li>\n<strong>Non correre pi\u00f9 rischi<\/strong> essere <strong>confiscare<\/strong> uno dei suoi prodotti di bellezza durante i controlli di sicurezza.<\/li>\n<li>Avere un <strong>kit da toilette adattato<\/strong> voli a lungo raggio.\u00a0<\/li>\n<li>Portate con voi tutto il necessario per <strong>mantenere un'igiene impeccabile<\/strong> anche con una differenza di orario di 6 ore.<\/li>\n<\/ul>\n<p style=\"text-align: center;\">Allora la nostra borsa da toilette \u00e8 proprio quello che fa per voi! \u2708\ufe0f<\/p>\n<p>Il <strong>benefici<\/strong> per scegliere il nostro <strong>Kit da viaggio<\/strong> Sono coinvolte le seguenti aziende giordane:<\/p>\n<ul>\n<li>\n<strong>Resistente e riciclabile<\/strong> per tutte le vostre esigenze di viaggio.<\/li>\n<li>Compatibile con <strong>ogni stile di viaggio<\/strong> grazie alla sua <strong>resistenza alle cadute<\/strong> e polvere.<\/li>\n<li>Un trattamento completo per il corpo adatto a <span style=\"text-decoration: underline;\"><strong>6 bottiglie da viaggio\u00a0<\/strong> <\/span>\n<\/li>\n<li>\n<strong>3 strumenti<\/strong> incluso con per <strong>regolare al millilitro<\/strong> i vostri prodotti di bellezza (imbuto, pipetta e spatola per creme)\u00a0 \u00a0<\/li>\n<\/ul>\n<p><meta charset=\"utf-8\"><span style=\"text-decoration: underline;\">Dimensioni della borsa da toilette (L x P x A) :<\/span><strong>\u00a0<\/strong><span>16,00 x18,50 x 4,20 cm<\/span><\/p>\n<p style=\"text-align: right;\">*Partnership con Jordan Judy<\/p>\n<p>\u00a0<\/p>\n<p>\u00a0<\/p>","protected":false},"excerpt":{"rendered":"<p>Il nostro Jordan Travel Kit 100% \u00e8 compatibile con tutte le restrizioni aeroportuali sui liquidi. Perch\u00e9 portare il nostro kit per i tuoi voli in Giordania? Se sei uno di quei viaggiatori che desidera: avere con s\u00e9 un beauty case sull&#039;aereo. Non correre pi\u00f9 il rischio di avere uno dei tuoi...<\/p>","protected":false},"featured_media":13297,"comment_status":"open","ping_status":"closed","template":"","meta":{"_kad_blocks_custom_css":"","_kad_blocks_head_custom_js":"","_kad_blocks_body_custom_js":"","_kad_blocks_footer_custom_js":"","_kad_post_transparent":"","_kad_post_title":"","_kad_post_layout":"","_kad_post_sidebar_id":"","_kad_post_content_style":"","_kad_post_vertical_padding":"","_kad_post_feature":"","_kad_post_feature_position":"","_kad_post_header":false,"_kad_post_footer":false,"_kad_post_classname":""},"product_brand":[385],"product_cat":[386,388],"product_tag":[],"class_list":{"0":"post-8093","1":"product","2":"type-product","3":"status-publish","4":"has-post-thumbnail","6":"product_brand-velartrip","7":"product_cat-accessoires-pratiques","8":"product_cat-nouveautes","10":"first","11":"instock","12":"taxable","13":"shipping-taxable","14":"purchasable","15":"product-type-simple","16":"entry","17":"content-bg","18":"loop-entry"},"taxonomy_info":{"product_brand":[{"value":385,"label":"VelarTrip"}],"product_cat":[{"value":386,"label":"Accessoires Pratiques"},{"value":388,"label":"Nouveaut\u00e9s"}]},"featured_image_src_large":["https:\/\/velartrip.com\/wp-content\/uploads\/2022\/04\/4001352335279_images_626d2d057f095_1.jpg",800,800,false],"author_info":[],"comment_info":6,"_links":{"self":[{"href":"https:\/\/velartrip.com\/it\/wp-json\/wp\/v2\/product\/8093","targetHints":{"allow":["GET"]}}],"collection":[{"href":"https:\/\/velartrip.com\/it\/wp-json\/wp\/v2\/product"}],"about":[{"href":"https:\/\/velartrip.com\/it\/wp-json\/wp\/v2\/types\/product"}],"replies":[{"embeddable":true,"href":"https:\/\/velartrip.com\/it\/wp-json\/wp\/v2\/comments?post=8093"}],"wp:featuredmedia":[{"embeddable":true,"href":"https:\/\/velartrip.com\/it\/wp-json\/wp\/v2\/media\/13297"}],"wp:attachment":[{"href":"https:\/\/velartrip.com\/it\/wp-json\/wp\/v2\/media?parent=8093"}],"wp:term":[{"taxonomy":"product_brand","embeddable":true,"href":"https:\/\/velartrip.com\/it\/wp-json\/wp\/v2\/product_brand?post=8093"},{"taxonomy":"product_cat","embeddable":true,"href":"https:\/\/velartrip.com\/it\/wp-json\/wp\/v2\/product_cat?post=8093"},{"taxonomy":"product_tag","embeddable":true,"href":"https:\/\/velartrip.com\/it\/wp-json\/wp\/v2\/product_tag?post=8093"}],"curies":[{"name":"wp","href":"https:\/\/api.w.org\/{rel}","templated":true}]}}