{"id":8238,"date":"2021-01-16T17:47:39","date_gmt":"2021-01-16T17:47:39","guid":{"rendered":"https:\/\/velartrip.com\/?product=porte-cles-gel-hydroalcoolique-br-puma-noir"},"modified":"2024-12-04T09:29:36","modified_gmt":"2024-12-04T08:29:36","slug":"porte-cles-gel-hydroalcoolique-puma-noir","status":"publish","type":"product","link":"https:\/\/velartrip.com\/it\/accessoires-lifestyle\/porte-cles-gel-hydroalcoolique\/porte-cles-gel-hydroalcoolique-puma-noir\/","title":{"rendered":"Puma Portachiavi in gel idroalcolico nero"},"content":{"rendered":"<h2>Elegante come una Puma nera, ecco il nostro portachiavi idroalcolico nei colori Puma.<\/h2>\n<ul>\n<li>A <strong>Flacone da 30 ml <\/strong>Riutilizzabile a vita!<\/li>\n<li>Una valigia, una borsetta, le chiavi... Il nostro porta-gel idroalcolico <strong>si adatta ovunque<\/strong><\/li>\n<li>Scegliere un <strong>il design che fa per voi <\/strong>pelle sintetica di alta qualit\u00e0<\/li>\n<li><span style=\"text-decoration: underline;\"><strong>Compatto e leggero<\/strong><\/span>r, niente pi\u00f9 bottiglie che occupano spazio!<\/li>\n<\/ul>\n<p>&nbsp;<\/p>\n<p><span style=\"text-decoration: underline;\">Dimensioni :<\/span>\u00a010 x 7 cm<\/p>\n<p>\u26a0\ufe0f Il flacone viene consegnato vuoto e senza liquido.<\/p>\n<h2 style=\"text-align: center;\"><span style=\"color: #82d5c7;\">\u00a0Perch\u00e9 scegliere un portachiavi in gel idroalcolico?<\/span><\/h2>\n<div style=\"text-align: left; padding-left: 30px;\">\u2705 Se siete stanchi di cercare il vostro gel idroalcolico nella vostra borsa<\/div>\n<div style=\"text-align: left; padding-left: 30px;\">Se non<strong> non sopporta di utilizzare il gel idroalcolico dei negozi<\/strong> quando si va a fare shopping<\/div>\n<div style=\"text-align: left; padding-left: 30px;\">\u2705 Se amate il design e la praticit\u00e0<\/div>\n<div style=\"text-align: left; padding-left: 30px;\">\u2705 Se desiderate viaggiare in <span style=\"text-decoration: underline;\"><a title=\"restrizioni sui liquidi nell&#039;aeromobile\" href=\"https:\/\/velartrip.com\/it\/prendre-gourde-avion\/\" target=\"_blank\" rel=\"noopener\">rispetto delle restrizioni sui liquidi negli aeroporti<\/a><\/span> mentre\u00a0<strong>Tenere le mani pulite in aereo<\/strong><\/div>\n<div style=\"text-align: left; padding-left: 30px;\"><\/div>\n<div style=\"text-align: left; padding-left: 30px;\"><\/div>\n<div style=\"text-align: left; padding-left: 30px;\"><\/div>\n<p>Quindi i nostri portachiavi <strong>sono adattati al vostro stile di vita<\/strong>. Scegliete il modello che fa per voi dalla nostra ampia selezione.<\/p>","protected":false},"excerpt":{"rendered":"<p>Aussi\u00a0\u00e9l\u00e9gant qu&rsquo;un Puma Noir, voici notre Porte-Cl\u00e9s Hydroalcoolique qui arbore ses couleurs. Un flacon\u00a0de 30\u2009ml r\u00e9utilisable \u00e0 vie ! Une valise, un sac \u00e0 main, des cl\u00e9s&#8230; Notre porte-gel hydroalcoolique s&rsquo;adapte partout Choisissez un design qui vous correspond de qualit\u00e9 sup\u00e9rieure en\u00a0cuir synth\u00e9tique Compact et l\u00e9ger, finis les flacons qui prennent de la place !&#8230;<\/p>","protected":false},"featured_media":0,"comment_status":"open","ping_status":"closed","template":"","meta":{"_kad_blocks_custom_css":"","_kad_blocks_head_custom_js":"","_kad_blocks_body_custom_js":"","_kad_blocks_footer_custom_js":"","_kad_post_transparent":"","_kad_post_title":"","_kad_post_layout":"","_kad_post_sidebar_id":"","_kad_post_content_style":"","_kad_post_vertical_padding":"","_kad_post_feature":"","_kad_post_feature_position":"","_kad_post_header":false,"_kad_post_footer":false,"_kad_post_classname":""},"product_brand":[385],"product_cat":[400,405],"product_tag":[],"class_list":{"0":"post-8238","1":"product","2":"type-product","3":"status-publish","5":"product_brand-velartrip","6":"product_cat-porte-cles-gel-hydroalcoolique","7":"product_cat-accessoires-lifestyle","9":"first","10":"instock","11":"taxable","12":"shipping-taxable","13":"purchasable","14":"product-type-variable","15":"entry","16":"content-bg","17":"loop-entry"},"taxonomy_info":{"product_brand":[{"value":385,"label":"VelarTrip"}],"product_cat":[{"value":400,"label":"Porte-Cl\u00e9s Gel Hydroalcoolique"},{"value":405,"label":"Accessoires Lifestyle"}]},"featured_image_src_large":false,"author_info":[],"comment_info":3,"_links":{"self":[{"href":"https:\/\/velartrip.com\/it\/wp-json\/wp\/v2\/product\/8238","targetHints":{"allow":["GET"]}}],"collection":[{"href":"https:\/\/velartrip.com\/it\/wp-json\/wp\/v2\/product"}],"about":[{"href":"https:\/\/velartrip.com\/it\/wp-json\/wp\/v2\/types\/product"}],"replies":[{"embeddable":true,"href":"https:\/\/velartrip.com\/it\/wp-json\/wp\/v2\/comments?post=8238"}],"wp:attachment":[{"href":"https:\/\/velartrip.com\/it\/wp-json\/wp\/v2\/media?parent=8238"}],"wp:term":[{"taxonomy":"product_brand","embeddable":true,"href":"https:\/\/velartrip.com\/it\/wp-json\/wp\/v2\/product_brand?post=8238"},{"taxonomy":"product_cat","embeddable":true,"href":"https:\/\/velartrip.com\/it\/wp-json\/wp\/v2\/product_cat?post=8238"},{"taxonomy":"product_tag","embeddable":true,"href":"https:\/\/velartrip.com\/it\/wp-json\/wp\/v2\/product_tag?post=8238"}],"curies":[{"name":"wp","href":"https:\/\/api.w.org\/{rel}","templated":true}]}}