{"id":8304,"date":"2021-01-27T11:04:36","date_gmt":"2021-01-27T11:04:36","guid":{"rendered":"https:\/\/velartrip.com\/?product=trousse-de-toilette-a-suspendre-br-fly-mode"},"modified":"2024-12-04T09:29:35","modified_gmt":"2024-12-04T08:29:35","slug":"trousse-toilette-voyage-compact-suspendre","status":"publish","type":"product","link":"https:\/\/velartrip.com\/it\/accessoires-voyage\/trousses-toilette\/trousse-toilette-voyage-compact-suspendre\/","title":{"rendered":"Fly Mode - Borsa da toilette da appendere"},"content":{"rendered":"<p><meta charset=\"utf-8\"><\/p>\n<h2><b>Perch\u00e9 scegliere la nostra borsa da viaggio appesa per la toilette?<\/b><\/h2>\n<p>Se desiderate :<\/p>\n<p>\u2705 Essere in grado di creare <strong>uno spazio di bellezza ovunque.<\/strong><\/p>\n<p>\u2705 <strong>Risparmiare spazio con facilit\u00e0<\/strong> nel bagno o nelle camere d'albergo quando si \u00e8 in viaggio.<\/p>\n<p>\u2705 Avere un kit con <strong>comodo ma compatto<\/strong>\u00a0per i vostri prodotti di bellezza.<\/p>\n<h3 style=\"text-align: center;\"><span style=\"color: #db7c46;\">Allora la nostra borsa da toilette Fly Mode \u00e8 perfetta per voi!<\/span><\/h3>\n<p>Ecco i\u00a0<strong>4 vantaggi<\/strong> che compongono la nostra borsa da toilette <strong>un accessorio essenziale<\/strong> per la vostra vita quotidiana e per i vostri viaggi:<\/p>\n<ul>\n<li>\n<strong>Tutti i vostri prodotti in un unico posto:<\/strong> Consente di risparmiare spazio nella valigia 30% rispetto all'accorpamento di pi\u00f9 kit.<\/li>\n<li>I vostri prodotti <strong>sempre organizzati in un unico posto<\/strong> niente pi\u00f9 ricerca di prodotti in tasche diverse<\/li>\n<li>\n<strong>Un'area di vera bellezza<\/strong>\u00a0disponibile ovunque, grazie al suo gancio che pu\u00f2 essere montato su: porta, pareti della doccia, portasciugamani, mensole...\u00a0\u00a0\n<\/li>\n<li>\n<span style=\"text-decoration: underline;\">Un design adatto al vostro stile di vita:<\/span> si svolge e <strong>gamme in meno di 3 secondi<\/strong> !<\/li>\n<\/ul>\n<p><span style=\"text-decoration: underline;\">Dimensioni<\/span> :\u00a0<\/p>\n<p><meta charset=\"utf-8\"><span data-mce-fragment=\"1\">Piegato e chiuso\u00a0<\/span>22,5 x 18,5 x 8,5 cm<\/p>","protected":false},"excerpt":{"rendered":"<p>Pourquoi choisir\u00a0notre Trousse de Toilette de Voyage \u00e0 Suspendre ? Si vous souhaitez : \u2705 Pouvoir vous cr\u00e9er un espace beaut\u00e9 n&rsquo;importe o\u00f9. \u2705 Gagner facilement de la place dans votre salle de bain ou les chambres d&rsquo;h\u00f4tel lors de vos d\u00e9placements. \u2705 Avoir une trousse avec un rangement confortable, mais qui reste compact\u00a0pour vos&#8230;<\/p>","protected":false},"featured_media":13063,"comment_status":"open","ping_status":"closed","template":"","meta":{"_kad_blocks_custom_css":"","_kad_blocks_head_custom_js":"","_kad_blocks_body_custom_js":"","_kad_blocks_footer_custom_js":"","_kad_post_transparent":"","_kad_post_title":"","_kad_post_layout":"","_kad_post_sidebar_id":"","_kad_post_content_style":"","_kad_post_vertical_padding":"","_kad_post_feature":"","_kad_post_feature_position":"","_kad_post_header":false,"_kad_post_footer":false,"_kad_post_classname":""},"product_brand":[385],"product_cat":[404,401],"product_tag":[],"class_list":{"0":"post-8304","1":"product","2":"type-product","3":"status-publish","4":"has-post-thumbnail","6":"product_brand-velartrip","7":"product_cat-accessoires-voyage","8":"product_cat-trousses-toilette","10":"first","11":"instock","12":"taxable","13":"shipping-taxable","14":"purchasable","15":"product-type-variable","16":"entry","17":"content-bg","18":"loop-entry"},"taxonomy_info":{"product_brand":[{"value":385,"label":"VelarTrip"}],"product_cat":[{"value":404,"label":"Accessoires de Voyage"},{"value":401,"label":"Trousses de Toilette"}]},"featured_image_src_large":["https:\/\/velartrip.com\/wp-content\/uploads\/2022\/04\/trousse-de-toilette-a\u0300-suspendre-to-travel-to-life-rose-velartrip.jpg",800,800,false],"author_info":[],"comment_info":4,"_links":{"self":[{"href":"https:\/\/velartrip.com\/it\/wp-json\/wp\/v2\/product\/8304","targetHints":{"allow":["GET"]}}],"collection":[{"href":"https:\/\/velartrip.com\/it\/wp-json\/wp\/v2\/product"}],"about":[{"href":"https:\/\/velartrip.com\/it\/wp-json\/wp\/v2\/types\/product"}],"replies":[{"embeddable":true,"href":"https:\/\/velartrip.com\/it\/wp-json\/wp\/v2\/comments?post=8304"}],"wp:featuredmedia":[{"embeddable":true,"href":"https:\/\/velartrip.com\/it\/wp-json\/wp\/v2\/media\/13063"}],"wp:attachment":[{"href":"https:\/\/velartrip.com\/it\/wp-json\/wp\/v2\/media?parent=8304"}],"wp:term":[{"taxonomy":"product_brand","embeddable":true,"href":"https:\/\/velartrip.com\/it\/wp-json\/wp\/v2\/product_brand?post=8304"},{"taxonomy":"product_cat","embeddable":true,"href":"https:\/\/velartrip.com\/it\/wp-json\/wp\/v2\/product_cat?post=8304"},{"taxonomy":"product_tag","embeddable":true,"href":"https:\/\/velartrip.com\/it\/wp-json\/wp\/v2\/product_tag?post=8304"}],"curies":[{"name":"wp","href":"https:\/\/api.w.org\/{rel}","templated":true}]}}