{"id":8340,"date":"2021-01-29T22:27:57","date_gmt":"2021-01-29T22:27:57","guid":{"rendered":"https:\/\/velartrip.com\/?product=protege-passeport-br-marbre-camel"},"modified":"2024-12-04T09:29:26","modified_gmt":"2024-12-04T08:29:26","slug":"protege-passeport-marbre-camel","status":"publish","type":"product","link":"https:\/\/velartrip.com\/it\/accessoires-pour-valise\/protege-passeports\/protege-passeport-marbre-camel\/","title":{"rendered":"Copertina per passaporto in marmo (cammello)"},"content":{"rendered":"<p>&nbsp;<\/p>\n<h2>Scoprite la nostra copertina per passaporto in marmo di cammello. Per un passaporto unico e 100% sicuro per tutti i vostri viaggi.<\/h2>\n<ul>\n<li>Destinato esclusivamente alla copertura del passaporto.<\/li>\n<li>Composizione: pelle sintetica.<\/li>\n<\/ul>\n<ul>\n<li><strong>CONSEGNA STANDARD GRATUITA<\/strong><\/li>\n<\/ul>\n<p><span style=\"text-decoration: underline;\">Dimensioni :<\/span> 14,2 x 9,8 cm<\/p>","protected":false},"excerpt":{"rendered":"<p>&nbsp; D\u00e9couvrez notre Prot\u00e8ge-Passeport Marbre Camel. Pour un passeport unique et 100% s\u00e9curis\u00e9 pour tous vos voyages. Destin\u00e9 uniquement pour couvrir\u00a0ton passeport. Composition : cuir synth\u00e9tique. LIVRAISON STANDARD OFFERTE Dimensions : 14,2 x 9,8 cm<\/p>","protected":false},"featured_media":12946,"comment_status":"open","ping_status":"closed","template":"","meta":{"_kad_blocks_custom_css":"","_kad_blocks_head_custom_js":"","_kad_blocks_body_custom_js":"","_kad_blocks_footer_custom_js":"","_kad_post_transparent":"","_kad_post_title":"","_kad_post_layout":"","_kad_post_sidebar_id":"","_kad_post_content_style":"","_kad_post_vertical_padding":"","_kad_post_feature":"","_kad_post_feature_position":"","_kad_post_header":false,"_kad_post_footer":false,"_kad_post_classname":""},"product_brand":[385],"product_cat":[395,618],"product_tag":[186,95],"class_list":{"0":"post-8340","1":"product","2":"type-product","3":"status-publish","4":"has-post-thumbnail","6":"product_brand-velartrip","7":"product_cat-protege-passeports","8":"product_cat-accessoires-pour-valise","9":"product_tag-aeroport","10":"product_tag-avion","12":"first","13":"instock","14":"taxable","15":"shipping-taxable","16":"purchasable","17":"product-type-simple","18":"entry","19":"content-bg","20":"loop-entry"},"taxonomy_info":{"product_brand":[{"value":385,"label":"VelarTrip"}],"product_cat":[{"value":395,"label":"Prot\u00e8ge-Passeports"},{"value":618,"label":"Accessoires pour Valise"}],"product_tag":[{"value":186,"label":"A\u00e9roport"},{"value":95,"label":"Avion"}]},"featured_image_src_large":["https:\/\/velartrip.com\/wp-content\/uploads\/2022\/04\/5-2.jpg",800,800,false],"author_info":[],"comment_info":6,"_links":{"self":[{"href":"https:\/\/velartrip.com\/it\/wp-json\/wp\/v2\/product\/8340","targetHints":{"allow":["GET"]}}],"collection":[{"href":"https:\/\/velartrip.com\/it\/wp-json\/wp\/v2\/product"}],"about":[{"href":"https:\/\/velartrip.com\/it\/wp-json\/wp\/v2\/types\/product"}],"replies":[{"embeddable":true,"href":"https:\/\/velartrip.com\/it\/wp-json\/wp\/v2\/comments?post=8340"}],"wp:featuredmedia":[{"embeddable":true,"href":"https:\/\/velartrip.com\/it\/wp-json\/wp\/v2\/media\/12946"}],"wp:attachment":[{"href":"https:\/\/velartrip.com\/it\/wp-json\/wp\/v2\/media?parent=8340"}],"wp:term":[{"taxonomy":"product_brand","embeddable":true,"href":"https:\/\/velartrip.com\/it\/wp-json\/wp\/v2\/product_brand?post=8340"},{"taxonomy":"product_cat","embeddable":true,"href":"https:\/\/velartrip.com\/it\/wp-json\/wp\/v2\/product_cat?post=8340"},{"taxonomy":"product_tag","embeddable":true,"href":"https:\/\/velartrip.com\/it\/wp-json\/wp\/v2\/product_tag?post=8340"}],"curies":[{"name":"wp","href":"https:\/\/api.w.org\/{rel}","templated":true}]}}