{"id":8392,"date":"2021-02-18T20:08:24","date_gmt":"2021-02-18T20:08:24","guid":{"rendered":"https:\/\/velartrip.com\/?product=pins-br-bernard-lhermite"},"modified":"2024-12-04T09:29:25","modified_gmt":"2024-12-04T08:29:25","slug":"pins-bernard-l-hermite","status":"publish","type":"product","link":"https:\/\/velartrip.com\/it\/accessoires-voyage\/pins\/pins-bernard-l-hermite\/","title":{"rendered":"Spilla Bernard l'Hermite"},"content":{"rendered":"<p><meta charset=\"UTF-8\"><\/p>\n<h2>Ecco la nostra famosa spilla raffigurante questo ladro di conchiglie!\u00a0<\/h2>\n<ul>\n<li>L'accessorio utile per <strong>aggiungete il vostro tocco personale<\/strong> sul suo bagaglio.<\/li>\n<li>Sar\u00e0 inseparabile dalla vostra borsa grazie al suo <strong>la sua sicura chiusura 100%<\/strong>.<\/li>\n<li>Dimensioni: 2,28 x 2,28 cm.<\/li>\n<\/ul>\n<h3 style=\"text-align: center;\"><span style=\"color: #82d5c7;\">Perch\u00e9 scegliere un Pin's per i vostri viaggi?<\/span><\/h3>\n<h4>1 &#8211; <span style=\"text-decoration: underline;\">Storia della spilla\u00a0<\/span><br \/>\n<\/h4>\n<p>Le spille sono state a lungo utilizzate come mezzo pubblicitario per i marchi. Secondo le nostre stime, il picco di popolarit\u00e0 delle spille \u00e8 stato raggiunto negli anni '90. A distanza di 5 anni, la produzione \u00e8 diminuita notevolmente.<\/p>\n<p>Oggi la spilla non viene pi\u00f9 prodotta e viene utilizzata solo per alcuni eventi sportivi o culturali. <br \/>Tuttavia, esiste ancora una comunit\u00e0 di appassionati noti come filopini o filopinisti che continuano a scovare gli spilli pi\u00f9 rari alle fiere del collezionismo o attraverso i forum.<\/p>\n<h4>2 &#8211; <span style=\"text-decoration: underline;\">Pin e viaggi di VelarTrip<\/span><br \/>\n<\/h4>\n<p>Come sapete, la nostra ambizione pi\u00f9 profonda \u00e8 quella di permettervi di <strong>viaggiare concentrandosi sull'essenziale.<\/strong><\/p>\n<p><span style=\"text-decoration: underline;\"><\/span>Ma cosa si intende per \"essenziale\"?<\/p>\n<p>Se dovessimo definirlo, \u00e8 l'insieme delle emozioni positive che si provano viaggiando.<\/p>\n<p>Ecco perch\u00e9, grazie alle nostre spille, speriamo (vivamente) che possiate :<\/p>\n<ul>\n<li>\n<strong>Personalizzare<\/strong><span>\u00a0<\/span>in base alla vostra personalit\u00e0.<strong><span>\u00a0<\/span>borse o zaini da viaggio<\/strong>.<\/li>\n<li>\n<strong>Facile da trovare<\/strong><span>\u00a0<\/span>le vostre valigie.<\/li>\n<li>\n<strong>Distinguere le borse<\/strong><span>\u00a0<\/span>tra gli altri viaggiatori.<\/li>\n<\/ul>\n<p>Oltre alla nostra<span style=\"text-decoration: underline;\">\u00a0<a href=\"https:\/\/velartrip.com\/it\/collections\/housses-de-valise\/\" title=\"collezione di coprivaligie\" target=\"_blank\" rel=\"noopener\">coperture per valigie<\/a><\/span><span>\u00a0<\/span>o il nostro<span>\u00a0<\/span><span style=\"text-decoration: underline;\"><a href=\"https:\/\/velartrip.com\/it\/collections\/etiquettes-bagages\/\" title=\"collezione di etichette per bagagli\" target=\"_blank\" rel=\"noopener\">etichette per bagagli<\/a><\/span>Aggiungendo semplicemente un pin, \u00e8 possibile<span>\u00a0<\/span><strong>ridurre notevolmente il rischio di smarrimento del bagaglio<\/strong>.<\/p>","protected":false},"excerpt":{"rendered":"<p>Voici notre c\u00e9l\u00e8bre Pin&rsquo;s \u00e0 l&rsquo;effigie de ce voleur de coquille !\u00a0 L&rsquo;accessoire\u00a0utile\u00a0pour ajouter\u00a0sa touche personnelle sur\u00a0ses bagages. Il sera ins\u00e9parable avec votre sac gr\u00e2ce \u00e0 son\u00a0fermoir 100% s\u00e9curis\u00e9. Dimensions : 2,28 x 2,28 cm. Pourquoi choisir un Pin&rsquo;s pour vos voyages ? 1 &#8211; Histoire du Pin&rsquo;s\u00a0 Le pin&rsquo;s a \u00e9t\u00e9 longtemps utilis\u00e9 comme&#8230;<\/p>","protected":false},"featured_media":12692,"comment_status":"open","ping_status":"closed","template":"","meta":{"_kad_blocks_custom_css":"","_kad_blocks_head_custom_js":"","_kad_blocks_body_custom_js":"","_kad_blocks_footer_custom_js":"","_kad_post_transparent":"","_kad_post_title":"","_kad_post_layout":"","_kad_post_sidebar_id":"","_kad_post_content_style":"","_kad_post_vertical_padding":"","_kad_post_feature":"","_kad_post_feature_position":"","_kad_post_header":false,"_kad_post_footer":false,"_kad_post_classname":""},"product_brand":[385],"product_cat":[404,402],"product_tag":[],"class_list":{"0":"post-8392","1":"product","2":"type-product","3":"status-publish","4":"has-post-thumbnail","6":"product_brand-velartrip","7":"product_cat-accessoires-voyage","8":"product_cat-pins","10":"first","11":"instock","12":"taxable","13":"shipping-taxable","14":"purchasable","15":"product-type-simple","16":"entry","17":"content-bg","18":"loop-entry"},"taxonomy_info":{"product_brand":[{"value":385,"label":"VelarTrip"}],"product_cat":[{"value":404,"label":"Accessoires de Voyage"},{"value":402,"label":"Pin's"}]},"featured_image_src_large":["https:\/\/velartrip.com\/wp-content\/uploads\/2022\/04\/33029291007_images_625ee2ff6d89b_3.webp",800,800,false],"author_info":[],"comment_info":4,"_links":{"self":[{"href":"https:\/\/velartrip.com\/it\/wp-json\/wp\/v2\/product\/8392","targetHints":{"allow":["GET"]}}],"collection":[{"href":"https:\/\/velartrip.com\/it\/wp-json\/wp\/v2\/product"}],"about":[{"href":"https:\/\/velartrip.com\/it\/wp-json\/wp\/v2\/types\/product"}],"replies":[{"embeddable":true,"href":"https:\/\/velartrip.com\/it\/wp-json\/wp\/v2\/comments?post=8392"}],"wp:featuredmedia":[{"embeddable":true,"href":"https:\/\/velartrip.com\/it\/wp-json\/wp\/v2\/media\/12692"}],"wp:attachment":[{"href":"https:\/\/velartrip.com\/it\/wp-json\/wp\/v2\/media?parent=8392"}],"wp:term":[{"taxonomy":"product_brand","embeddable":true,"href":"https:\/\/velartrip.com\/it\/wp-json\/wp\/v2\/product_brand?post=8392"},{"taxonomy":"product_cat","embeddable":true,"href":"https:\/\/velartrip.com\/it\/wp-json\/wp\/v2\/product_cat?post=8392"},{"taxonomy":"product_tag","embeddable":true,"href":"https:\/\/velartrip.com\/it\/wp-json\/wp\/v2\/product_tag?post=8392"}],"curies":[{"name":"wp","href":"https:\/\/api.w.org\/{rel}","templated":true}]}}