{"id":8737,"date":"2021-03-14T13:19:49","date_gmt":"2021-03-14T13:19:49","guid":{"rendered":"https:\/\/velartrip.com\/?product=pins-br-drapeau-nouvelle-zelande"},"modified":"2024-12-04T09:29:10","modified_gmt":"2024-12-04T08:29:10","slug":"pins-drapeau-nouvelle-zelande","status":"publish","type":"product","link":"https:\/\/velartrip.com\/it\/accessoires-voyage\/pins\/pins-drapeau-nouvelle-zelande\/","title":{"rendered":"Spilla con bandiera della Nuova Zelanda"},"content":{"rendered":"<h2>Anche se non siete appassionati di rugby, vi consigliamo di visitare questo splendido Paese. Se l'avete gi\u00e0 fatto, ecco la nostra spilla con la bandiera della Nuova Zelanda.<\/h2>\n<ul>\n<li>Dimensioni medie: 1,9 x 1,8 cm.<\/li>\n<li>Sar\u00e0 inseparabile dalla vostra borsa grazie al suo <strong>la sua sicura chiusura 100%<\/strong>.<\/li>\n<li>Dimensioni: 1,9 x 1,6 cm.<\/li>\n<\/ul>\n<h3 style=\"text-align: center;\"><span style=\"color: #82d5c7;\">Perch\u00e9 scegliere un Pin's per i vostri viaggi?<\/span><\/h3>\n<h4>1 &#8211; <span style=\"text-decoration: underline;\">Storia della spilla <\/span><\/h4>\n<p>Le spille sono state a lungo utilizzate come mezzo pubblicitario per i marchi. Secondo le nostre stime, il picco di popolarit\u00e0 delle spille \u00e8 stato raggiunto negli anni '90. A distanza di 5 anni, la produzione \u00e8 diminuita notevolmente.<\/p>\n<p>Oggi la spilla non viene pi\u00f9 prodotta e viene utilizzata solo per alcuni eventi sportivi o culturali.<br \/>\nTuttavia, esiste ancora una comunit\u00e0 di appassionati noti come filopini o filopinisti che continuano a scovare gli spilli pi\u00f9 rari alle fiere del collezionismo o attraverso i forum.<\/p>\n<h4>2 &#8211; <span style=\"text-decoration: underline;\">Pin e viaggi di VelarTrip<\/span><\/h4>\n<p>Come sapete, la nostra ambizione pi\u00f9 profonda \u00e8 quella di permettervi di <strong>viaggiare concentrandosi sull'essenziale.<\/strong><\/p>\n<p>Ma cosa si intende per \"essenziale\"?<\/p>\n<p>Se dovessimo definirlo, \u00e8 l'insieme delle emozioni positive che si provano viaggiando.<\/p>\n<p>Ecco perch\u00e9, grazie alle nostre spille, speriamo (vivamente) che possiate :<\/p>\n<ul>\n<li><strong>Personalizzare<\/strong> in base alla vostra personalit\u00e0.<strong> borse o zaini da viaggio<\/strong>.<\/li>\n<li><strong>Facile da trovare<\/strong> le vostre valigie.<\/li>\n<li><strong>Distinguere le borse<\/strong> tra gli altri viaggiatori.<\/li>\n<\/ul>\n<p>Oltre alla nostra <span style=\"text-decoration: underline;\"><a title=\"collezione di coprivaligie\" href=\"https:\/\/velartrip.com\/it\/collections\/housses-de-valise\/\" target=\"_blank\" rel=\"noopener\">coperture per valigie<\/a><\/span> o il nostro <span style=\"text-decoration: underline;\"><a title=\"collezione di etichette per bagagli\" href=\"https:\/\/velartrip.com\/it\/collections\/etiquettes-bagages\/\" target=\"_blank\" rel=\"noopener\">etichette per bagagli<\/a><\/span>Aggiungendo semplicemente un pin, \u00e8 possibile <strong>ridurre notevolmente il rischio di smarrimento del bagaglio<\/strong>.<\/p>","protected":false},"excerpt":{"rendered":"<p>Anche se non siete appassionati di rugby, vi consigliamo di visitare questo splendido paese. Se ne hai gi\u00e0 una, ecco la nostra spilla con la bandiera della Nuova Zelanda. Dimensioni medie: 1,9 x 1,8 cm. Sar\u00e0 inseparabile dalla tua borsa grazie alla sua sicura chiusura 100%. Dimensioni: 1,9 x 1,6 cm. Perch\u00e9 scegliere un Pin per\u2026<\/p>","protected":false},"featured_media":12509,"comment_status":"open","ping_status":"closed","template":"","meta":{"_kad_blocks_custom_css":"","_kad_blocks_head_custom_js":"","_kad_blocks_body_custom_js":"","_kad_blocks_footer_custom_js":"","_kad_post_transparent":"","_kad_post_title":"","_kad_post_layout":"","_kad_post_sidebar_id":"","_kad_post_content_style":"","_kad_post_vertical_padding":"","_kad_post_feature":"","_kad_post_feature_position":"","_kad_post_header":false,"_kad_post_footer":false,"_kad_post_classname":""},"product_brand":[385],"product_cat":[404,402,957],"product_tag":[354],"class_list":{"0":"post-8737","1":"product","2":"type-product","3":"status-publish","4":"has-post-thumbnail","6":"product_brand-velartrip","7":"product_cat-accessoires-voyage","8":"product_cat-pins","9":"product_cat-pins-drapeau","10":"product_tag-drapeau","12":"first","13":"instock","14":"taxable","15":"shipping-taxable","16":"purchasable","17":"product-type-variable","18":"entry","19":"content-bg","20":"loop-entry"},"taxonomy_info":{"product_brand":[{"value":385,"label":"VelarTrip"}],"product_cat":[{"value":404,"label":"Accessoires de Voyage"},{"value":402,"label":"Pin's"},{"value":957,"label":"Pin's Drapeau"}],"product_tag":[{"value":354,"label":"Drapeau"}]},"featured_image_src_large":["https:\/\/velartrip.com\/wp-content\/uploads\/2022\/04\/pins-drapeau-nouvelle-ze\u0301lande-velartrip.jpg",800,800,false],"author_info":[],"comment_info":4,"_links":{"self":[{"href":"https:\/\/velartrip.com\/it\/wp-json\/wp\/v2\/product\/8737","targetHints":{"allow":["GET"]}}],"collection":[{"href":"https:\/\/velartrip.com\/it\/wp-json\/wp\/v2\/product"}],"about":[{"href":"https:\/\/velartrip.com\/it\/wp-json\/wp\/v2\/types\/product"}],"replies":[{"embeddable":true,"href":"https:\/\/velartrip.com\/it\/wp-json\/wp\/v2\/comments?post=8737"}],"wp:featuredmedia":[{"embeddable":true,"href":"https:\/\/velartrip.com\/it\/wp-json\/wp\/v2\/media\/12509"}],"wp:attachment":[{"href":"https:\/\/velartrip.com\/it\/wp-json\/wp\/v2\/media?parent=8737"}],"wp:term":[{"taxonomy":"product_brand","embeddable":true,"href":"https:\/\/velartrip.com\/it\/wp-json\/wp\/v2\/product_brand?post=8737"},{"taxonomy":"product_cat","embeddable":true,"href":"https:\/\/velartrip.com\/it\/wp-json\/wp\/v2\/product_cat?post=8737"},{"taxonomy":"product_tag","embeddable":true,"href":"https:\/\/velartrip.com\/it\/wp-json\/wp\/v2\/product_tag?post=8737"}],"curies":[{"name":"wp","href":"https:\/\/api.w.org\/{rel}","templated":true}]}}