{"id":14414,"date":"2024-10-26T17:22:46","date_gmt":"2024-10-26T15:22:46","guid":{"rendered":"https:\/\/velartrip.com\/?post_type=product&#038;p=14414"},"modified":"2024-12-04T09:28:12","modified_gmt":"2024-12-04T08:28:12","slug":"pin-drapeau-palestine","status":"publish","type":"product","link":"https:\/\/velartrip.com\/nl\/accessoires-voyage\/pins\/pin-drapeau-palestine\/","title":{"rendered":"Palestina Vlag Pin"},"content":{"rendered":"<h3><strong>Vlagpin van Palestina: een symbool van solidariteit en betrokkenheid<\/strong><\/h3>\n<p><strong>Toon uw steun voor de Palestijnse zaak met onze stijlvolle Palestijnse vlagspeld.<\/strong> Deze zorgvuldig vervaardigde pin is meer dan alleen een accessoire; Het is een krachtige uiting van uw waarden en betrokkenheid.<\/p>\n<h4><strong>Functies :<\/strong><\/h4>\n<ul>\n<li><strong>Authentiek ontwerp:<\/strong> Onze pin geeft nauwkeurig de kleuren en het ontwerp van de Palestijnse vlag weer, zodat u uw solidariteit in stijl kunt tonen.<\/li>\n<li><strong>Materialen van hoge kwaliteit:<\/strong> Deze pin is gemaakt van stevig metaal met een ge\u00ebmailleerde afwerking en is zowel duurzaam als stijlvol, perfect voor dagelijks gebruik.<\/li>\n<li><strong>Praktisch formaat:<\/strong> Met een formaat van 3 x 2 cm kunt u het eenvoudig bevestigen aan uw kleding, tas of hoed, waardoor elke outfit een betekenisvol tintje krijgt.<\/li>\n<\/ul>\n<h4><strong>Waarom kiezen voor onze Palestina Pine?<\/strong><\/h4>\n<ul>\n<li><strong>Toon uw identiteit:<\/strong> Of het nu gaat om demonstraties, culturele evenementen of gewoon in het dagelijks leven: deze pin is de perfecte manier om uw overtuigingen te uiten.<\/li>\n<li><strong>Een ideaal geschenk:<\/strong> Geef het aan vrienden en familie om een krachtige boodschap van vrede en gerechtigheid te delen.<\/li>\n<li><strong>Tevredenheid gegarandeerd:<\/strong> Koop met vertrouwen met ons eenvoudige retourbeleid.<\/li>\n<\/ul>\n<h3><strong>Bestel vandaag nog!<\/strong><\/h3>\n<p>Mis de kans niet om een krachtig symbool van solidariteit te dragen. <strong>Voeg de Palestina-vlagpin nu toe aan je collectie en stuur een krachtige boodschap!<\/strong> Profiteer van onze speciale aanbieding: <strong>10 % korting op je eerste bestelling met code PALESTINE10.<\/strong><\/p>","protected":false},"excerpt":{"rendered":"<p>Pin Drapeau Palestine : Un Symbole de Solidarit\u00e9 et d\u2019Engagement Montrez votre soutien \u00e0 la cause palestinienne avec notre \u00e9l\u00e9gant pin du drapeau de la Palestine. Fabriqu\u00e9 avec soin, ce pin est bien plus qu&rsquo;un simple accessoire ; c&rsquo;est une d\u00e9claration forte de vos valeurs et de votre engagement. Caract\u00e9ristiques : Design Authentique : Notre&#8230;<\/p>","protected":false},"featured_media":14421,"comment_status":"open","ping_status":"closed","template":"","meta":{"_kad_blocks_custom_css":"","_kad_blocks_head_custom_js":"","_kad_blocks_body_custom_js":"","_kad_blocks_footer_custom_js":"","_kad_post_transparent":"","_kad_post_title":"","_kad_post_layout":"","_kad_post_sidebar_id":"","_kad_post_content_style":"","_kad_post_vertical_padding":"","_kad_post_feature":"","_kad_post_feature_position":"","_kad_post_header":false,"_kad_post_footer":false,"_kad_post_classname":""},"product_brand":[],"product_cat":[402,404,957],"product_tag":[],"class_list":{"0":"post-14414","1":"product","2":"type-product","3":"status-publish","4":"has-post-thumbnail","6":"product_cat-pins","7":"product_cat-accessoires-voyage","8":"product_cat-pins-drapeau","10":"first","11":"instock","12":"taxable","13":"shipping-taxable","14":"purchasable","15":"product-type-variable","16":"has-default-attributes","17":"entry","18":"content-bg","19":"loop-entry"},"taxonomy_info":{"product_cat":[{"value":402,"label":"Pin's"},{"value":404,"label":"Accessoires de Voyage"},{"value":957,"label":"Pin's Drapeau"}]},"featured_image_src_large":["https:\/\/velartrip.com\/wp-content\/uploads\/2024\/10\/1-800x800.jpg",800,800,true],"author_info":[],"comment_info":0,"_links":{"self":[{"href":"https:\/\/velartrip.com\/nl\/wp-json\/wp\/v2\/product\/14414","targetHints":{"allow":["GET"]}}],"collection":[{"href":"https:\/\/velartrip.com\/nl\/wp-json\/wp\/v2\/product"}],"about":[{"href":"https:\/\/velartrip.com\/nl\/wp-json\/wp\/v2\/types\/product"}],"replies":[{"embeddable":true,"href":"https:\/\/velartrip.com\/nl\/wp-json\/wp\/v2\/comments?post=14414"}],"wp:featuredmedia":[{"embeddable":true,"href":"https:\/\/velartrip.com\/nl\/wp-json\/wp\/v2\/media\/14421"}],"wp:attachment":[{"href":"https:\/\/velartrip.com\/nl\/wp-json\/wp\/v2\/media?parent=14414"}],"wp:term":[{"taxonomy":"product_brand","embeddable":true,"href":"https:\/\/velartrip.com\/nl\/wp-json\/wp\/v2\/product_brand?post=14414"},{"taxonomy":"product_cat","embeddable":true,"href":"https:\/\/velartrip.com\/nl\/wp-json\/wp\/v2\/product_cat?post=14414"},{"taxonomy":"product_tag","embeddable":true,"href":"https:\/\/velartrip.com\/nl\/wp-json\/wp\/v2\/product_tag?post=14414"}],"curies":[{"name":"wp","href":"https:\/\/api.w.org\/{rel}","templated":true}]}}