{"id":16716,"date":"2025-03-14T17:37:04","date_gmt":"2025-03-14T16:37:04","guid":{"rendered":"https:\/\/velartrip.com\/?post_type=product&#038;p=16716"},"modified":"2026-03-23T20:15:21","modified_gmt":"2026-03-23T19:15:21","slug":"kit-de-survie-3eme-guerre-mondiale","status":"publish","type":"product","link":"https:\/\/velartrip.com\/nl\/survie\/kit-de-survie-3eme-guerre-mondiale\/","title":{"rendered":"Overlevingskit voor de Derde Wereldoorlog"},"content":{"rendered":"<p><strong>Ultieme WW3 Survival Kit - Complete nooduitrusting<\/strong><\/p>\n<p>Bereid je voor op elke situatie met deze <strong>ultra-complete overlevingskit<\/strong>, ontworpen om te kunnen omgaan met onverwachte gebeurtenissen zoals een ramp, conflict of nood-evacuatie. Of u nu in de wildernis, in de stad of onderweg bent, deze militaire overlevingstas biedt u de <strong>essenti\u00eble hulpmiddelen om uw veiligheid en onafhankelijkheid te garanderen.<\/strong><\/p>\n<h3>\ud83d\ude80 <strong>Wat zit er in deze overlevingskit?<\/strong><\/h3>\n<p>\ud83d\udd26 <strong>Verlichting en ori\u00ebntatie<\/strong><\/p>\n<ul>\n<li><strong>Zaklamp<\/strong> ultra-krachtig om zelfs in totale duisternis te zien<\/li>\n<li><strong>Precisiekompas<\/strong> navigeren zonder GPS<\/li>\n<li><strong>Noodfluitje<\/strong> om uw positie te melden<\/li>\n<\/ul>\n<p>\ud83d\udd2a <strong>Multifunctionele gereedschappen<\/strong><\/p>\n<ul>\n<li><strong>Vouwtang<\/strong> met meerdere functies voor snijden, schroeven, vastdraaien<\/li>\n<li><strong>2-in-1 mes en vork<\/strong> ideaal om te eten in een overlevingssituatie<\/li>\n<li><strong>Multitoolkaart<\/strong> (flesopener, schroevendraaier, zaag, inbussleutel, enz.)<\/li>\n<li><strong>Tactische pen<\/strong> die als verdedigingswapen gebruikt kan worden<\/li>\n<\/ul>\n<p>\ud83c\udf92 <strong>Overlevings- en EHBO-uitrusting<\/strong><\/p>\n<ul>\n<li><strong>PVC-handschoenen<\/strong> ter bescherming tegen verontreinigingen<\/li>\n<li><strong>Eerste hulp masker<\/strong><\/li>\n<li><strong>Nooddeken<\/strong> om lichaamswarmte te behouden<\/li>\n<li><strong>Volledige EHBO-doos<\/strong> (verbanden, scharen, kompressen, plakband, wattenstaafjes)<\/li>\n<\/ul>\n<p>\ud83d\udee0\ufe0f <strong>Overleven en doe-het-zelf<\/strong><\/p>\n<ul>\n<li><strong>Draadzaag<\/strong> om hout of andere materialen te zagen<\/li>\n<li><strong>Aansteker\/vuurstarter<\/strong> snel een vuur aansteken<\/li>\n<li><strong>Sterk touw<\/strong> voor diverse doeleinden (vastbinden, een schuilplaats bouwen, vastzetten)<\/li>\n<li><strong>D-gesp<\/strong> om uw apparatuur te repareren<\/li>\n<\/ul>\n<p>\ud83d\udca6 <strong>Extra uitrusting<\/strong><\/p>\n<ul>\n<li><strong>Waterdichte cape (mantel)<\/strong> om jezelf te beschermen tegen de regen<\/li>\n<li><strong>Waterflesklem<\/strong> om gemakkelijk gehydrateerd te blijven<\/li>\n<li><strong>Blaaspijp<\/strong> om een vuur te roeren of water te filteren<\/li>\n<\/ul>\n<h3>\u2705 <strong>Waarom zou u voor deze overlevingskit kiezen?<\/strong><\/h3>\n<p>\u2714 <strong>Compact en lichtgewicht<\/strong> \u2013 Gemakkelijk mee te nemen in zijn camouflage tactische tas<br \/>\n\u2714 <strong>Ultra-bestendig<\/strong> \u2013 Ontworpen voor extreme omstandigheden<br \/>\n\u2714 <strong>Alles-in-\u00e9\u00e9n<\/strong> \u2013 Ideaal voor snelle evacuatie of noodsituaties<\/p>\n<p>\ud83d\udd25 <strong>Wees voorbereid voordat het te laat is!<\/strong> \ud83d\udd25<br \/>\nBestel uw <strong>Overlevingspakket voor de Derde Wereldoorlog<\/strong> en zet alle kansen aan jouw kant om het onvoorspelbare het hoofd te bieden. \ud83d\ude80<\/p>\n<p>&nbsp;<\/p>","protected":false},"excerpt":{"rendered":"<p>Kit de survie ultime 3\u00e8me guerre mondiale \u2013 \u00c9quipement d&rsquo;urgence complet Pr\u00e9parez-vous \u00e0 toute situation avec ce kit de survie ultra-complet, con\u00e7u pour faire face aux impr\u00e9vus d\u2019une catastrophe, d\u2019un conflit ou d\u2019une \u00e9vacuation d\u2019urgence. Que ce soit en pleine nature, en ville ou en d\u00e9placement, ce sac de survie militaire vous offre les outils&#8230;<\/p>","protected":false},"featured_media":16706,"comment_status":"open","ping_status":"closed","template":"","meta":{"_kad_blocks_custom_css":"","_kad_blocks_head_custom_js":"","_kad_blocks_body_custom_js":"","_kad_blocks_footer_custom_js":"","_kad_post_transparent":"default","_kad_post_title":"","_kad_post_layout":"default","_kad_post_sidebar_id":"","_kad_post_content_style":"default","_kad_post_vertical_padding":"default","_kad_post_feature":"","_kad_post_feature_position":"","_kad_post_header":false,"_kad_post_footer":false,"_kad_post_classname":""},"product_brand":[],"product_cat":[987],"product_tag":[],"class_list":{"0":"post-16716","1":"product","2":"type-product","3":"status-publish","4":"has-post-thumbnail","6":"product_cat-survie","8":"first","9":"instock","10":"taxable","11":"shipping-taxable","12":"purchasable","13":"product-type-variable","14":"entry","15":"content-bg","16":"loop-entry"},"taxonomy_info":{"product_cat":[{"value":987,"label":"Survivalisme et Guerre \ud83e\ude96"}]},"featured_image_src_large":["https:\/\/velartrip.com\/wp-content\/uploads\/2025\/03\/S7d01af89bde84f0f836513299c61365d5-800x800.webp",800,800,true],"author_info":[],"comment_info":2,"_links":{"self":[{"href":"https:\/\/velartrip.com\/nl\/wp-json\/wp\/v2\/product\/16716","targetHints":{"allow":["GET"]}}],"collection":[{"href":"https:\/\/velartrip.com\/nl\/wp-json\/wp\/v2\/product"}],"about":[{"href":"https:\/\/velartrip.com\/nl\/wp-json\/wp\/v2\/types\/product"}],"replies":[{"embeddable":true,"href":"https:\/\/velartrip.com\/nl\/wp-json\/wp\/v2\/comments?post=16716"}],"wp:featuredmedia":[{"embeddable":true,"href":"https:\/\/velartrip.com\/nl\/wp-json\/wp\/v2\/media\/16706"}],"wp:attachment":[{"href":"https:\/\/velartrip.com\/nl\/wp-json\/wp\/v2\/media?parent=16716"}],"wp:term":[{"taxonomy":"product_brand","embeddable":true,"href":"https:\/\/velartrip.com\/nl\/wp-json\/wp\/v2\/product_brand?post=16716"},{"taxonomy":"product_cat","embeddable":true,"href":"https:\/\/velartrip.com\/nl\/wp-json\/wp\/v2\/product_cat?post=16716"},{"taxonomy":"product_tag","embeddable":true,"href":"https:\/\/velartrip.com\/nl\/wp-json\/wp\/v2\/product_tag?post=16716"}],"curies":[{"name":"wp","href":"https:\/\/api.w.org\/{rel}","templated":true}]}}