{"id":6130,"date":"2020-03-19T17:18:22","date_gmt":"2020-03-19T17:18:22","guid":{"rendered":"https:\/\/velartrip.com\/?product=organisateur-de-voyage-br-moscou"},"modified":"2024-12-04T09:30:39","modified_gmt":"2024-12-04T08:30:39","slug":"organisateur-de-voyage","status":"publish","type":"product","link":"https:\/\/velartrip.com\/nl\/accessoires-pratiques\/organisateur-de-voyage\/","title":{"rendered":"Reisorganisator"},"content":{"rendered":"<h2>Al je documenten op \u00e9\u00e9n plek! Dat is de belofte van onze organiser voor al je reisbenodigdheden.<\/h2>\n<ul>\n<li>Uw meest waardevolle documenten zullen niet <strong>meer verspreid.<\/strong><\/li>\n<li>Verkrijgbaar in 2 maten.<\/li>\n<li>Een coating <strong>waterafstotend.<\/strong><\/li>\n<li>Geen stress meer over het kwijtraken van documenten!<\/li>\n<\/ul>\n<p><em>Afmetingen \u27a1\ufe0f M : 21,5 cm x 12,5 cm \/\/ L : 25,5 cm x 18,5 cm<\/em><\/p>","protected":false},"excerpt":{"rendered":"<p>Tous vos documents au m\u00eame endroit ! Telle est la promesse de notre organisateur pour tous vos d\u00e9placements. Vos documents les plus pr\u00e9cieux ne seront plus \u00e9parpill\u00e9s. Existe en 2 tailles. Un rev\u00eatement d\u00e9perlant. Fini le stress de perdre ses documents ! Dimensions \u27a1\ufe0f M : 21,5 cm x 12,5 cm \/\/ L : 25,5&#8230;<\/p>","protected":false},"featured_media":13743,"comment_status":"open","ping_status":"closed","template":"","meta":{"_kad_blocks_custom_css":"","_kad_blocks_head_custom_js":"","_kad_blocks_body_custom_js":"","_kad_blocks_footer_custom_js":"","_kad_post_transparent":"","_kad_post_title":"","_kad_post_layout":"","_kad_post_sidebar_id":"","_kad_post_content_style":"","_kad_post_vertical_padding":"","_kad_post_feature":"","_kad_post_feature_position":"","_kad_post_header":false,"_kad_post_footer":false,"_kad_post_classname":""},"product_brand":[385],"product_cat":[386],"product_tag":[95,141],"class_list":{"0":"post-6130","1":"product","2":"type-product","3":"status-publish","4":"has-post-thumbnail","6":"product_brand-velartrip","7":"product_cat-accessoires-pratiques","8":"product_tag-avion","9":"product_tag-securite","11":"first","12":"instock","13":"taxable","14":"shipping-taxable","15":"purchasable","16":"product-type-variable","17":"has-default-attributes","18":"entry","19":"content-bg","20":"loop-entry"},"taxonomy_info":{"product_brand":[{"value":385,"label":"VelarTrip"}],"product_cat":[{"value":386,"label":"Accessoires Pratiques"}],"product_tag":[{"value":95,"label":"Avion"},{"value":141,"label":"S\u00e9curit\u00e9"}]},"featured_image_src_large":["https:\/\/velartrip.com\/wp-content\/uploads\/2022\/05\/193.jpg",800,800,false],"author_info":[],"comment_info":19,"_links":{"self":[{"href":"https:\/\/velartrip.com\/nl\/wp-json\/wp\/v2\/product\/6130","targetHints":{"allow":["GET"]}}],"collection":[{"href":"https:\/\/velartrip.com\/nl\/wp-json\/wp\/v2\/product"}],"about":[{"href":"https:\/\/velartrip.com\/nl\/wp-json\/wp\/v2\/types\/product"}],"replies":[{"embeddable":true,"href":"https:\/\/velartrip.com\/nl\/wp-json\/wp\/v2\/comments?post=6130"}],"wp:featuredmedia":[{"embeddable":true,"href":"https:\/\/velartrip.com\/nl\/wp-json\/wp\/v2\/media\/13743"}],"wp:attachment":[{"href":"https:\/\/velartrip.com\/nl\/wp-json\/wp\/v2\/media?parent=6130"}],"wp:term":[{"taxonomy":"product_brand","embeddable":true,"href":"https:\/\/velartrip.com\/nl\/wp-json\/wp\/v2\/product_brand?post=6130"},{"taxonomy":"product_cat","embeddable":true,"href":"https:\/\/velartrip.com\/nl\/wp-json\/wp\/v2\/product_cat?post=6130"},{"taxonomy":"product_tag","embeddable":true,"href":"https:\/\/velartrip.com\/nl\/wp-json\/wp\/v2\/product_tag?post=6130"}],"curies":[{"name":"wp","href":"https:\/\/api.w.org\/{rel}","templated":true}]}}