{"id":6731,"date":"2020-04-21T13:34:26","date_gmt":"2020-04-21T13:34:26","guid":{"rendered":"https:\/\/velartrip.com\/?product=parfum-de-voyage-br-valence"},"modified":"2022-05-17T13:21:22","modified_gmt":"2022-05-17T11:21:22","slug":"parfum-voyage","status":"publish","type":"product","link":"https:\/\/velartrip.com\/nl\/accessoires-voyage\/accessoires-beaute\/parfum-voyage\/","title":{"rendered":"Reisparfum Valencia"},"content":{"rendered":"<h2>Het essenti\u00eble accessoire om stijlvol in het buitenland te blijven! We hebben deze geur beschikbaar gemaakt in een groot aantal kleuren, dus er is voor ieder wat wils!<\/h2>\n<ul>\n<li>Perfect <strong>compatibel<\/strong> met de vereisten van <strong>luchtvaartmaatschappijen<\/strong>.<\/li>\n<\/ul>\n<ul>\n<li>\n<strong>8 ml<\/strong> capaciteit.<\/li>\n<\/ul>\n<ul>\n<li>Levenslang herbruikbaar \u267b\ufe0f<\/li>\n<\/ul>\n<ul>\n<li><strong>GRATIS STANDAARDLEVERING<\/strong><\/li>\n<\/ul>","protected":false},"excerpt":{"rendered":"<p>L&rsquo;accessoire indispensable pour\u00a0rester\u00a0\u00e9l\u00e9gant(e) \u00e0 l&rsquo;\u00e9tranger ! Nous avons d\u00e9clin\u00e9 ce parfum en une multitude de couleurs, pour qu&rsquo;il puisse plaire \u00e0 tous ! Parfaitement compatible avec les exigences des compagnies a\u00e9riennes. 8\u00a0ml de contenance. R\u00e9utilisable \u00e0 vie\u00a0\u267b\ufe0f LIVRAISON STANDARD OFFERTE<\/p>","protected":false},"featured_media":13522,"comment_status":"open","ping_status":"closed","template":"","meta":{"_kad_blocks_custom_css":"","_kad_blocks_head_custom_js":"","_kad_blocks_body_custom_js":"","_kad_blocks_footer_custom_js":"","_kad_post_transparent":"","_kad_post_title":"","_kad_post_layout":"","_kad_post_sidebar_id":"","_kad_post_content_style":"","_kad_post_vertical_padding":"","_kad_post_feature":"","_kad_post_feature_position":"","_kad_post_header":false,"_kad_post_footer":false,"_kad_post_classname":""},"product_brand":[385],"product_cat":[404,396],"product_tag":[190],"class_list":{"0":"post-6731","1":"product","2":"type-product","3":"status-publish","4":"has-post-thumbnail","6":"product_brand-velartrip","7":"product_cat-accessoires-voyage","8":"product_cat-accessoires-beaute","9":"product_tag-flacon-de-voyage","11":"first","12":"instock","13":"taxable","14":"shipping-taxable","15":"purchasable","16":"product-type-variable","17":"entry","18":"content-bg","19":"loop-entry"},"taxonomy_info":{"product_brand":[{"value":385,"label":"VelarTrip"}],"product_cat":[{"value":404,"label":"Accessoires de Voyage"},{"value":396,"label":"Mini Produits de Beaut\u00e9"}],"product_tag":[{"value":190,"label":"Flacon De Voyage"}]},"featured_image_src_large":["https:\/\/velartrip.com\/wp-content\/uploads\/2022\/05\/73.jpg",800,800,false],"author_info":[],"comment_info":4,"_links":{"self":[{"href":"https:\/\/velartrip.com\/nl\/wp-json\/wp\/v2\/product\/6731","targetHints":{"allow":["GET"]}}],"collection":[{"href":"https:\/\/velartrip.com\/nl\/wp-json\/wp\/v2\/product"}],"about":[{"href":"https:\/\/velartrip.com\/nl\/wp-json\/wp\/v2\/types\/product"}],"replies":[{"embeddable":true,"href":"https:\/\/velartrip.com\/nl\/wp-json\/wp\/v2\/comments?post=6731"}],"wp:featuredmedia":[{"embeddable":true,"href":"https:\/\/velartrip.com\/nl\/wp-json\/wp\/v2\/media\/13522"}],"wp:attachment":[{"href":"https:\/\/velartrip.com\/nl\/wp-json\/wp\/v2\/media?parent=6731"}],"wp:term":[{"taxonomy":"product_brand","embeddable":true,"href":"https:\/\/velartrip.com\/nl\/wp-json\/wp\/v2\/product_brand?post=6731"},{"taxonomy":"product_cat","embeddable":true,"href":"https:\/\/velartrip.com\/nl\/wp-json\/wp\/v2\/product_cat?post=6731"},{"taxonomy":"product_tag","embeddable":true,"href":"https:\/\/velartrip.com\/nl\/wp-json\/wp\/v2\/product_tag?post=6731"}],"curies":[{"name":"wp","href":"https:\/\/api.w.org\/{rel}","templated":true}]}}