{"id":7000,"date":"2020-04-25T15:50:09","date_gmt":"2020-04-25T15:50:09","guid":{"rendered":"https:\/\/velartrip.com\/?product=miroir-de-voyage-br-papeete"},"modified":"2022-05-02T19:08:16","modified_gmt":"2022-05-02T17:08:16","slug":"miroir-de-voyage","status":"publish","type":"product","link":"https:\/\/velartrip.com\/nl\/accessoires-voyage\/accessoires-beaute\/miroir-de-voyage\/","title":{"rendered":"Reisspiegel Papeete"},"content":{"rendered":"<h2>Een reisspiegel om te blijven, dag en nacht bovenop! We houden ervan om 2 redenen: het formaat &amp; het feit dat hij verlicht is \ud83d\udca1<\/h2>\n<ul>\n<li>Spiegel in <strong>roestvrij staal<\/strong> en in <strong>zinklegering<\/strong> voor meer weerstand<\/li>\n<\/ul>\n<ul>\n<li><strong>Lithiumbatterij<\/strong> de nieuwste generatie!<\/li>\n<\/ul>\n<ul>\n<li><strong>Oplaadbaar<\/strong> dankzij de USB-kabel!<\/li>\n<\/ul>\n<ul>\n<li><strong>2 lichte kleuren :<\/strong> blauw of naturel<\/li>\n<\/ul>\n<ul>\n<li>Maat : <strong>90*90 cm<\/strong> voor een veelzijdig ontwerp!<\/li>\n<\/ul>\n<p><em><span style=\"text-decoration: underline;\">E\u00e9n knop voor 3 keuzes in lichtopbrengst:<\/span><\/em><\/p>\n<ul>\n<li>100 %: 1u30 autonomie<\/li>\n<li>50 %: 3u30 autonomie<\/li>\n<li>30 % : 6u30 autonomie<\/li>\n<\/ul>\n<p><span style=\"text-decoration: underline;\"><em>Geleverd met :<\/em><\/span><\/p>\n<ul>\n<li>Een USB-kabel<\/li>\n<li>Een schoonmaakdoekje<\/li>\n<li>Draagtas<\/li>\n<\/ul>\n<p style=\"text-align: center;\"><strong>GRATIS STANDAARDLEVERING<\/strong><\/p>","protected":false},"excerpt":{"rendered":"<p>Un miroir\u00a0de voyage\u00a0pour rester, au top de jour comme de nuit ! Nous l&rsquo;adorons pour 2 raisons : sa taille &amp; le fait qu&rsquo;il soit \u00e9clair\u00e9\u00a0\ud83d\udca1 Miroir en acier inoxydable et en alliage de zinc pour plus de r\u00e9sistance Batterie lithium derni\u00e8re g\u00e9n\u00e9ration ! Rechargeable gr\u00e2ce au c\u00e2ble USB\u00a0 ! 2\u00a0couleurs de lumi\u00e8re : bleu&#8230;<\/p>","protected":false},"featured_media":13350,"comment_status":"open","ping_status":"closed","template":"","meta":{"_kad_blocks_custom_css":"","_kad_blocks_head_custom_js":"","_kad_blocks_body_custom_js":"","_kad_blocks_footer_custom_js":"","_kad_post_transparent":"","_kad_post_title":"","_kad_post_layout":"","_kad_post_sidebar_id":"","_kad_post_content_style":"","_kad_post_vertical_padding":"","_kad_post_feature":"","_kad_post_feature_position":"","_kad_post_header":false,"_kad_post_footer":false,"_kad_post_classname":""},"product_brand":[385],"product_cat":[396,404],"product_tag":[209],"class_list":{"0":"post-7000","1":"product","2":"type-product","3":"status-publish","4":"has-post-thumbnail","6":"product_brand-velartrip","7":"product_cat-accessoires-beaute","8":"product_cat-accessoires-voyage","9":"product_tag-miroir-de-voyage","11":"first","12":"instock","13":"taxable","14":"shipping-taxable","15":"purchasable","16":"product-type-variable","17":"has-default-attributes","18":"entry","19":"content-bg","20":"loop-entry"},"taxonomy_info":{"product_brand":[{"value":385,"label":"VelarTrip"}],"product_cat":[{"value":396,"label":"Mini Produits de Beaut\u00e9"},{"value":404,"label":"Accessoires de Voyage"}],"product_tag":[{"value":209,"label":"Miroir De Voyage"}]},"featured_image_src_large":["https:\/\/velartrip.com\/wp-content\/uploads\/2020\/04\/accessoire-beaute\u0301-papeete-rose-VelarTrip.jpg",800,800,false],"author_info":[],"comment_info":4,"_links":{"self":[{"href":"https:\/\/velartrip.com\/nl\/wp-json\/wp\/v2\/product\/7000","targetHints":{"allow":["GET"]}}],"collection":[{"href":"https:\/\/velartrip.com\/nl\/wp-json\/wp\/v2\/product"}],"about":[{"href":"https:\/\/velartrip.com\/nl\/wp-json\/wp\/v2\/types\/product"}],"replies":[{"embeddable":true,"href":"https:\/\/velartrip.com\/nl\/wp-json\/wp\/v2\/comments?post=7000"}],"wp:featuredmedia":[{"embeddable":true,"href":"https:\/\/velartrip.com\/nl\/wp-json\/wp\/v2\/media\/13350"}],"wp:attachment":[{"href":"https:\/\/velartrip.com\/nl\/wp-json\/wp\/v2\/media?parent=7000"}],"wp:term":[{"taxonomy":"product_brand","embeddable":true,"href":"https:\/\/velartrip.com\/nl\/wp-json\/wp\/v2\/product_brand?post=7000"},{"taxonomy":"product_cat","embeddable":true,"href":"https:\/\/velartrip.com\/nl\/wp-json\/wp\/v2\/product_cat?post=7000"},{"taxonomy":"product_tag","embeddable":true,"href":"https:\/\/velartrip.com\/nl\/wp-json\/wp\/v2\/product_tag?post=7000"}],"curies":[{"name":"wp","href":"https:\/\/api.w.org\/{rel}","templated":true}]}}