{"id":7800,"date":"2020-08-22T17:25:41","date_gmt":"2020-08-22T17:25:41","guid":{"rendered":"https:\/\/velartrip.com\/?product=bracelet-manchette-br-heat-of-summer"},"modified":"2024-12-04T09:30:13","modified_gmt":"2024-12-04T08:30:13","slug":"bracelet-manchette-rouge","status":"publish","type":"product","link":"https:\/\/velartrip.com\/nl\/accessoires-lifestyle\/bracelets-avion\/bracelet-manchette-rouge\/","title":{"rendered":"Hitte van de zomer armband"},"content":{"rendered":"<h2>Een manchetarmband vol energie dankzij de intense kleuren die het vertegenwoordigen. Heat Of Summer staat in het teken van de dag goed beginnen \ud83d\ude09<\/h2>\n<ul>\n<li>\n<span><strong>Touwen van leer en katoen<\/strong><\/span><strong><span>\u00a0<\/span>:<span>\u00a0<\/span><\/strong>voor een langere levensduur.<\/li>\n<li>\n<span>Patronen in\u00a0<strong>zinklegering<\/strong><\/span><span>\u00a0<\/span>: brengen een plus <span>grote lichtheid<\/span>.<\/li>\n<li>Geen ongemak op de huid.<\/li>\n<\/ul>\n<ul>\n<li><strong>GRATIS STANDAARDLEVERING<\/strong><\/li>\n<\/ul>\n<p>\u2708\ufe0f Om vaker mee te reizen, vermijd contact met water. \ud83d\udca6<\/p>","protected":false},"excerpt":{"rendered":"<p>Un bracelet manchette plein d&rsquo;\u00e9nergie gr\u00e2ce aux couleurs intenses qui le repr\u00e9sente. Heat Of Summer, c&rsquo;est avant tout une journ\u00e9e qui commence bien ! \ud83d\ude09 Cordes en cuir et en coton\u00a0:\u00a0pour une plus grande durabilit\u00e9 dans le temps. Motifs\u00a0en\u00a0alliage de zinc\u00a0: apportant une plus grande l\u00e9g\u00e8ret\u00e9. Aucune forme de g\u00eane sur la peau. LIVRAISON STANDARD&#8230;<\/p>","protected":false},"featured_media":13232,"comment_status":"open","ping_status":"closed","template":"","meta":{"_kad_blocks_custom_css":"","_kad_blocks_head_custom_js":"","_kad_blocks_body_custom_js":"","_kad_blocks_footer_custom_js":"","_kad_post_transparent":"","_kad_post_title":"","_kad_post_layout":"","_kad_post_sidebar_id":"","_kad_post_content_style":"","_kad_post_vertical_padding":"","_kad_post_feature":"","_kad_post_feature_position":"","_kad_post_header":false,"_kad_post_footer":false,"_kad_post_classname":""},"product_brand":[385],"product_cat":[405,390],"product_tag":[95],"class_list":{"0":"post-7800","1":"product","2":"type-product","3":"status-publish","4":"has-post-thumbnail","6":"product_brand-velartrip","7":"product_cat-accessoires-lifestyle","8":"product_cat-bracelets-avion","9":"product_tag-avion","11":"first","12":"instock","13":"taxable","14":"shipping-taxable","15":"purchasable","16":"product-type-simple","17":"entry","18":"content-bg","19":"loop-entry"},"taxonomy_info":{"product_brand":[{"value":385,"label":"VelarTrip"}],"product_cat":[{"value":405,"label":"Accessoires Lifestyle"},{"value":390,"label":"Bracelets Avion"}],"product_tag":[{"value":95,"label":"Avion"}]},"featured_image_src_large":["https:\/\/velartrip.com\/wp-content\/uploads\/2022\/04\/4000820546932_images_626be8d03712f_4.jpg",800,800,false],"author_info":[],"comment_info":4,"_links":{"self":[{"href":"https:\/\/velartrip.com\/nl\/wp-json\/wp\/v2\/product\/7800","targetHints":{"allow":["GET"]}}],"collection":[{"href":"https:\/\/velartrip.com\/nl\/wp-json\/wp\/v2\/product"}],"about":[{"href":"https:\/\/velartrip.com\/nl\/wp-json\/wp\/v2\/types\/product"}],"replies":[{"embeddable":true,"href":"https:\/\/velartrip.com\/nl\/wp-json\/wp\/v2\/comments?post=7800"}],"wp:featuredmedia":[{"embeddable":true,"href":"https:\/\/velartrip.com\/nl\/wp-json\/wp\/v2\/media\/13232"}],"wp:attachment":[{"href":"https:\/\/velartrip.com\/nl\/wp-json\/wp\/v2\/media?parent=7800"}],"wp:term":[{"taxonomy":"product_brand","embeddable":true,"href":"https:\/\/velartrip.com\/nl\/wp-json\/wp\/v2\/product_brand?post=7800"},{"taxonomy":"product_cat","embeddable":true,"href":"https:\/\/velartrip.com\/nl\/wp-json\/wp\/v2\/product_cat?post=7800"},{"taxonomy":"product_tag","embeddable":true,"href":"https:\/\/velartrip.com\/nl\/wp-json\/wp\/v2\/product_tag?post=7800"}],"curies":[{"name":"wp","href":"https:\/\/api.w.org\/{rel}","templated":true}]}}