{"id":7998,"date":"2021-01-08T08:50:20","date_gmt":"2021-01-08T08:50:20","guid":{"rendered":"https:\/\/velartrip.com\/?product=bouteille-isotherme-intelligente-br-atlantique"},"modified":"2024-12-04T09:29:55","modified_gmt":"2024-12-04T08:29:55","slug":"bouteille-isotherme-intelligente","status":"publish","type":"product","link":"https:\/\/velartrip.com\/nl\/accessoires-pratiques\/bouteille-isotherme-intelligente\/","title":{"rendered":"Atlantic Smart Ge\u00efsoleerde Fles"},"content":{"rendered":"<h2>Word een milieubewuste reiziger door je plastic flessen te vervangen door een Atlantic Smart Insulated Bottle.<\/h2>\n<ul>\n<li><span style=\"text-decoration: underline;\"><strong>Inhoud 500 ml<\/strong><\/span> om je dorst te lessen!<\/li>\n<li>Uw drankjes <strong>altijd de juiste temperatuur heeft<\/strong> dankzij onze intelligente digitale sensor<\/li>\n<li>Thee, water, koffie... Al uw <strong>favoriete dranken zijn compatibel<\/strong> met onze waterfles.<\/li>\n<li>Geen risico meer om te vallen! Onze flessen zijn voorzien van een <strong>beschermende siliconen handgreep<\/strong>.<\/li>\n<li>Hou je van thee? A <strong>filter van roestvrij staal<\/strong> is inbegrepen bij onze fles.<\/li>\n<li>5 jaar non-stop reizen met zijn <strong>batterij met lange levensduur<\/strong> (kan later worden vervangen)<\/li>\n<li><strong><span style=\"text-decoration: underline;\">Geen risico voor je gezondheid<\/span><\/strong> met onze food-grade roestvrijstalen behandeling aan de binnenkant van de fles.<\/li>\n<li><strong>12 uur constante warmte<\/strong> voor je favoriete koffie of thee<\/li>\n<\/ul>\n<p><span style=\"text-decoration: underline;\">Kenmerken<\/span> :<\/p>\n<ul>\n<li>Hoogte: 23,5 cm<\/li>\n<li>Breedte: 6,5 cm<\/li>\n<\/ul>\n<h2 style=\"text-align: center;\"><span style=\"color: #db7c46;\">Waarom reizen met een isothermische Atlantic-fles?<\/span><\/h2>\n<p>Weet je niet zeker of dit product nuttig voor je is? Begrijp je het nut niet van een isothermische fles?<\/p>\n<p>Als dat zo is, geen paniek, we zullen alles uitleggen. Als je verder wilt gaan, raadpleeg dan ons blogartikel over de<a href=\"https:\/\/velartrip.com\/nl\/prendre-gourde-avion\/\">e regels voor waterflessen in het vliegtuig.<\/a><\/p>\n<p>In eerste instantie, als je :<\/p>\n<p>\u2705 <strong>Bespaar tot \u20ac468<\/strong> plastic wegwerpflessen per jaar.<\/p>\n<p>\u2705 Houd je koffie of thee langer dan 2 uur warm.<\/p>\n<p>Stoppen <strong>drinken van giftige stoffen<\/strong> van plastic.<\/p>\n<p>\u2705 <strong>Beperk je ecologische impact<\/strong> op de planeet, met een vermindering van ongeveer 1000 plastic flessen per jaar.<\/p>\n<p>\u2705 <strong>De wereld behouden<\/strong> voor je gezin.<\/p>\n<p>Dan is dit het product voor jou!<\/p>\n<h3>Mag ik mijn ge\u00efsoleerde fles meenemen door de veiligheidscontroles?<\/h3>\n<p>Ja, natuurlijk! Maar zorg ervoor dat hij op dat moment leeg is.<span style=\"font-family: -apple-system, BlinkMacSystemFont, 'San Francisco', 'Segoe UI', Roboto, 'Helvetica Neue', sans-serif; font-size: 1.4em;\">.<\/span><\/p>\n<h3>Waarom kiezen voor ge\u00efsoleerde flessen van voedselveilig roestvrij staal?<\/h3>\n<p>Je roestvrijstalen fles is veel duurzamer dan waterflessen van plastic of bamboe en volgt je op al je avonturen over de hele wereld.<\/p>\n<h3>Hoe maak ik mijn isothermische fles schoon?<\/h3>\n<p>Na elk gebruik raden we je aan een siliconenborstel te gebruiken om alle resterende resten en afzettingen te verwijderen.<\/p>\n<h3>Hoe werkt de intelligente temperatuursensor?<\/h3>\n<p>Om te werken tik je gewoon op het deksel van de fles en de temperatuur van je drankje verschijnt.<\/p>","protected":false},"excerpt":{"rendered":"<p>Devenez un voyage \u00e9coresponsable en rempla\u00e7ant vos bouteilles en plastique par une Bouteille Isotherme Intelligente Atlantique. 500 ml de contenance de quoi \u00e9tancher\u00a0sa soif ! Vos boissons seront toujours \u00e0 la bonne temp\u00e9rature gr\u00e2ce \u00e0 notre capteur num\u00e9rique intelligent Th\u00e9, eau, caf\u00e9&#8230; Toutes vos boissons favorites sont compatibles avec notre gourde. Finis les risques de&#8230;<\/p>","protected":false},"featured_media":13179,"comment_status":"open","ping_status":"closed","template":"","meta":{"_kad_blocks_custom_css":"","_kad_blocks_head_custom_js":"","_kad_blocks_body_custom_js":"","_kad_blocks_footer_custom_js":"","_kad_post_transparent":"","_kad_post_title":"","_kad_post_layout":"","_kad_post_sidebar_id":"","_kad_post_content_style":"","_kad_post_vertical_padding":"","_kad_post_feature":"","_kad_post_feature_position":"","_kad_post_header":false,"_kad_post_footer":false,"_kad_post_classname":""},"product_brand":[385],"product_cat":[386],"product_tag":[],"class_list":{"0":"post-7998","1":"product","2":"type-product","3":"status-publish","4":"has-post-thumbnail","6":"product_brand-velartrip","7":"product_cat-accessoires-pratiques","9":"first","10":"instock","11":"taxable","12":"shipping-taxable","13":"purchasable","14":"product-type-variable","15":"entry","16":"content-bg","17":"loop-entry"},"taxonomy_info":{"product_brand":[{"value":385,"label":"VelarTrip"}],"product_cat":[{"value":386,"label":"Accessoires Pratiques"}]},"featured_image_src_large":["https:\/\/velartrip.com\/wp-content\/uploads\/2022\/04\/6-3.jpg",800,800,false],"author_info":[],"comment_info":6,"_links":{"self":[{"href":"https:\/\/velartrip.com\/nl\/wp-json\/wp\/v2\/product\/7998","targetHints":{"allow":["GET"]}}],"collection":[{"href":"https:\/\/velartrip.com\/nl\/wp-json\/wp\/v2\/product"}],"about":[{"href":"https:\/\/velartrip.com\/nl\/wp-json\/wp\/v2\/types\/product"}],"replies":[{"embeddable":true,"href":"https:\/\/velartrip.com\/nl\/wp-json\/wp\/v2\/comments?post=7998"}],"wp:featuredmedia":[{"embeddable":true,"href":"https:\/\/velartrip.com\/nl\/wp-json\/wp\/v2\/media\/13179"}],"wp:attachment":[{"href":"https:\/\/velartrip.com\/nl\/wp-json\/wp\/v2\/media?parent=7998"}],"wp:term":[{"taxonomy":"product_brand","embeddable":true,"href":"https:\/\/velartrip.com\/nl\/wp-json\/wp\/v2\/product_brand?post=7998"},{"taxonomy":"product_cat","embeddable":true,"href":"https:\/\/velartrip.com\/nl\/wp-json\/wp\/v2\/product_cat?post=7998"},{"taxonomy":"product_tag","embeddable":true,"href":"https:\/\/velartrip.com\/nl\/wp-json\/wp\/v2\/product_tag?post=7998"}],"curies":[{"name":"wp","href":"https:\/\/api.w.org\/{rel}","templated":true}]}}