{"id":8068,"date":"2021-01-09T10:07:52","date_gmt":"2021-01-09T10:07:52","guid":{"rendered":"https:\/\/velartrip.com\/?product=bouteille-isotherme-br-mediterranee"},"modified":"2024-12-04T09:29:44","modified_gmt":"2024-12-04T08:29:44","slug":"bouteille-isotherme-tasse","status":"publish","type":"product","link":"https:\/\/velartrip.com\/nl\/accessoires-pratiques\/bouteille-isotherme-tasse\/","title":{"rendered":"Mediterrane ge\u00efsoleerde fles"},"content":{"rendered":"<h2>Wil je het comfort behouden om in de 4 uithoeken van de wereld van je drankje in een kopje te genieten?<br \/>\nOntdek nu onze mediterrane isothermische fles<\/h2>\n<ul>\n<li><span style=\"text-decoration: underline;\"> <strong>420 ml of 580 ml<\/strong><\/span>aan jou de keus!<\/li>\n<li><strong>Een bekervormig deksel met een handvat<\/strong> zodat je net als thuis van je thee kunt genieten.<\/li>\n<li>Thee, water, koffie... Al uw\u00a0<strong>favoriete dranken zijn compatibel<\/strong>\u00a0met onze waterfles.<\/li>\n<li>Geen risico meer om te vallen! Onze flessen zijn voorzien van een\u00a0<strong>beschermende siliconen handgreep<\/strong>.<\/li>\n<li><strong><span style=\"text-decoration: underline;\">Geen risico voor je gezondheid<\/span><\/strong>\u00a0met onze food-grade roestvrijstalen behandeling aan de binnenkant van de fles.<\/li>\n<li><strong>12 uur constante warmte<\/strong>\u00a0voor je favoriete koffie of thee<\/li>\n<\/ul>\n<p><span style=\"text-decoration: underline;\">Kenmerken<\/span> :<\/p>\n<p>420 ml: 20,8 cm X 6,8 cm<\/p>\n<p>580 ml : 25,3 cm X 6,8 cm<\/p>\n<h2 style=\"text-align: center;\"><span style=\"color: #db7c46;\">Waarom reizen met een mediterrane isothermische fles?<\/span><\/h2>\n<p>Weet je niet zeker of dit product nuttig voor je is? Begrijp je het nut niet van een isothermische fles?<\/p>\n<p>Zo ja, geen paniek, we leggen alles uit.<\/p>\n<p>In eerste instantie, als je :<\/p>\n<p>\u2705\u00a0<strong>Bespaar tot \u20ac468<\/strong>\u00a0plastic wegwerpflessen per jaar.<\/p>\n<p>\u2705 Houd je koffie of thee langer dan 2 uur warm.<\/p>\n<p>Stoppen\u00a0<strong>drinken van giftige stoffen<\/strong>\u00a0van plastic.<\/p>\n<p>\u2705\u00a0<strong>Beperk je ecologische impact<\/strong>\u00a0op de planeet, met een vermindering van ongeveer 1000 plastic flessen per jaar.<\/p>\n<p>\u2705\u00a0<strong>De wereld behouden<\/strong>\u00a0voor je gezin.<\/p>\n<p>Dan is dit het product voor jou!<\/p>\n<h3>Mag ik mijn ge\u00efsoleerde fles meenemen door de veiligheidscontroles?<\/h3>\n<p>Ja, natuurlijk! Maar zorg ervoor dat hij op dat moment leeg is.<\/p>\n<h3>Waarom kiezen voor ge\u00efsoleerde flessen van voedselveilig roestvrij staal?<\/h3>\n<p>Je roestvrijstalen fles is veel duurzamer dan waterflessen van plastic of bamboe en volgt je op al je avonturen over de hele wereld.<\/p>\n<h3>Hoe maak ik mijn isothermische fles schoon?<\/h3>\n<p>Na elk gebruik raden we je aan een siliconenborstel te gebruiken om alle resterende resten en afzettingen te verwijderen.<\/p>\n<h3>Hoe werkt de intelligente temperatuursensor?<\/h3>\n<p>Om te werken tik je gewoon op het deksel van de fles en de temperatuur van je drankje verschijnt.<\/p>","protected":false},"excerpt":{"rendered":"<p>Tu souhaites\u00a0pr\u00e9server le confort de d\u00e9guster\u00a0sa boisson dans une tasse aux 4 coins du monde\u00a0 ? D\u00e9couvre maintenant notre Bouteille isotherme M\u00e9diterran\u00e9e 420 ml ou 580 ml, c&rsquo;est toi qui choisis ! Un couvercle en forme de tasse avec une anse pour d\u00e9guster son th\u00e9 comme \u00e0 la maison. Th\u00e9, eau, caf\u00e9&#8230; Toutes vos\u00a0boissons favorites&#8230;<\/p>","protected":false},"featured_media":13172,"comment_status":"open","ping_status":"closed","template":"","meta":{"_kad_blocks_custom_css":"","_kad_blocks_head_custom_js":"","_kad_blocks_body_custom_js":"","_kad_blocks_footer_custom_js":"","_kad_post_transparent":"","_kad_post_title":"","_kad_post_layout":"","_kad_post_sidebar_id":"","_kad_post_content_style":"","_kad_post_vertical_padding":"","_kad_post_feature":"","_kad_post_feature_position":"","_kad_post_header":false,"_kad_post_footer":false,"_kad_post_classname":""},"product_brand":[385],"product_cat":[386,388],"product_tag":[],"class_list":{"0":"post-8068","1":"product","2":"type-product","3":"status-publish","4":"has-post-thumbnail","6":"product_brand-velartrip","7":"product_cat-accessoires-pratiques","8":"product_cat-nouveautes","10":"first","11":"instock","12":"taxable","13":"shipping-taxable","14":"purchasable","15":"product-type-variable","16":"entry","17":"content-bg","18":"loop-entry"},"taxonomy_info":{"product_brand":[{"value":385,"label":"VelarTrip"}],"product_cat":[{"value":386,"label":"Accessoires Pratiques"},{"value":388,"label":"Nouveaut\u00e9s"}]},"featured_image_src_large":["https:\/\/velartrip.com\/wp-content\/uploads\/2022\/04\/2-4.jpg",800,800,false],"author_info":[],"comment_info":7,"_links":{"self":[{"href":"https:\/\/velartrip.com\/nl\/wp-json\/wp\/v2\/product\/8068","targetHints":{"allow":["GET"]}}],"collection":[{"href":"https:\/\/velartrip.com\/nl\/wp-json\/wp\/v2\/product"}],"about":[{"href":"https:\/\/velartrip.com\/nl\/wp-json\/wp\/v2\/types\/product"}],"replies":[{"embeddable":true,"href":"https:\/\/velartrip.com\/nl\/wp-json\/wp\/v2\/comments?post=8068"}],"wp:featuredmedia":[{"embeddable":true,"href":"https:\/\/velartrip.com\/nl\/wp-json\/wp\/v2\/media\/13172"}],"wp:attachment":[{"href":"https:\/\/velartrip.com\/nl\/wp-json\/wp\/v2\/media?parent=8068"}],"wp:term":[{"taxonomy":"product_brand","embeddable":true,"href":"https:\/\/velartrip.com\/nl\/wp-json\/wp\/v2\/product_brand?post=8068"},{"taxonomy":"product_cat","embeddable":true,"href":"https:\/\/velartrip.com\/nl\/wp-json\/wp\/v2\/product_cat?post=8068"},{"taxonomy":"product_tag","embeddable":true,"href":"https:\/\/velartrip.com\/nl\/wp-json\/wp\/v2\/product_tag?post=8068"}],"curies":[{"name":"wp","href":"https:\/\/api.w.org\/{rel}","templated":true}]}}