{"id":8113,"date":"2021-01-13T14:39:00","date_gmt":"2021-01-13T14:39:00","guid":{"rendered":"https:\/\/velartrip.com\/?product=porte-cles-gel-hydroalcoolique-br-roses"},"modified":"2024-12-04T09:29:42","modified_gmt":"2024-12-04T08:29:42","slug":"porte-cles-gel-hydroalcoolique-roses","status":"publish","type":"product","link":"https:\/\/velartrip.com\/nl\/accessoires-lifestyle\/porte-cles-gel-hydroalcoolique\/porte-cles-gel-hydroalcoolique-roses\/","title":{"rendered":"Rozen Hydroalcoholische Gel Sleutelhanger"},"content":{"rendered":"<h2>Je hoeft ze niet cadeau te doen, je kunt ze gewoon dragen! \ud83c\udf39<\/h2>\n<ul>\n<li>A <strong>30 ml fles <\/strong>Herbruikbaar voor het leven!\u00a0<\/li>\n<li>Een koffer, een handtas, sleutels... Onze hydroalcoholische gelhouder <strong>past overal<\/strong>\n<\/li>\n<li>Kies een <strong>ontwerp dat bij je past <\/strong>Neopreen van hoge kwaliteit<\/li>\n<li>\n<span style=\"text-decoration: underline;\" data-mce-style=\"text-decoration: underline;\"><strong>Compact en lichtgewicht<\/strong><\/span>r, geen ruimteverslindende flessen meer!<\/li>\n<\/ul>\n<p><\/p>\n<p><span style=\"text-decoration: underline;\" data-mce-style=\"text-decoration: underline;\"><\/span><span style=\"text-decoration: underline;\" data-mce-style=\"text-decoration: underline;\">Afmetingen :<\/span> 10,16 x 5,6 cm<\/p>\n<p>\u26a0\ufe0f De fles wordt leeg en zonder vloeistof geleverd.<\/p>\n<h2 style=\"text-align: center;\" data-mce-style=\"text-align: center;\"><span style=\"color: #82d5c7;\" data-mce-style=\"color: #82d5c7;\">\u00a0Waarom kiezen voor een Hydroalcoholische Gel Sleutelhanger?<\/span><\/h2>\n<div style=\"text-align: left; padding-left: 30px;\" data-mce-style=\"text-align: left; padding-left: 30px;\">\u2705 Als je het zat bent om je hydroalcoholische gel in je tas te zoeken<\/div>\n<div style=\"text-align: left; padding-left: 30px;\" data-mce-style=\"text-align: left; padding-left: 30px;\">Als je dat niet doet<strong> kan het niet verdragen om de hydroalcoholische gel uit de winkel te gebruiken<\/strong> wanneer je gaat winkelen\u00a0<\/div>\n<div style=\"text-align: left; padding-left: 30px;\" data-mce-style=\"text-align: left; padding-left: 30px;\">\u2705 Als je van design en praktisch houdt\u00a0<\/div>\n<div style=\"text-align: left; padding-left: 30px;\" data-mce-style=\"text-align: left; padding-left: 30px;\">\u2705 Als u wilt reizen met <span style=\"text-decoration: underline;\" data-mce-style=\"text-decoration: underline;\"><a title=\"beperkingen op vloeistoffen in het vliegtuig\" href=\"https:\/\/velartrip.com\/nl\/prendre-gourde-avion\/\" target=\"_blank\" rel=\"noopener\">met betrekking tot beperkingen op vloeistoffen op luchthavens<\/a><\/span> terwijl\u00a0<strong>schone handen in het vliegtuig<\/strong>\n<\/div>\n<div style=\"text-align: left; padding-left: 30px;\" data-mce-style=\"text-align: left; padding-left: 30px;\"><strong><\/strong><\/div>\n<div style=\"text-align: left; padding-left: 30px;\" data-mce-style=\"text-align: left; padding-left: 30px;\"><strong><\/strong><\/div>\n<div style=\"text-align: left; padding-left: 30px;\" data-mce-style=\"text-align: left; padding-left: 30px;\"><\/div>\n<p> Dus onze sleutelhangers <strong>zijn afgestemd op jouw levensstijl<\/strong>. Kies het model dat bij je past uit onze ruime selectie.<\/p>","protected":false},"excerpt":{"rendered":"<p>Pas besoin de les offrir, vous pouvez les porter ! \ud83c\udf39 Un flacon\u00a0de 30\u2009ml r\u00e9utilisable \u00e0 vie !\u00a0 Une valise, un sac \u00e0 main, des cl\u00e9s&#8230; Notre porte-gel hydroalcoolique s&rsquo;adapte partout Choisissez un design qui vous correspond de qualit\u00e9 sup\u00e9rieure en N\u00e9opr\u00e8ne Compact et l\u00e9ger, finis les flacons qui prennent de la place ! Dimensions&#8230;<\/p>","protected":false},"featured_media":13159,"comment_status":"open","ping_status":"closed","template":"","meta":{"_kad_blocks_custom_css":"","_kad_blocks_head_custom_js":"","_kad_blocks_body_custom_js":"","_kad_blocks_footer_custom_js":"","_kad_post_transparent":"","_kad_post_title":"","_kad_post_layout":"","_kad_post_sidebar_id":"","_kad_post_content_style":"","_kad_post_vertical_padding":"","_kad_post_feature":"","_kad_post_feature_position":"","_kad_post_header":false,"_kad_post_footer":false,"_kad_post_classname":""},"product_brand":[385],"product_cat":[405,400],"product_tag":[296],"class_list":{"0":"post-8113","1":"product","2":"type-product","3":"status-publish","4":"has-post-thumbnail","6":"product_brand-velartrip","7":"product_cat-accessoires-lifestyle","8":"product_cat-porte-cles-gel-hydroalcoolique","9":"product_tag-30-ml","11":"first","12":"instock","13":"taxable","14":"shipping-taxable","15":"purchasable","16":"product-type-simple","17":"entry","18":"content-bg","19":"loop-entry"},"taxonomy_info":{"product_brand":[{"value":385,"label":"VelarTrip"}],"product_cat":[{"value":405,"label":"Accessoires Lifestyle"},{"value":400,"label":"Porte-Cl\u00e9s Gel Hydroalcoolique"}],"product_tag":[{"value":296,"label":"30 ml"}]},"featured_image_src_large":["https:\/\/velartrip.com\/wp-content\/uploads\/2022\/04\/1005001453467874_images_626ae69fc4281_1.webp",800,800,false],"author_info":[],"comment_info":3,"_links":{"self":[{"href":"https:\/\/velartrip.com\/nl\/wp-json\/wp\/v2\/product\/8113","targetHints":{"allow":["GET"]}}],"collection":[{"href":"https:\/\/velartrip.com\/nl\/wp-json\/wp\/v2\/product"}],"about":[{"href":"https:\/\/velartrip.com\/nl\/wp-json\/wp\/v2\/types\/product"}],"replies":[{"embeddable":true,"href":"https:\/\/velartrip.com\/nl\/wp-json\/wp\/v2\/comments?post=8113"}],"wp:featuredmedia":[{"embeddable":true,"href":"https:\/\/velartrip.com\/nl\/wp-json\/wp\/v2\/media\/13159"}],"wp:attachment":[{"href":"https:\/\/velartrip.com\/nl\/wp-json\/wp\/v2\/media?parent=8113"}],"wp:term":[{"taxonomy":"product_brand","embeddable":true,"href":"https:\/\/velartrip.com\/nl\/wp-json\/wp\/v2\/product_brand?post=8113"},{"taxonomy":"product_cat","embeddable":true,"href":"https:\/\/velartrip.com\/nl\/wp-json\/wp\/v2\/product_cat?post=8113"},{"taxonomy":"product_tag","embeddable":true,"href":"https:\/\/velartrip.com\/nl\/wp-json\/wp\/v2\/product_tag?post=8113"}],"curies":[{"name":"wp","href":"https:\/\/api.w.org\/{rel}","templated":true}]}}