{"id":8166,"date":"2021-01-16T11:44:31","date_gmt":"2021-01-16T11:44:31","guid":{"rendered":"https:\/\/velartrip.com\/?product=porte-cles-gel-hydroalcoolique-br-bari"},"modified":"2024-12-04T09:29:44","modified_gmt":"2024-12-04T08:29:44","slug":"porte-cles-gel-hydroalcoolique-bari","status":"publish","type":"product","link":"https:\/\/velartrip.com\/nl\/accessoires-lifestyle\/porte-cles-gel-hydroalcoolique\/porte-cles-gel-hydroalcoolique-bari\/","title":{"rendered":"Bari Hydroalcoholische Gel Sleutelhanger"},"content":{"rendered":"<h2>Ontdek onze Bari hydroalcoholische gel sleutelhanger in zwart in een klassieke of Boheemse versie.<\/h2>\n<ul>\n<li>A <strong>30 ml fles <\/strong>Herbruikbaar voor het leven!<\/li>\n<li>Een koffer, een handtas, sleutels... Onze hydroalcoholische gelhouder <strong>past overal<\/strong><\/li>\n<li>Kies een <strong>ontwerp dat bij je past <\/strong>synthetisch leer van topkwaliteit<\/li>\n<li><span style=\"text-decoration: underline;\"><strong>Compact en lichtgewicht<\/strong><\/span>r, geen ruimteverslindende flessen meer!<\/li>\n<\/ul>\n<p>&nbsp;<\/p>\n<p><span style=\"text-decoration: underline;\">Afmetingen :<\/span>\u00a08 x 3 cm<\/p>\n<p>\u26a0\ufe0f De fles wordt leeg en zonder vloeistof geleverd.<\/p>\n<h2 style=\"text-align: center;\"><span style=\"color: #82d5c7;\">\u00a0Waarom kiezen voor een Hydroalcoholische Gel Sleutelhanger?<\/span><\/h2>\n<div style=\"text-align: left; padding-left: 30px;\">\u2705 Als je het zat bent om je hydroalcoholische gel in je tas te zoeken<\/div>\n<div style=\"text-align: left; padding-left: 30px;\">Als je dat niet doet<strong> kan het niet verdragen om de hydroalcoholische gel uit de winkel te gebruiken<\/strong> wanneer je gaat winkelen<\/div>\n<div style=\"text-align: left; padding-left: 30px;\">\u2705 Als je van design en praktisch houdt<\/div>\n<div style=\"text-align: left; padding-left: 30px;\">\u2705 Als u wilt reizen met <span style=\"text-decoration: underline;\"><a title=\"beperkingen op vloeistoffen in het vliegtuig\" href=\"https:\/\/velartrip.com\/nl\/prendre-gourde-avion\/\" target=\"_blank\" rel=\"noopener\">met betrekking tot beperkingen op vloeistoffen op luchthavens<\/a><\/span> terwijl\u00a0<strong>schone handen in het vliegtuig<\/strong><\/div>\n<p>Dus onze sleutelhangers <strong>zijn afgestemd op jouw levensstijl<\/strong>. Kies het model dat bij je past uit onze ruime selectie.<\/p>","protected":false},"excerpt":{"rendered":"<p>D\u00e9couvre notre Porte-Cl\u00e9s Gel Hydroalcoolique Bari de couleur Noir en d\u00e9clinaison Classique ou Boh\u00e8me Un flacon\u00a0de 30\u2009ml r\u00e9utilisable \u00e0 vie ! Une valise, un sac \u00e0 main, des cl\u00e9s&#8230; Notre porte-gel hydroalcoolique s&rsquo;adapte partout Choisissez un design qui vous correspond de qualit\u00e9 sup\u00e9rieure en\u00a0cuir synth\u00e9tique Compact et l\u00e9ger, finis les flacons qui prennent de la&#8230;<\/p>","protected":false},"featured_media":13131,"comment_status":"open","ping_status":"closed","template":"","meta":{"_kad_blocks_custom_css":"","_kad_blocks_head_custom_js":"","_kad_blocks_body_custom_js":"","_kad_blocks_footer_custom_js":"","_kad_post_transparent":"","_kad_post_title":"","_kad_post_layout":"","_kad_post_sidebar_id":"","_kad_post_content_style":"","_kad_post_vertical_padding":"","_kad_post_feature":"","_kad_post_feature_position":"","_kad_post_header":false,"_kad_post_footer":false,"_kad_post_classname":""},"product_brand":[385],"product_cat":[400,405],"product_tag":[296],"class_list":{"0":"post-8166","1":"product","2":"type-product","3":"status-publish","4":"has-post-thumbnail","6":"product_brand-velartrip","7":"product_cat-porte-cles-gel-hydroalcoolique","8":"product_cat-accessoires-lifestyle","9":"product_tag-30-ml","11":"first","12":"instock","13":"taxable","14":"shipping-taxable","15":"purchasable","16":"product-type-variable","17":"has-default-attributes","18":"entry","19":"content-bg","20":"loop-entry"},"taxonomy_info":{"product_brand":[{"value":385,"label":"VelarTrip"}],"product_cat":[{"value":400,"label":"Porte-Cl\u00e9s Gel Hydroalcoolique"},{"value":405,"label":"Accessoires Lifestyle"}],"product_tag":[{"value":296,"label":"30 ml"}]},"featured_image_src_large":["https:\/\/velartrip.com\/wp-content\/uploads\/2021\/01\/Sans-titre-39.jpg",800,800,false],"author_info":[],"comment_info":3,"_links":{"self":[{"href":"https:\/\/velartrip.com\/nl\/wp-json\/wp\/v2\/product\/8166","targetHints":{"allow":["GET"]}}],"collection":[{"href":"https:\/\/velartrip.com\/nl\/wp-json\/wp\/v2\/product"}],"about":[{"href":"https:\/\/velartrip.com\/nl\/wp-json\/wp\/v2\/types\/product"}],"replies":[{"embeddable":true,"href":"https:\/\/velartrip.com\/nl\/wp-json\/wp\/v2\/comments?post=8166"}],"wp:featuredmedia":[{"embeddable":true,"href":"https:\/\/velartrip.com\/nl\/wp-json\/wp\/v2\/media\/13131"}],"wp:attachment":[{"href":"https:\/\/velartrip.com\/nl\/wp-json\/wp\/v2\/media?parent=8166"}],"wp:term":[{"taxonomy":"product_brand","embeddable":true,"href":"https:\/\/velartrip.com\/nl\/wp-json\/wp\/v2\/product_brand?post=8166"},{"taxonomy":"product_cat","embeddable":true,"href":"https:\/\/velartrip.com\/nl\/wp-json\/wp\/v2\/product_cat?post=8166"},{"taxonomy":"product_tag","embeddable":true,"href":"https:\/\/velartrip.com\/nl\/wp-json\/wp\/v2\/product_tag?post=8166"}],"curies":[{"name":"wp","href":"https:\/\/api.w.org\/{rel}","templated":true}]}}