{"id":8238,"date":"2021-01-16T17:47:39","date_gmt":"2021-01-16T17:47:39","guid":{"rendered":"https:\/\/velartrip.com\/?product=porte-cles-gel-hydroalcoolique-br-puma-noir"},"modified":"2024-12-04T09:29:36","modified_gmt":"2024-12-04T08:29:36","slug":"porte-cles-gel-hydroalcoolique-puma-noir","status":"publish","type":"product","link":"https:\/\/velartrip.com\/nl\/accessoires-lifestyle\/porte-cles-gel-hydroalcoolique\/porte-cles-gel-hydroalcoolique-puma-noir\/","title":{"rendered":"Puma Hydroalcoholische Gel Sleutelhanger Zwart"},"content":{"rendered":"<h2>Zo elegant als een zwarte Puma, hier is onze Hydroalcoholic sleutelhanger in Puma-kleuren.<\/h2>\n<ul>\n<li>A <strong>30 ml fles <\/strong>Herbruikbaar voor het leven!<\/li>\n<li>Een koffer, een handtas, sleutels... Onze hydroalcoholische gelhouder <strong>past overal<\/strong><\/li>\n<li>Kies een <strong>ontwerp dat bij je past <\/strong>synthetisch leer van topkwaliteit<\/li>\n<li><span style=\"text-decoration: underline;\"><strong>Compact en lichtgewicht<\/strong><\/span>r, geen ruimteverslindende flessen meer!<\/li>\n<\/ul>\n<p>&nbsp;<\/p>\n<p><span style=\"text-decoration: underline;\">Afmetingen :<\/span>\u00a010 x 7 cm<\/p>\n<p>\u26a0\ufe0f De fles wordt leeg en zonder vloeistof geleverd.<\/p>\n<h2 style=\"text-align: center;\"><span style=\"color: #82d5c7;\">\u00a0Waarom kiezen voor een Hydroalcoholische Gel Sleutelhanger?<\/span><\/h2>\n<div style=\"text-align: left; padding-left: 30px;\">\u2705 Als je het zat bent om je hydroalcoholische gel in je tas te zoeken<\/div>\n<div style=\"text-align: left; padding-left: 30px;\">Als je dat niet doet<strong> kan het niet verdragen om de hydroalcoholische gel uit de winkel te gebruiken<\/strong> wanneer je gaat winkelen<\/div>\n<div style=\"text-align: left; padding-left: 30px;\">\u2705 Als je van design en praktisch houdt<\/div>\n<div style=\"text-align: left; padding-left: 30px;\">\u2705 Als u wilt reizen met <span style=\"text-decoration: underline;\"><a title=\"beperkingen op vloeistoffen in het vliegtuig\" href=\"https:\/\/velartrip.com\/nl\/prendre-gourde-avion\/\" target=\"_blank\" rel=\"noopener\">met betrekking tot beperkingen op vloeistoffen op luchthavens<\/a><\/span> terwijl\u00a0<strong>schone handen in het vliegtuig<\/strong><\/div>\n<div style=\"text-align: left; padding-left: 30px;\"><\/div>\n<div style=\"text-align: left; padding-left: 30px;\"><\/div>\n<div style=\"text-align: left; padding-left: 30px;\"><\/div>\n<p>Dus onze sleutelhangers <strong>zijn afgestemd op jouw levensstijl<\/strong>. Kies het model dat bij je past uit onze ruime selectie.<\/p>","protected":false},"excerpt":{"rendered":"<p>Aussi\u00a0\u00e9l\u00e9gant qu&rsquo;un Puma Noir, voici notre Porte-Cl\u00e9s Hydroalcoolique qui arbore ses couleurs. Un flacon\u00a0de 30\u2009ml r\u00e9utilisable \u00e0 vie ! Une valise, un sac \u00e0 main, des cl\u00e9s&#8230; Notre porte-gel hydroalcoolique s&rsquo;adapte partout Choisissez un design qui vous correspond de qualit\u00e9 sup\u00e9rieure en\u00a0cuir synth\u00e9tique Compact et l\u00e9ger, finis les flacons qui prennent de la place !&#8230;<\/p>","protected":false},"featured_media":0,"comment_status":"open","ping_status":"closed","template":"","meta":{"_kad_blocks_custom_css":"","_kad_blocks_head_custom_js":"","_kad_blocks_body_custom_js":"","_kad_blocks_footer_custom_js":"","_kad_post_transparent":"","_kad_post_title":"","_kad_post_layout":"","_kad_post_sidebar_id":"","_kad_post_content_style":"","_kad_post_vertical_padding":"","_kad_post_feature":"","_kad_post_feature_position":"","_kad_post_header":false,"_kad_post_footer":false,"_kad_post_classname":""},"product_brand":[385],"product_cat":[400,405],"product_tag":[],"class_list":{"0":"post-8238","1":"product","2":"type-product","3":"status-publish","5":"product_brand-velartrip","6":"product_cat-porte-cles-gel-hydroalcoolique","7":"product_cat-accessoires-lifestyle","9":"first","10":"instock","11":"taxable","12":"shipping-taxable","13":"purchasable","14":"product-type-variable","15":"entry","16":"content-bg","17":"loop-entry"},"taxonomy_info":{"product_brand":[{"value":385,"label":"VelarTrip"}],"product_cat":[{"value":400,"label":"Porte-Cl\u00e9s Gel Hydroalcoolique"},{"value":405,"label":"Accessoires Lifestyle"}]},"featured_image_src_large":false,"author_info":[],"comment_info":3,"_links":{"self":[{"href":"https:\/\/velartrip.com\/nl\/wp-json\/wp\/v2\/product\/8238","targetHints":{"allow":["GET"]}}],"collection":[{"href":"https:\/\/velartrip.com\/nl\/wp-json\/wp\/v2\/product"}],"about":[{"href":"https:\/\/velartrip.com\/nl\/wp-json\/wp\/v2\/types\/product"}],"replies":[{"embeddable":true,"href":"https:\/\/velartrip.com\/nl\/wp-json\/wp\/v2\/comments?post=8238"}],"wp:attachment":[{"href":"https:\/\/velartrip.com\/nl\/wp-json\/wp\/v2\/media?parent=8238"}],"wp:term":[{"taxonomy":"product_brand","embeddable":true,"href":"https:\/\/velartrip.com\/nl\/wp-json\/wp\/v2\/product_brand?post=8238"},{"taxonomy":"product_cat","embeddable":true,"href":"https:\/\/velartrip.com\/nl\/wp-json\/wp\/v2\/product_cat?post=8238"},{"taxonomy":"product_tag","embeddable":true,"href":"https:\/\/velartrip.com\/nl\/wp-json\/wp\/v2\/product_tag?post=8238"}],"curies":[{"name":"wp","href":"https:\/\/api.w.org\/{rel}","templated":true}]}}