{"id":8243,"date":"2021-01-18T09:54:13","date_gmt":"2021-01-18T09:54:13","guid":{"rendered":"https:\/\/velartrip.com\/?product=porte-cles-gel-hydroalcoolique-br-transparent"},"modified":"2024-12-04T09:29:36","modified_gmt":"2024-12-04T08:29:36","slug":"porte-cles-gel-hydroalcoolique-transparent","status":"publish","type":"product","link":"https:\/\/velartrip.com\/nl\/accessoires-lifestyle\/porte-cles-gel-hydroalcoolique\/porte-cles-gel-hydroalcoolique-transparent\/","title":{"rendered":"Sleutelhanger met transparante alcoholvrije gel"},"content":{"rendered":"<h2>Ontdek onze Transparante Hydroalcoholische Gel Sleutelhanger. Ons model dat recht door zee gaat.<\/h2>\n<ul>\n<li>A <strong>30, 50 of 60 ml transparante fles\u00a0<\/strong>Herbruikbaar voor het leven!<\/li>\n<li>Een koffer, een handtas, sleutels... Onze hydroalcoholische gelhouder <strong>past overal<\/strong><\/li>\n<li>Kies een <strong>ontwerp dat bij je past <\/strong>synthetisch leer van topkwaliteit<\/li>\n<li><span style=\"text-decoration: underline;\"><strong>Compact en lichtgewicht<\/strong><\/span>r, geen ruimteverslindende flessen meer!<\/li>\n<\/ul>\n<p>&nbsp;<\/p>\n<p data-mce-fragment=\"1\">\u26a0\ufe0f De fles wordt leeg en zonder vloeistof geleverd.<\/p>\n<p data-mce-fragment=\"1\">Modellen <strong>met karabijnhaak<\/strong> worden geleverd met <strong>een willekeurige kleur<\/strong><\/p>\n<p><span style=\"text-decoration: underline;\">Afmetingen :\u00a0<\/span><\/p>\n<p><span style=\"text-decoration: underline;\">30 ml<\/span> 10,3 X 3,7 cm<\/p>\n<p><span style=\"text-decoration: underline;\">50 ml<\/span>\u00a011,4 x 4,25 cm<\/p>\n<p><span style=\"text-decoration: underline;\">60 ml<\/span> 12 x 4,62 cm<\/p>\n<h2 style=\"text-align: center;\"><span style=\"color: #82d5c7;\">\u00a0Waarom kiezen voor een Hydroalcoholische Gel Sleutelhanger?<\/span><\/h2>\n<div style=\"text-align: left; padding-left: 30px;\">\u2705 Als je het zat bent om je hydroalcoholische gel in je tas te zoeken<\/div>\n<div style=\"text-align: left; padding-left: 30px;\">Als je dat niet doet<strong> kan het niet verdragen om de hydroalcoholische gel uit de winkel te gebruiken<\/strong> wanneer je gaat winkelen<\/div>\n<div style=\"text-align: left; padding-left: 30px;\">\u2705 Als je van design en praktisch houdt<\/div>\n<div style=\"text-align: left; padding-left: 30px;\">\u2705 Als u wilt reizen met <span style=\"text-decoration: underline;\"><a title=\"beperkingen op vloeistoffen in het vliegtuig\" href=\"https:\/\/velartrip.com\/nl\/prendre-gourde-avion\/\" target=\"_blank\" rel=\"noopener\">met betrekking tot beperkingen op vloeistoffen op luchthavens<\/a><\/span> terwijl\u00a0<strong>schone handen in het vliegtuig<\/strong><\/div>\n<div style=\"text-align: left; padding-left: 30px;\"><\/div>\n<div style=\"text-align: left; padding-left: 30px;\"><\/div>\n<div style=\"text-align: left; padding-left: 30px;\"><\/div>\n<p>Dus onze sleutelhangers <strong>zijn afgestemd op jouw levensstijl<\/strong>. Kies het model dat bij je past uit onze ruime selectie.<\/p>","protected":false},"excerpt":{"rendered":"<p>D\u00e9couvre notre Porte-Cl\u00e9s Gel Hydroalcoolique\u00a0Transparent. Notre mod\u00e8le qui va \u00e0 l&rsquo;essentiel. Un flacon transparent de 30, 50 ou 60 ml\u00a0r\u00e9utilisable \u00e0 vie ! Une valise, un sac \u00e0 main, des cl\u00e9s&#8230; Notre porte-gel hydroalcoolique s&rsquo;adapte partout Choisissez un design qui vous correspond de qualit\u00e9 sup\u00e9rieure en\u00a0cuir synth\u00e9tique Compact et l\u00e9ger, finis les flacons qui prennent&#8230;<\/p>","protected":false},"featured_media":13083,"comment_status":"open","ping_status":"closed","template":"","meta":{"_kad_blocks_custom_css":"","_kad_blocks_head_custom_js":"","_kad_blocks_body_custom_js":"","_kad_blocks_footer_custom_js":"","_kad_post_transparent":"","_kad_post_title":"","_kad_post_layout":"","_kad_post_sidebar_id":"","_kad_post_content_style":"","_kad_post_vertical_padding":"","_kad_post_feature":"","_kad_post_feature_position":"","_kad_post_header":false,"_kad_post_footer":false,"_kad_post_classname":""},"product_brand":[385],"product_cat":[400,405],"product_tag":[311,296,300],"class_list":{"0":"post-8243","1":"product","2":"type-product","3":"status-publish","4":"has-post-thumbnail","6":"product_brand-velartrip","7":"product_cat-porte-cles-gel-hydroalcoolique","8":"product_cat-accessoires-lifestyle","9":"product_tag-50-ml","10":"product_tag-30-ml","11":"product_tag-60-ml","13":"first","14":"instock","15":"taxable","16":"shipping-taxable","17":"purchasable","18":"product-type-variable","19":"entry","20":"content-bg","21":"loop-entry"},"taxonomy_info":{"product_brand":[{"value":385,"label":"VelarTrip"}],"product_cat":[{"value":400,"label":"Porte-Cl\u00e9s Gel Hydroalcoolique"},{"value":405,"label":"Accessoires Lifestyle"}],"product_tag":[{"value":311,"label":" 50 ml"},{"value":296,"label":"30 ml"},{"value":300,"label":"60 ml"}]},"featured_image_src_large":["https:\/\/velartrip.com\/wp-content\/uploads\/2022\/04\/Sans-titre-29.jpg",800,800,false],"author_info":[],"comment_info":3,"_links":{"self":[{"href":"https:\/\/velartrip.com\/nl\/wp-json\/wp\/v2\/product\/8243","targetHints":{"allow":["GET"]}}],"collection":[{"href":"https:\/\/velartrip.com\/nl\/wp-json\/wp\/v2\/product"}],"about":[{"href":"https:\/\/velartrip.com\/nl\/wp-json\/wp\/v2\/types\/product"}],"replies":[{"embeddable":true,"href":"https:\/\/velartrip.com\/nl\/wp-json\/wp\/v2\/comments?post=8243"}],"wp:featuredmedia":[{"embeddable":true,"href":"https:\/\/velartrip.com\/nl\/wp-json\/wp\/v2\/media\/13083"}],"wp:attachment":[{"href":"https:\/\/velartrip.com\/nl\/wp-json\/wp\/v2\/media?parent=8243"}],"wp:term":[{"taxonomy":"product_brand","embeddable":true,"href":"https:\/\/velartrip.com\/nl\/wp-json\/wp\/v2\/product_brand?post=8243"},{"taxonomy":"product_cat","embeddable":true,"href":"https:\/\/velartrip.com\/nl\/wp-json\/wp\/v2\/product_cat?post=8243"},{"taxonomy":"product_tag","embeddable":true,"href":"https:\/\/velartrip.com\/nl\/wp-json\/wp\/v2\/product_tag?post=8243"}],"curies":[{"name":"wp","href":"https:\/\/api.w.org\/{rel}","templated":true}]}}