{"id":8272,"date":"2021-01-27T11:03:50","date_gmt":"2021-01-27T11:03:50","guid":{"rendered":"https:\/\/velartrip.com\/?product=trousse-de-toilette-br-licorne"},"modified":"2024-12-04T09:29:33","modified_gmt":"2024-12-04T08:29:33","slug":"trousse-de-toilette-licorne","status":"publish","type":"product","link":"https:\/\/velartrip.com\/nl\/accessoires-voyage\/trousses-toilette\/trousse-de-toilette-licorne\/","title":{"rendered":"Eenhoorn toilettas"},"content":{"rendered":"<h2>Zorg goed voor jezelf, zelfs onderweg, met onze roze Unicorn Toilettas. Houd je schoonheidsproducten georganiseerd!<\/h2>\n<ul>\n<li>Duurzaam en<strong> gemakkelijk wasbaar<\/strong>.<\/li>\n<li>2 ritsen voor extra veiligheid.<\/li>\n<li>A <strong>ruimtebesparend<\/strong> Dankzij het compacte, lichtgewicht ontwerp past hij gemakkelijk in je koffer.<\/li>\n<li><strong>Ademende Oxford stof<\/strong> om de verspreiding van bacteri\u00ebn te voorkomen.<\/li>\n<li><strong>Gemakkelijk vervoerbaar<\/strong> met behulp van de bovenste handgreep.<\/li>\n<li><strong>Verwijderbare opslag<\/strong> verkrijgbaar om extra ruimte te besparen in je toilettas.<\/li>\n<\/ul>\n<p><span style=\"text-decoration: underline;\">Afmetingen<\/span> Afmetingen : 21 x 17 x 8 cm<\/p>","protected":false},"excerpt":{"rendered":"<p>Prenez soin de vous, m\u00eame en\u00a0d\u00e9placement avec notre Trousse de Toilette\u00a0Licorne de couleur rose. Vos produits de beaut\u00e9 toujours bien organis\u00e9s ! Durable et facilement lavable. Une s\u00e9curit\u00e9 renforc\u00e9e gr\u00e2ce \u00e0 ses 2 fermetures \u00e9clair. Un gain de place important dans votre valise gr\u00e2ce \u00e0 son\u00a0design\u00a0compact et l\u00e9ger. Un tissu Oxford respirant pour \u00e9viter la&#8230;<\/p>","protected":false},"featured_media":13079,"comment_status":"open","ping_status":"closed","template":"","meta":{"_kad_blocks_custom_css":"","_kad_blocks_head_custom_js":"","_kad_blocks_body_custom_js":"","_kad_blocks_footer_custom_js":"","_kad_post_transparent":"","_kad_post_title":"","_kad_post_layout":"","_kad_post_sidebar_id":"","_kad_post_content_style":"","_kad_post_vertical_padding":"","_kad_post_feature":"","_kad_post_feature_position":"","_kad_post_header":false,"_kad_post_footer":false,"_kad_post_classname":""},"product_brand":[385],"product_cat":[401,404],"product_tag":[],"class_list":{"0":"post-8272","1":"product","2":"type-product","3":"status-publish","4":"has-post-thumbnail","6":"product_brand-velartrip","7":"product_cat-trousses-toilette","8":"product_cat-accessoires-voyage","10":"first","11":"instock","12":"taxable","13":"shipping-taxable","14":"purchasable","15":"product-type-simple","16":"entry","17":"content-bg","18":"loop-entry"},"taxonomy_info":{"product_brand":[{"value":385,"label":"VelarTrip"}],"product_cat":[{"value":401,"label":"Trousses de Toilette"},{"value":404,"label":"Accessoires de Voyage"}]},"featured_image_src_large":["https:\/\/velartrip.com\/wp-content\/uploads\/2022\/04\/trousse-de-toilette-licorne-velartrip.jpg",800,800,false],"author_info":[],"comment_info":4,"_links":{"self":[{"href":"https:\/\/velartrip.com\/nl\/wp-json\/wp\/v2\/product\/8272","targetHints":{"allow":["GET"]}}],"collection":[{"href":"https:\/\/velartrip.com\/nl\/wp-json\/wp\/v2\/product"}],"about":[{"href":"https:\/\/velartrip.com\/nl\/wp-json\/wp\/v2\/types\/product"}],"replies":[{"embeddable":true,"href":"https:\/\/velartrip.com\/nl\/wp-json\/wp\/v2\/comments?post=8272"}],"wp:featuredmedia":[{"embeddable":true,"href":"https:\/\/velartrip.com\/nl\/wp-json\/wp\/v2\/media\/13079"}],"wp:attachment":[{"href":"https:\/\/velartrip.com\/nl\/wp-json\/wp\/v2\/media?parent=8272"}],"wp:term":[{"taxonomy":"product_brand","embeddable":true,"href":"https:\/\/velartrip.com\/nl\/wp-json\/wp\/v2\/product_brand?post=8272"},{"taxonomy":"product_cat","embeddable":true,"href":"https:\/\/velartrip.com\/nl\/wp-json\/wp\/v2\/product_cat?post=8272"},{"taxonomy":"product_tag","embeddable":true,"href":"https:\/\/velartrip.com\/nl\/wp-json\/wp\/v2\/product_tag?post=8272"}],"curies":[{"name":"wp","href":"https:\/\/api.w.org\/{rel}","templated":true}]}}