{"id":8497,"date":"2021-02-19T17:18:59","date_gmt":"2021-02-19T17:18:59","guid":{"rendered":"https:\/\/velartrip.com\/?product=pins-br-requin-francais"},"modified":"2024-12-04T09:29:17","modified_gmt":"2024-12-04T08:29:17","slug":"pins-requin-francais","status":"publish","type":"product","link":"https:\/\/velartrip.com\/nl\/accessoires-voyage\/pins\/pins-requin-francais\/","title":{"rendered":"Franse haai speld"},"content":{"rendered":"<h2>Ontdek onze Haaienspeld in de kleuren van de Franse vlag om je tas te verfraaien.<br \/>\n<\/h2>\n<ul>\n<li>Het handige accessoire voor <strong>voeg je persoonlijke touch toe<\/strong> op zijn bagage.<\/li>\n<li>Hij zal onafscheidelijk zijn van je tas dankzij zijn <strong>de veilige 100% sluiting<\/strong>.<\/li>\n<li>Afmetingen: 3 x 1,5 cm.<\/li>\n<\/ul>\n<h3 style=\"text-align: center;\" data-mce-style=\"text-align: center;\"><span style=\"color: #82d5c7;\" data-mce-style=\"color: #82d5c7;\">Waarom een Pin's kiezen voor je reizen?<\/span><\/h3>\n<h4>1 &#8211; <span style=\"text-decoration: underline;\" data-mce-style=\"text-decoration: underline;\">Geschiedenis van de speld\u00a0<\/span><br \/>\n<\/h4>\n<p>Pins worden al heel lang gebruikt als een manier voor merken om reclame te maken. We schatten dat de piek van de populariteit van pins werd bereikt in de jaren 1990. 5 jaar later is de productie aanzienlijk gedaald.<\/p>\n<p>Tegenwoordig wordt de speld niet meer geproduceerd en wordt hij alleen nog gebruikt voor bepaalde sportieve of culturele evenementen. <br \/>Er is echter nog steeds een gemeenschap van enthousiastelingen die bekend staan als filopins of filopinisten die de zeldzaamste pins blijven opgraven op verzamelbeurzen of via forums.<\/p>\n<h4>2 &#8211; <span style=\"text-decoration: underline;\" data-mce-style=\"text-decoration: underline;\">Pinnen en reizen door VelarTrip<\/span><br \/>\n<\/h4>\n<p>Zoals u weet, is het onze diepste ambitie om u in staat te stellen om <strong>reizen door je te concentreren op wat essentieel is.<\/strong><\/p>\n<p><span style=\"text-decoration: underline;\" data-mce-style=\"text-decoration: underline;\"><\/span>Maar wat is \"essentieel\"?<\/p>\n<p>Als we het zouden moeten defini\u00ebren, zijn het alle positieve emoties die je krijgt van reizen.<\/p>\n<p>Daarom hopen we (heel erg) dat je dankzij onze pins :<\/p>\n<ul>\n<li>\n<strong>aanpassen<\/strong><span>\u00a0<\/span>volgens je persoonlijkheid je<strong><span>\u00a0<\/span>reistassen of rugzakken<\/strong>.<\/li>\n<li>\n<strong>Gemakkelijk te vinden<\/strong><span>\u00a0<\/span>je koffers.<\/li>\n<li>\n<strong>Je tassen onderscheiden<\/strong><span>\u00a0<\/span>tussen de andere reizigers.<\/li>\n<\/ul>\n<p>Naast onze<span style=\"text-decoration: underline;\" data-mce-style=\"text-decoration: underline;\">\u00a0<a title=\"collectie kofferhoezen\" href=\"https:\/\/velartrip.com\/nl\/collections\/housses-de-valise\/\" target=\"_blank\" rel=\"noopener\">kofferhoezen<\/a><\/span><span>\u00a0<\/span>of onze<span>\u00a0<\/span><span style=\"text-decoration: underline;\" data-mce-style=\"text-decoration: underline;\"><a title=\"collectie bagagelabels\" href=\"https:\/\/velartrip.com\/nl\/collections\/etiquettes-bagages\/\" target=\"_blank\" rel=\"noopener\">bagagelabels<\/a><\/span>Door gewoon een pin toe te voegen, kun je<span>\u00a0<\/span><strong>het risico op verlies van je bagage aanzienlijk verkleinen<\/strong>.<\/p>","protected":false},"excerpt":{"rendered":"<p>D\u00e9couvrez notre Pin&rsquo;s Requin aux couleurs du drapeau fran\u00e7ais pour sublimer votre sac. L&rsquo;accessoire\u00a0utile\u00a0pour ajouter\u00a0sa touche personnelle sur\u00a0ses bagages. Il sera ins\u00e9parable avec votre sac gr\u00e2ce \u00e0 son\u00a0fermoir 100% s\u00e9curis\u00e9. Dimensions : 3 x 1,5 cm. Pourquoi choisir un Pin&rsquo;s pour vos voyages ? 1 &#8211; Histoire du Pin&rsquo;s\u00a0 Le pin&rsquo;s a \u00e9t\u00e9 longtemps utilis\u00e9&#8230;<\/p>","protected":false},"featured_media":12733,"comment_status":"open","ping_status":"closed","template":"","meta":{"_kad_blocks_custom_css":"","_kad_blocks_head_custom_js":"","_kad_blocks_body_custom_js":"","_kad_blocks_footer_custom_js":"","_kad_post_transparent":"","_kad_post_title":"","_kad_post_layout":"","_kad_post_sidebar_id":"","_kad_post_content_style":"","_kad_post_vertical_padding":"","_kad_post_feature":"","_kad_post_feature_position":"","_kad_post_header":false,"_kad_post_footer":false,"_kad_post_classname":""},"product_brand":[385],"product_cat":[404,402],"product_tag":[],"class_list":{"0":"post-8497","1":"product","2":"type-product","3":"status-publish","4":"has-post-thumbnail","6":"product_brand-velartrip","7":"product_cat-accessoires-voyage","8":"product_cat-pins","10":"first","11":"instock","12":"taxable","13":"shipping-taxable","14":"purchasable","15":"product-type-simple","16":"entry","17":"content-bg","18":"loop-entry"},"taxonomy_info":{"product_brand":[{"value":385,"label":"VelarTrip"}],"product_cat":[{"value":404,"label":"Accessoires de Voyage"},{"value":402,"label":"Pin's"}]},"featured_image_src_large":["https:\/\/velartrip.com\/wp-content\/uploads\/2022\/04\/1005003642694955_images_62615d828ba8c_3.webp",800,800,false],"author_info":[],"comment_info":4,"_links":{"self":[{"href":"https:\/\/velartrip.com\/nl\/wp-json\/wp\/v2\/product\/8497","targetHints":{"allow":["GET"]}}],"collection":[{"href":"https:\/\/velartrip.com\/nl\/wp-json\/wp\/v2\/product"}],"about":[{"href":"https:\/\/velartrip.com\/nl\/wp-json\/wp\/v2\/types\/product"}],"replies":[{"embeddable":true,"href":"https:\/\/velartrip.com\/nl\/wp-json\/wp\/v2\/comments?post=8497"}],"wp:featuredmedia":[{"embeddable":true,"href":"https:\/\/velartrip.com\/nl\/wp-json\/wp\/v2\/media\/12733"}],"wp:attachment":[{"href":"https:\/\/velartrip.com\/nl\/wp-json\/wp\/v2\/media?parent=8497"}],"wp:term":[{"taxonomy":"product_brand","embeddable":true,"href":"https:\/\/velartrip.com\/nl\/wp-json\/wp\/v2\/product_brand?post=8497"},{"taxonomy":"product_cat","embeddable":true,"href":"https:\/\/velartrip.com\/nl\/wp-json\/wp\/v2\/product_cat?post=8497"},{"taxonomy":"product_tag","embeddable":true,"href":"https:\/\/velartrip.com\/nl\/wp-json\/wp\/v2\/product_tag?post=8497"}],"curies":[{"name":"wp","href":"https:\/\/api.w.org\/{rel}","templated":true}]}}