{"id":8571,"date":"2021-02-19T17:33:55","date_gmt":"2021-02-19T17:33:55","guid":{"rendered":"https:\/\/velartrip.com\/?product=pins-br-fleurs"},"modified":"2025-03-14T21:43:02","modified_gmt":"2025-03-14T20:43:02","slug":"pins-fleurs","status":"publish","type":"product","link":"https:\/\/velartrip.com\/nl\/accessoires-voyage\/pins\/pins-fleurs\/","title":{"rendered":"Pin's Bloemen"},"content":{"rendered":"<h2>Voeg een vleugje elegantie toe aan je bagage met onze selectie bloemenspelden.<\/h2>\n<ul>\n<li>Het handige accessoire voor <strong>voeg je persoonlijke touch toe<\/strong> op zijn bagage.<\/li>\n<li>Hij zal onafscheidelijk zijn van je tas dankzij zijn <strong>de veilige 100% sluiting<\/strong>.<\/li>\n<li>Gemiddelde grootte: 3 x 2,54 cm.<\/li>\n<\/ul>\n<h3 style=\"text-align: center;\"><span style=\"color: #82d5c7;\">Waarom een Pin's kiezen voor je reizen?<\/span><\/h3>\n<h4>1 &#8211; <span style=\"text-decoration: underline;\">Geschiedenis van de speld\u00a0<\/span><\/h4>\n<p>Pins worden al heel lang gebruikt als een manier voor merken om reclame te maken. We schatten dat de piek van de populariteit van pins werd bereikt in de jaren 1990. 5 jaar later is de productie aanzienlijk gedaald.<\/p>\n<p>Tegenwoordig wordt de speld niet meer geproduceerd en wordt hij alleen nog gebruikt voor bepaalde sportieve of culturele evenementen.<br \/>\nEr is echter nog steeds een gemeenschap van enthousiastelingen die bekend staan als filopins of filopinisten die de zeldzaamste pins blijven opgraven op verzamelbeurzen of via forums.<\/p>\n<h4>2 &#8211; <span style=\"text-decoration: underline;\">Pinnen en reizen door VelarTrip<\/span><\/h4>\n<p>Zoals u weet, is het onze diepste ambitie om u in staat te stellen om <strong>reizen door je te concentreren op wat essentieel is.<\/strong><\/p>\n<p>Maar wat is \"essentieel\"?<\/p>\n<p>Als we het zouden moeten defini\u00ebren, zijn het alle positieve emoties die je krijgt van reizen.<\/p>\n<p>Daarom hopen we (heel erg) dat je dankzij onze pins :<\/p>\n<ul>\n<li><strong>aanpassen<\/strong>\u00a0volgens je persoonlijkheid je<strong>\u00a0reistassen of rugzakken<\/strong>.<\/li>\n<li><strong>Gemakkelijk te vinden<\/strong>\u00a0je koffers.<\/li>\n<li><strong>Je tassen onderscheiden<\/strong>\u00a0tussen de andere reizigers.<\/li>\n<\/ul>\n<p>Naast onze<span style=\"text-decoration: underline;\">\u00a0<a title=\"collectie kofferhoezen\" href=\"https:\/\/velartrip.com\/nl\/collections\/housses-de-valise\/\" target=\"_blank\" rel=\"noopener\">kofferhoezen<\/a><\/span>\u00a0of onze\u00a0<span style=\"text-decoration: underline;\"><a title=\"collectie bagagelabels\" href=\"https:\/\/velartrip.com\/nl\/collections\/etiquettes-bagages\/\" target=\"_blank\" rel=\"noopener\">bagagelabels<\/a><\/span>Door gewoon een pin toe te voegen, kun je\u00a0<strong>het risico op verlies van je bagage aanzienlijk verkleinen<\/strong>.<\/p>","protected":false},"excerpt":{"rendered":"<p>La touche d&rsquo;\u00e9l\u00e9gance pour vos bagages gr\u00e2ce \u00e0 notre s\u00e9lection de Pin&rsquo;s\u00a0 \u00e0 Fleurs. L&rsquo;accessoire\u00a0utile\u00a0pour ajouter\u00a0sa touche personnelle sur\u00a0ses bagages. Il sera ins\u00e9parable avec votre sac gr\u00e2ce \u00e0 son\u00a0fermoir 100% s\u00e9curis\u00e9. Dimensions moyenne :\u00a03 x\u00a02,54\u00a0cm. Pourquoi choisir un Pin&rsquo;s pour vos voyages ? 1 &#8211; Histoire du Pin&rsquo;s\u00a0 Le pin&rsquo;s a \u00e9t\u00e9 longtemps utilis\u00e9 comme&#8230;<\/p>","protected":false},"featured_media":12707,"comment_status":"open","ping_status":"closed","template":"","meta":{"_kad_blocks_custom_css":"","_kad_blocks_head_custom_js":"","_kad_blocks_body_custom_js":"","_kad_blocks_footer_custom_js":"","_kad_post_transparent":"","_kad_post_title":"","_kad_post_layout":"","_kad_post_sidebar_id":"","_kad_post_content_style":"","_kad_post_vertical_padding":"","_kad_post_feature":"","_kad_post_feature_position":"","_kad_post_header":false,"_kad_post_footer":false,"_kad_post_classname":""},"product_brand":[385],"product_cat":[402,404],"product_tag":[],"class_list":{"0":"post-8571","1":"product","2":"type-product","3":"status-publish","4":"has-post-thumbnail","6":"product_brand-velartrip","7":"product_cat-pins","8":"product_cat-accessoires-voyage","10":"first","11":"instock","12":"taxable","13":"shipping-taxable","14":"purchasable","15":"product-type-variable","16":"entry","17":"content-bg","18":"loop-entry"},"taxonomy_info":{"product_brand":[{"value":385,"label":"VelarTrip"}],"product_cat":[{"value":402,"label":"Pin's"},{"value":404,"label":"Accessoires de Voyage"}]},"featured_image_src_large":["https:\/\/velartrip.com\/wp-content\/uploads\/2021\/02\/1005001830580442_images_62613fe63b7e2_5.webp",800,800,false],"author_info":[],"comment_info":4,"_links":{"self":[{"href":"https:\/\/velartrip.com\/nl\/wp-json\/wp\/v2\/product\/8571","targetHints":{"allow":["GET"]}}],"collection":[{"href":"https:\/\/velartrip.com\/nl\/wp-json\/wp\/v2\/product"}],"about":[{"href":"https:\/\/velartrip.com\/nl\/wp-json\/wp\/v2\/types\/product"}],"replies":[{"embeddable":true,"href":"https:\/\/velartrip.com\/nl\/wp-json\/wp\/v2\/comments?post=8571"}],"wp:featuredmedia":[{"embeddable":true,"href":"https:\/\/velartrip.com\/nl\/wp-json\/wp\/v2\/media\/12707"}],"wp:attachment":[{"href":"https:\/\/velartrip.com\/nl\/wp-json\/wp\/v2\/media?parent=8571"}],"wp:term":[{"taxonomy":"product_brand","embeddable":true,"href":"https:\/\/velartrip.com\/nl\/wp-json\/wp\/v2\/product_brand?post=8571"},{"taxonomy":"product_cat","embeddable":true,"href":"https:\/\/velartrip.com\/nl\/wp-json\/wp\/v2\/product_cat?post=8571"},{"taxonomy":"product_tag","embeddable":true,"href":"https:\/\/velartrip.com\/nl\/wp-json\/wp\/v2\/product_tag?post=8571"}],"curies":[{"name":"wp","href":"https:\/\/api.w.org\/{rel}","templated":true}]}}