{"id":8737,"date":"2021-03-14T13:19:49","date_gmt":"2021-03-14T13:19:49","guid":{"rendered":"https:\/\/velartrip.com\/?product=pins-br-drapeau-nouvelle-zelande"},"modified":"2024-12-04T09:29:10","modified_gmt":"2024-12-04T08:29:10","slug":"pins-drapeau-nouvelle-zelande","status":"publish","type":"product","link":"https:\/\/velartrip.com\/nl\/accessoires-voyage\/pins\/pins-drapeau-nouvelle-zelande\/","title":{"rendered":"Speld Nieuw-Zeelandse vlag"},"content":{"rendered":"<h2>Zelfs als je geen rugbyfan bent, raden we je aan om dit prachtige land te bezoeken. Als je dat al hebt gedaan, is hier onze Nieuw-Zeelandse vlagspeld.<\/h2>\n<ul>\n<li>Gemiddelde grootte: 1,9 x 1,8 cm.<\/li>\n<li>Hij zal onafscheidelijk zijn van je tas dankzij zijn <strong>de veilige 100% sluiting<\/strong>.<\/li>\n<li>Afmetingen: 1,9 x 1,6 cm.<\/li>\n<\/ul>\n<h3 style=\"text-align: center;\"><span style=\"color: #82d5c7;\">Waarom een Pin's kiezen voor je reizen?<\/span><\/h3>\n<h4>1 &#8211; <span style=\"text-decoration: underline;\">Geschiedenis van de speld <\/span><\/h4>\n<p>Pins worden al heel lang gebruikt als een manier voor merken om reclame te maken. We schatten dat de piek van de populariteit van pins werd bereikt in de jaren 1990. 5 jaar later is de productie aanzienlijk gedaald.<\/p>\n<p>Tegenwoordig wordt de speld niet meer geproduceerd en wordt hij alleen nog gebruikt voor bepaalde sportieve of culturele evenementen.<br \/>\nEr is echter nog steeds een gemeenschap van enthousiastelingen die bekend staan als filopins of filopinisten die de zeldzaamste pins blijven opgraven op verzamelbeurzen of via forums.<\/p>\n<h4>2 &#8211; <span style=\"text-decoration: underline;\">Pinnen en reizen door VelarTrip<\/span><\/h4>\n<p>Zoals u weet, is het onze diepste ambitie om u in staat te stellen om <strong>reizen door je te concentreren op wat essentieel is.<\/strong><\/p>\n<p>Maar wat is \"essentieel\"?<\/p>\n<p>Als we het zouden moeten defini\u00ebren, zijn het alle positieve emoties die je krijgt van reizen.<\/p>\n<p>Daarom hopen we (heel erg) dat je dankzij onze pins :<\/p>\n<ul>\n<li><strong>aanpassen<\/strong> volgens je persoonlijkheid je<strong> reistassen of rugzakken<\/strong>.<\/li>\n<li><strong>Gemakkelijk te vinden<\/strong> je koffers.<\/li>\n<li><strong>Je tassen onderscheiden<\/strong> tussen de andere reizigers.<\/li>\n<\/ul>\n<p>Naast onze <span style=\"text-decoration: underline;\"><a title=\"collectie kofferhoezen\" href=\"https:\/\/velartrip.com\/nl\/collections\/housses-de-valise\/\" target=\"_blank\" rel=\"noopener\">kofferhoezen<\/a><\/span> of onze <span style=\"text-decoration: underline;\"><a title=\"collectie bagagelabels\" href=\"https:\/\/velartrip.com\/nl\/collections\/etiquettes-bagages\/\" target=\"_blank\" rel=\"noopener\">bagagelabels<\/a><\/span>Door gewoon een pin toe te voegen, kun je <strong>het risico op verlies van je bagage aanzienlijk verkleinen<\/strong>.<\/p>","protected":false},"excerpt":{"rendered":"<p>M\u00eame si vous n&rsquo;\u00eates pas fan de rugby, nous vous conseillons de visiter ce superbe pays. Si c&rsquo;est d\u00e9j\u00e0 fait voici notre Pin&rsquo;s Drapeau Nouvelle-Z\u00e9lande. Dimensions moyennes : 1,9 x 1,8 cm. Il sera ins\u00e9parable avec votre sac gr\u00e2ce \u00e0 son fermoir 100% s\u00e9curis\u00e9. Dimensions : 1,9 x 1,6 cm. Pourquoi choisir un Pin&rsquo;s pour&#8230;<\/p>","protected":false},"featured_media":12509,"comment_status":"open","ping_status":"closed","template":"","meta":{"_kad_blocks_custom_css":"","_kad_blocks_head_custom_js":"","_kad_blocks_body_custom_js":"","_kad_blocks_footer_custom_js":"","_kad_post_transparent":"","_kad_post_title":"","_kad_post_layout":"","_kad_post_sidebar_id":"","_kad_post_content_style":"","_kad_post_vertical_padding":"","_kad_post_feature":"","_kad_post_feature_position":"","_kad_post_header":false,"_kad_post_footer":false,"_kad_post_classname":""},"product_brand":[385],"product_cat":[404,402,957],"product_tag":[354],"class_list":{"0":"post-8737","1":"product","2":"type-product","3":"status-publish","4":"has-post-thumbnail","6":"product_brand-velartrip","7":"product_cat-accessoires-voyage","8":"product_cat-pins","9":"product_cat-pins-drapeau","10":"product_tag-drapeau","12":"first","13":"instock","14":"taxable","15":"shipping-taxable","16":"purchasable","17":"product-type-variable","18":"entry","19":"content-bg","20":"loop-entry"},"taxonomy_info":{"product_brand":[{"value":385,"label":"VelarTrip"}],"product_cat":[{"value":404,"label":"Accessoires de Voyage"},{"value":402,"label":"Pin's"},{"value":957,"label":"Pin's Drapeau"}],"product_tag":[{"value":354,"label":"Drapeau"}]},"featured_image_src_large":["https:\/\/velartrip.com\/wp-content\/uploads\/2022\/04\/pins-drapeau-nouvelle-ze\u0301lande-velartrip.jpg",800,800,false],"author_info":[],"comment_info":4,"_links":{"self":[{"href":"https:\/\/velartrip.com\/nl\/wp-json\/wp\/v2\/product\/8737","targetHints":{"allow":["GET"]}}],"collection":[{"href":"https:\/\/velartrip.com\/nl\/wp-json\/wp\/v2\/product"}],"about":[{"href":"https:\/\/velartrip.com\/nl\/wp-json\/wp\/v2\/types\/product"}],"replies":[{"embeddable":true,"href":"https:\/\/velartrip.com\/nl\/wp-json\/wp\/v2\/comments?post=8737"}],"wp:featuredmedia":[{"embeddable":true,"href":"https:\/\/velartrip.com\/nl\/wp-json\/wp\/v2\/media\/12509"}],"wp:attachment":[{"href":"https:\/\/velartrip.com\/nl\/wp-json\/wp\/v2\/media?parent=8737"}],"wp:term":[{"taxonomy":"product_brand","embeddable":true,"href":"https:\/\/velartrip.com\/nl\/wp-json\/wp\/v2\/product_brand?post=8737"},{"taxonomy":"product_cat","embeddable":true,"href":"https:\/\/velartrip.com\/nl\/wp-json\/wp\/v2\/product_cat?post=8737"},{"taxonomy":"product_tag","embeddable":true,"href":"https:\/\/velartrip.com\/nl\/wp-json\/wp\/v2\/product_tag?post=8737"}],"curies":[{"name":"wp","href":"https:\/\/api.w.org\/{rel}","templated":true}]}}