{"id":10269,"date":"2021-06-11T13:29:32","date_gmt":"2021-06-11T13:29:32","guid":{"rendered":"https:\/\/velartrip.com\/?page_id=10269"},"modified":"2024-12-06T15:07:55","modified_gmt":"2024-12-06T14:07:55","slug":"suivi-de-commande","status":"publish","type":"page","link":"https:\/\/velartrip.com\/pt\/suivi-de-commande\/","title":{"rendered":"Acompanhamento da encomenda"},"content":{"rendered":"<style>.kb-row-layout-id10269_a43250-db > .kt-row-column-wrap{align-content:start;}:where(.kb-row-layout-id10269_a43250-db > .kt-row-column-wrap) > .wp-block-kadence-column{justify-content:start;}.kb-row-layout-id10269_a43250-db > .kt-row-column-wrap{column-gap:var(--global-kb-gap-md, 2rem);row-gap:var(--global-kb-gap-md, 2rem);max-width:var( --global-content-width, 1290px );padding-left:var(--global-content-edge-padding);padding-right:var(--global-content-edge-padding);padding-top:var(--global-kb-spacing-3xl, 6.5rem);padding-bottom:var(--global-kb-spacing-3xl, 6.5rem);grid-template-columns:minmax(0, 1fr);}.kb-row-layout-id10269_a43250-db{background-image:url('https:\/\/velartrip.com\/wp-content\/uploads\/2024\/12\/boats-in-the-vibrant-blue-waters-of-hvar-croatia-showcasing-a-charming-coastal-town-under-sunny-skies.-2265876-scaled.jpg');background-size:cover;background-position:center center;background-attachment:scroll;background-repeat:no-repeat;}.kb-row-layout-id10269_a43250-db > .kt-row-layout-overlay{opacity:0.81;background-color:var(--global-palette9, #ffffff);mix-blend-mode:normal;}@media all and (max-width: 1024px){.kb-row-layout-id10269_a43250-db > .kt-row-column-wrap{grid-template-columns:minmax(0, 1fr);}}@media all and (max-width: 767px){.kb-row-layout-id10269_a43250-db > .kt-row-column-wrap{grid-template-columns:minmax(0, 1fr);}}<\/style><div class=\"kb-row-layout-wrap kb-row-layout-id10269_a43250-db alignfull kt-row-has-bg wp-block-kadence-rowlayout\"><div class=\"kt-row-layout-overlay kt-row-overlay-normal\"><\/div><div class=\"kt-row-column-wrap kt-has-1-columns kt-row-layout-equal kt-tab-layout-inherit kt-mobile-layout-row kt-row-valign-top kb-theme-content-width\">\n<style>.kadence-column10269_b780e4-5f > .kt-inside-inner-col,.kadence-column10269_b780e4-5f > .kt-inside-inner-col:before{border-top-left-radius:0px;border-top-right-radius:0px;border-bottom-right-radius:0px;border-bottom-left-radius:0px;}.kadence-column10269_b780e4-5f > .kt-inside-inner-col{column-gap:var(--global-kb-gap-sm, 1rem);}.kadence-column10269_b780e4-5f > .kt-inside-inner-col{flex-direction:column;}.kadence-column10269_b780e4-5f > .kt-inside-inner-col > .aligncenter{width:100%;}.kadence-column10269_b780e4-5f > .kt-inside-inner-col:before{opacity:0.3;}.kadence-column10269_b780e4-5f{position:relative;}@media all and (max-width: 1024px){.kadence-column10269_b780e4-5f > .kt-inside-inner-col{flex-direction:column;justify-content:center;}}@media all and (max-width: 767px){.kadence-column10269_b780e4-5f > .kt-inside-inner-col{flex-direction:column;justify-content:center;}}<\/style>\n<div class=\"wp-block-kadence-column kadence-column10269_b780e4-5f inner-column-1\"><div class=\"kt-inside-inner-col\"><style>.wp-block-kadence-spacer.kt-block-spacer-10269_31cdf9-4a .kt-block-spacer{height:10px;}.wp-block-kadence-spacer.kt-block-spacer-10269_31cdf9-4a .kt-divider{border-top-width:1px;height:1px;border-top-color:var(--global-palette1, #3182CE);width:20%;border-top-style:solid;}<\/style>\n<div class=\"wp-block-kadence-spacer alignnone kt-block-spacer-10269_31cdf9-4a\"><div class=\"kt-block-spacer kt-block-spacer-halign-center\"><hr class=\"kt-divider\"\/><\/div><\/div>\n\n\n<style>.wp-block-kadence-advancedheading.kt-adv-heading10269_2e68ad-93, .wp-block-kadence-advancedheading.kt-adv-heading10269_2e68ad-93[data-kb-block=\"kb-adv-heading10269_2e68ad-93\"]{max-width:800px;margin-right:auto;margin-left:auto;margin-top:var(--global-kb-spacing-xxs, 0.5rem);text-align:center;font-size:var(--global-kb-font-size-lg, 2rem);line-height:1.2;font-style:normal;}.wp-block-kadence-advancedheading.kt-adv-heading10269_2e68ad-93 mark.kt-highlight, .wp-block-kadence-advancedheading.kt-adv-heading10269_2e68ad-93[data-kb-block=\"kb-adv-heading10269_2e68ad-93\"] mark.kt-highlight{font-style:normal;color:#f76a0c;-webkit-box-decoration-break:clone;box-decoration-break:clone;padding-top:0px;padding-right:0px;padding-bottom:0px;padding-left:0px;}.wp-block-kadence-advancedheading.kt-adv-heading10269_2e68ad-93 img.kb-inline-image, .wp-block-kadence-advancedheading.kt-adv-heading10269_2e68ad-93[data-kb-block=\"kb-adv-heading10269_2e68ad-93\"] img.kb-inline-image{width:150px;vertical-align:baseline;}@media all and (max-width: 767px){.wp-block-kadence-advancedheading.kt-adv-heading10269_2e68ad-93, .wp-block-kadence-advancedheading.kt-adv-heading10269_2e68ad-93[data-kb-block=\"kb-adv-heading10269_2e68ad-93\"]{font-size:36px;}}<\/style>\n<h2 class=\"kt-adv-heading10269_2e68ad-93 wp-block-kadence-advancedheading has-theme-palette-3-color has-text-color\" data-kb-block=\"kb-adv-heading10269_2e68ad-93\">Suivre ma commande<\/h2>\n\n\n<style>.wp-block-kadence-advancedheading.kt-adv-heading10269_c1a345-96, .wp-block-kadence-advancedheading.kt-adv-heading10269_c1a345-96[data-kb-block=\"kb-adv-heading10269_c1a345-96\"]{max-width:600px;margin-right:auto;margin-left:auto;text-align:center;font-style:normal;}.wp-block-kadence-advancedheading.kt-adv-heading10269_c1a345-96 mark.kt-highlight, .wp-block-kadence-advancedheading.kt-adv-heading10269_c1a345-96[data-kb-block=\"kb-adv-heading10269_c1a345-96\"] mark.kt-highlight{font-style:normal;color:#f76a0c;-webkit-box-decoration-break:clone;box-decoration-break:clone;padding-top:0px;padding-right:0px;padding-bottom:0px;padding-left:0px;}.wp-block-kadence-advancedheading.kt-adv-heading10269_c1a345-96 img.kb-inline-image, .wp-block-kadence-advancedheading.kt-adv-heading10269_c1a345-96[data-kb-block=\"kb-adv-heading10269_c1a345-96\"] img.kb-inline-image{width:150px;vertical-align:baseline;}<\/style>\n<p class=\"kt-adv-heading10269_c1a345-96 wp-block-kadence-advancedheading has-theme-palette-4-color has-text-color\" data-kb-block=\"kb-adv-heading10269_c1a345-96\">Renseignez votre num\u00e9ro de commande et votre adresse mail pour savoir ou se trouve votre colis.<\/p>\n<\/div><\/div>\n\n<\/div><\/div>\n\n<style>.kb-row-layout-id10269_91e637-7e > .kt-row-column-wrap{align-content:center;}:where(.kb-row-layout-id10269_91e637-7e > .kt-row-column-wrap) > .wp-block-kadence-column{justify-content:center;}.kb-row-layout-id10269_91e637-7e > .kt-row-column-wrap{column-gap:var(--global-kb-gap-md, 2rem);row-gap:var(--global-kb-gap-md, 2rem);max-width:var( --global-content-width, 1290px );padding-left:var(--global-content-edge-padding);padding-right:var(--global-content-edge-padding);padding-top:20px;grid-template-columns:minmax(0, 1fr);}.kb-row-layout-id10269_91e637-7e > .kt-row-layout-overlay{opacity:0.00;}@media all and (max-width: 1024px){.kb-row-layout-id10269_91e637-7e > .kt-row-column-wrap{grid-template-columns:minmax(0, 1fr);}}@media all and (max-width: 767px){.kb-row-layout-id10269_91e637-7e > .kt-row-column-wrap{grid-template-columns:minmax(0, 1fr);}}<\/style><div class=\"kb-row-layout-wrap kb-row-layout-id10269_91e637-7e alignfull has-theme-palette9-background-color kt-row-has-bg wp-block-kadence-rowlayout\"><div class=\"kt-row-column-wrap kt-has-1-columns kt-row-layout-equal kt-tab-layout-inherit kt-mobile-layout-row kt-row-valign-middle kb-theme-content-width\">\n<style>.kadence-column10269_a46a00-91 > .kt-inside-inner-col,.kadence-column10269_a46a00-91 > .kt-inside-inner-col:before{border-top-left-radius:0px;border-top-right-radius:0px;border-bottom-right-radius:0px;border-bottom-left-radius:0px;}.kadence-column10269_a46a00-91 > .kt-inside-inner-col{column-gap:var(--global-kb-gap-sm, 1rem);}.kadence-column10269_a46a00-91 > .kt-inside-inner-col{flex-direction:column;}.kadence-column10269_a46a00-91 > .kt-inside-inner-col > .aligncenter{width:100%;}.kadence-column10269_a46a00-91 > .kt-inside-inner-col:before{opacity:0.3;}.kadence-column10269_a46a00-91{position:relative;}@media all and (max-width: 1024px){.kadence-column10269_a46a00-91 > .kt-inside-inner-col{flex-direction:column;justify-content:center;}}@media all and (max-width: 767px){.kadence-column10269_a46a00-91 > .kt-inside-inner-col{flex-direction:column;justify-content:center;}}<\/style>\n<div class=\"wp-block-kadence-column kadence-column10269_a46a00-91 inner-column-1\"><div class=\"kt-inside-inner-col\"><style>.kb-row-layout-id10269_c326c2-f6 > .kt-row-column-wrap{align-content:center;}:where(.kb-row-layout-id10269_c326c2-f6 > .kt-row-column-wrap) > .wp-block-kadence-column{justify-content:center;}.kb-row-layout-id10269_c326c2-f6 > .kt-row-column-wrap{column-gap:var(--global-kb-gap-md, 2rem);row-gap:20px;max-width:var( --global-content-width, 1290px );padding-left:var(--global-content-edge-padding);padding-right:var(--global-content-edge-padding);padding-top:0px;padding-bottom:0px;grid-template-columns:minmax(0, 1fr);}.kb-row-layout-id10269_c326c2-f6 > .kt-row-layout-overlay{opacity:0.30;}@media all and (max-width: 1024px){.kb-row-layout-id10269_c326c2-f6 > .kt-row-column-wrap{padding-bottom:0px;grid-template-columns:minmax(0, 1fr);}}@media all and (max-width: 767px){.kb-row-layout-id10269_c326c2-f6 > .kt-row-column-wrap{padding-right:0px;padding-left:0px;grid-template-columns:minmax(0, 1fr);}}<\/style><div class=\"kb-row-layout-wrap kb-row-layout-id10269_c326c2-f6 alignnone wp-block-kadence-rowlayout\"><div class=\"kt-row-column-wrap kt-has-1-columns kt-row-layout-equal kt-tab-layout-inherit kt-mobile-layout-row kt-row-valign-middle kb-theme-content-width\">\n<style>.kadence-column10269_625914-ed > .kt-inside-inner-col{display:flex;}.kadence-column10269_625914-ed > .kt-inside-inner-col{padding-top:20px;padding-bottom:20px;}.kadence-column10269_625914-ed > .kt-inside-inner-col,.kadence-column10269_625914-ed > .kt-inside-inner-col:before{border-top-left-radius:5px;border-top-right-radius:5px;border-bottom-right-radius:5px;border-bottom-left-radius:5px;}.kadence-column10269_625914-ed > .kt-inside-inner-col{row-gap:var(--global-kb-gap-none, 0rem );column-gap:var(--global-kb-gap-sm, 1rem);}.kadence-column10269_625914-ed > .kt-inside-inner-col{flex-direction:column;justify-content:center;align-items:center;}.kadence-column10269_625914-ed > .kt-inside-inner-col > .kb-image-is-ratio-size{align-self:stretch;}.kadence-column10269_625914-ed > .kt-inside-inner-col > .wp-block-kadence-advancedgallery{align-self:stretch;}.kadence-column10269_625914-ed > .kt-inside-inner-col > .aligncenter{width:100%;}.kt-row-column-wrap > .kadence-column10269_625914-ed{align-self:center;}.kt-inner-column-height-full:not(.kt-has-1-columns) > .wp-block-kadence-column.kadence-column10269_625914-ed{align-self:auto;}.kt-inner-column-height-full:not(.kt-has-1-columns) > .wp-block-kadence-column.kadence-column10269_625914-ed > .kt-inside-inner-col{flex-direction:column;justify-content:center;}.kadence-column10269_625914-ed > .kt-inside-inner-col{background-color:var(--global-palette1, #3182CE);}.kadence-column10269_625914-ed > .kt-inside-inner-col:before{opacity:0.3;}.kadence-column10269_625914-ed{position:relative;}@media all and (max-width: 1024px){.kt-row-column-wrap > .kadence-column10269_625914-ed{align-self:center;}}@media all and (max-width: 1024px){.kt-inner-column-height-full:not(.kt-has-1-columns) > .wp-block-kadence-column.kadence-column10269_625914-ed{align-self:auto;}}@media all and (max-width: 1024px){.kt-inner-column-height-full:not(.kt-has-1-columns) > .wp-block-kadence-column.kadence-column10269_625914-ed > .kt-inside-inner-col{flex-direction:column;justify-content:center;}}@media all and (max-width: 1024px){.kadence-column10269_625914-ed > .kt-inside-inner-col{flex-direction:column;justify-content:center;align-items:center;}}@media all and (max-width: 767px){.kadence-column10269_625914-ed > .kt-inside-inner-col{padding-top:10px;padding-bottom:10px;flex-direction:column;justify-content:center;align-items:center;}.kt-row-column-wrap > .kadence-column10269_625914-ed{align-self:center;}.kt-inner-column-height-full:not(.kt-has-1-columns) > .wp-block-kadence-column.kadence-column10269_625914-ed{align-self:auto;}.kt-inner-column-height-full:not(.kt-has-1-columns) > .wp-block-kadence-column.kadence-column10269_625914-ed > .kt-inside-inner-col{flex-direction:column;justify-content:center;}.kadence-column10269_625914-ed, .kt-inside-inner-col > .kadence-column10269_625914-ed:not(.specificity){margin-right:0px;margin-left:0px;}}<\/style>\n<div class=\"wp-block-kadence-column kadence-column10269_625914-ed kb-section-dir-vertical inner-column-2\"><div class=\"kt-inside-inner-col\"><div class=\"tracking-wrapper\"><form class=\"tracking-form\"><label>Num\u00e9ro de commande: <input type=\"text\" name=\"order_num\" id=\"orderid\" required=\"\"><\/label><br><br><label>E-mail: <input type=\"email\" required=\"\" name=\"customer_email\"><\/label><br><br><input type=\"submit\" value=\"Suivre ma commande\"><\/form><br>\r\n<\/div><div class=\"tracking-delivery daterangeBar3\"><\/div><script>jQuery(document).ready( function() {\r\n\r\n   jQuery(\".tracking-form\").submit( function(e) {\r\n      e.preventDefault(); \r\n      var order_id = jQuery(\"#orderid\").val();\r\n      jQuery.ajax({\r\n         type : \"post\",\r\n         dataType : \"json\",\r\n         url :\"https:\/\/velartrip.com\/wp-admin\/admin-ajax.php\",\r\n         data : {action: \"get_tracking_info\", order_id : order_id},\r\n         success: function(response) {\r\n         \tjQuery(\".tracking-delivery\").html(\"\");\r\n         \tjQuery(\".tracking-delivery\").show()\t;\r\n         \tif(response.delay==\"false\" && response.function==\"true\"){\r\n         \t\tjQuery(\".tracking-delivery\").html(\"<strong class=status-order>STATUT DE LA COMMANDE<\/strong><strong class=status-expected>EN ROUTE<\/strong>\");\r\n        \t\tjQuery(\".tracking-delivery\").daterangeBar({\r\n        \t\t\t\"startDate\":response.shipped_date,\r\n                    \"endDate\": response.expected_date,\r\n                    \"barClass\": \"expected\",\r\n                    \"bootstrap\": false,\r\n                    \"privateColors\": false,\r\n                    \"msg\": \"\",\r\n        \t\t});\r\n        \t\tjQuery(\".tracking-delivery\").append(\"<div><p class=way-text>En route vers<\/p>:<span> \"+response.address+\"<\/span><div>\");\r\n        \t\tjQuery(\".tracking-delivery\").append(\"<div><p class=way-text>Date de livraison pr\u00e9vue entre<\/p><span>\"+response.format_date+\" - \"+response.format_date2+\"<\/span><\/div>\");\r\n            }\r\n            else if(response.delay==\"true\" && response.function==\"true\"){\r\n            \tjQuery(\".tracking-delivery\").html(\"<strong class=status-order>STATUT DE LA COMMANDE<\/strong><strong class=status-delay>RETARD\u00c9<\/strong>\");\r\n            \tjQuery(\".tracking-delivery\").daterangeBar({\r\n        \t\t\t\"startDate\":response.shipped_date,\r\n                    \"endDate\": response.expected_date,\r\n                    \"barClass\": \"delay\",\r\n                    \"bootstrap\": false,\r\n                    \"privateColors\": false,\r\n                    \"msg\": \"\",\r\n        \t\t});\r\n        \t\tjQuery(\".tracking-delivery\").append(\"<div><p class=way-text>En route vers<\/p>:<span> \"+response.address+\"<\/span><div>\");\r\n        \t\tjQuery(\".tracking-delivery\").append(\"<div><p class=way-text>Date de livraison pr\u00e9vue entre<\/p><span>\"+response.format_date+\" - \"+response.format_date2+\"<\/span><\/div>\");\r\n            }\r\n            else{\r\n            \tjQuery(\".tracking-delivery\").html(\"<strong class=status-order>STATUT DE LA COMMANDE<\/strong><strong class=status-delay>\"+response.message+\"<\/strong>\");\r\n            }\r\n         }\r\n      })   \r\n   })\r\n});<\/script>\n<\/div><\/div>\n\n<\/div><\/div><\/div><\/div>\n\n<\/div><\/div>","protected":false},"excerpt":{"rendered":"<p>Rastrear meu pedido Insira o n\u00famero do seu pedido e endere\u00e7o de e-mail para descobrir onde est\u00e1 seu pacote.<\/p>","protected":false},"author":1,"featured_media":0,"parent":0,"menu_order":0,"comment_status":"closed","ping_status":"closed","template":"","meta":{"_kad_blocks_custom_css":"","_kad_blocks_head_custom_js":"","_kad_blocks_body_custom_js":"","_kad_blocks_footer_custom_js":"","_kad_post_transparent":"","_kad_post_title":"","_kad_post_layout":"","_kad_post_sidebar_id":"","_kad_post_content_style":"","_kad_post_vertical_padding":"","_kad_post_feature":"","_kad_post_feature_position":"","_kad_post_header":false,"_kad_post_footer":false,"_kad_post_classname":"","footnotes":""},"class_list":["post-10269","page","type-page","status-publish","hentry"],"taxonomy_info":[],"featured_image_src_large":false,"author_info":{"display_name":"VelarTrip","author_link":"https:\/\/velartrip.com\/pt\/author\/velartrip\/"},"comment_info":0,"_links":{"self":[{"href":"https:\/\/velartrip.com\/pt\/wp-json\/wp\/v2\/pages\/10269","targetHints":{"allow":["GET"]}}],"collection":[{"href":"https:\/\/velartrip.com\/pt\/wp-json\/wp\/v2\/pages"}],"about":[{"href":"https:\/\/velartrip.com\/pt\/wp-json\/wp\/v2\/types\/page"}],"author":[{"embeddable":true,"href":"https:\/\/velartrip.com\/pt\/wp-json\/wp\/v2\/users\/1"}],"replies":[{"embeddable":true,"href":"https:\/\/velartrip.com\/pt\/wp-json\/wp\/v2\/comments?post=10269"}],"version-history":[{"count":0,"href":"https:\/\/velartrip.com\/pt\/wp-json\/wp\/v2\/pages\/10269\/revisions"}],"wp:attachment":[{"href":"https:\/\/velartrip.com\/pt\/wp-json\/wp\/v2\/media?parent=10269"}],"curies":[{"name":"wp","href":"https:\/\/api.w.org\/{rel}","templated":true}]}}