{"id":11520,"date":"2021-11-16T16:31:48","date_gmt":"2021-11-16T16:31:48","guid":{"rendered":"https:\/\/velartrip.com\/?post_type=product&#038;p=11520"},"modified":"2024-12-04T09:28:32","modified_gmt":"2024-12-04T08:28:32","slug":"protection-valise","status":"publish","type":"product","link":"https:\/\/velartrip.com\/pt\/accessoires-pour-valise\/housse-de-valise\/protection-valise\/","title":{"rendered":"Prote\u00e7\u00e3o da mala"},"content":{"rendered":"<h2>A VelarTrip tem os melhores protectores de mala do mercado! \ud83e\uddf3<\/h2>\n<p>Se quiser fazer uma viagem protegendo os seus objectos pessoais, pensar\u00e1 naturalmente numa mala tradicional.<\/p>\n<p>Mas o que acontece se a sua bagagem for danificada ou for\u00e7ada a abrir por uma pessoa mal intencionada durante a sua viagem?<\/p>\n<p>N\u00e3o queremos que isso aconte\u00e7a com voc\u00ea e \u00e9 por isso que desenvolvemos um protetor de mala para ajudar voc\u00ea a evitar esses problemas.<\/p>\n<h3>Para que servem as capas de prote\u00e7\u00e3o das malas?<\/h3>\n<p>Utilizado principalmente para <strong>proteger a sua bagagem contra choques e riscos<\/strong>, os protetores de malas ajudaram a prevenir muitos roubos, como<span style=\"text-decoration: underline; color: #3366ff;\"> <a style=\"color: #3366ff; text-decoration: underline;\" href=\"https:\/\/www.dailymotion.com\/video\/xdf2nn\" target=\"_blank\" rel=\"noopener\"><span style=\"color: #0000ff; text-decoration: underline;\">a famosa caneta Bic.<\/span><\/a><\/span><\/p>\n<h3>Qual \u00e9 a composi\u00e7\u00e3o de uma capa de mala?<\/h3>\n<p>Geralmente composto por <strong>90% poli\u00e9ster<\/strong>, os protetores de bagagem t\u00eam uma <strong>fecho de correr<\/strong> que \u00e9 fixado sob a mala, bem como para alguns (como este) de um <strong>cinta el\u00e1stica<\/strong> para prender firmemente a capa \u00e0 sua mala.<\/p>\n<h3>Porqu\u00ea escolher a prote\u00e7\u00e3o de malas?<\/h3>\n<ul>\n<li>Extens\u00edvel e ergon\u00f3mico, o<strong> prote\u00e7\u00e3o da caixa<\/strong> para se adaptar a <strong>qualquer bagagem de 4 rodas<\/strong>.<\/li>\n<li>Est\u00e1 reservado um lugar especial para a pega da sua mala<\/li>\n<li><strong>8 cores<\/strong> que combinam perfeitamente com o design da sua bagagem<\/li>\n<li>Uma correia de reten\u00e7\u00e3o mant\u00e9m o saco o mais pr\u00f3ximo poss\u00edvel da sua mala.<\/li>\n<\/ul>\n<p>Para mais informa\u00e7\u00f5es sobre design, recomendamos que consulte a nossa <span style=\"text-decoration: underline; color: #0000ff;\"><a style=\"color: #0000ff; text-decoration: underline;\" href=\"https:\/\/velartrip.com\/pt\/housse-de-valise\/\">cole\u00e7\u00e3o de capas de malas<\/a><\/span>.<\/p>","protected":false},"excerpt":{"rendered":"<p>La meilleure des protections pour valise se trouve chez VelarTrip ! \ud83e\uddf3 Si vous souhaitez partir en voyage tout en prot\u00e9geant vos affaires personnelles, vous r\u00e9fl\u00e9chirez naturellement \u00e0 une valise traditionnelle. Mais que se passera-t-il si par malchance durant votre voyage votre bagage venait \u00e0 se d\u00e9t\u00e9riorer ou forc\u00e9 par une personne malintentionn\u00e9e ? On&#8230;<\/p>","protected":false},"featured_media":12994,"comment_status":"open","ping_status":"closed","template":"","meta":{"_kad_blocks_custom_css":"","_kad_blocks_head_custom_js":"","_kad_blocks_body_custom_js":"","_kad_blocks_footer_custom_js":"","_kad_post_transparent":"","_kad_post_title":"","_kad_post_layout":"","_kad_post_sidebar_id":"","_kad_post_content_style":"","_kad_post_vertical_padding":"","_kad_post_feature":"","_kad_post_feature_position":"","_kad_post_header":false,"_kad_post_footer":false,"_kad_post_classname":""},"product_brand":[],"product_cat":[392,618],"product_tag":[],"class_list":{"0":"post-11520","1":"product","2":"type-product","3":"status-publish","4":"has-post-thumbnail","6":"product_cat-housse-de-valise","7":"product_cat-accessoires-pour-valise","9":"first","10":"instock","11":"taxable","12":"shipping-taxable","13":"purchasable","14":"product-type-variable","15":"has-default-attributes","16":"entry","17":"content-bg","18":"loop-entry"},"taxonomy_info":{"product_cat":[{"value":392,"label":"Housses De Valise"},{"value":618,"label":"Accessoires pour Valise"}]},"featured_image_src_large":["https:\/\/velartrip.com\/wp-content\/uploads\/2022\/04\/32919472839_images_6266a5b22af21_1.webp",800,800,false],"author_info":[],"comment_info":12,"_links":{"self":[{"href":"https:\/\/velartrip.com\/pt\/wp-json\/wp\/v2\/product\/11520","targetHints":{"allow":["GET"]}}],"collection":[{"href":"https:\/\/velartrip.com\/pt\/wp-json\/wp\/v2\/product"}],"about":[{"href":"https:\/\/velartrip.com\/pt\/wp-json\/wp\/v2\/types\/product"}],"replies":[{"embeddable":true,"href":"https:\/\/velartrip.com\/pt\/wp-json\/wp\/v2\/comments?post=11520"}],"wp:featuredmedia":[{"embeddable":true,"href":"https:\/\/velartrip.com\/pt\/wp-json\/wp\/v2\/media\/12994"}],"wp:attachment":[{"href":"https:\/\/velartrip.com\/pt\/wp-json\/wp\/v2\/media?parent=11520"}],"wp:term":[{"taxonomy":"product_brand","embeddable":true,"href":"https:\/\/velartrip.com\/pt\/wp-json\/wp\/v2\/product_brand?post=11520"},{"taxonomy":"product_cat","embeddable":true,"href":"https:\/\/velartrip.com\/pt\/wp-json\/wp\/v2\/product_cat?post=11520"},{"taxonomy":"product_tag","embeddable":true,"href":"https:\/\/velartrip.com\/pt\/wp-json\/wp\/v2\/product_tag?post=11520"}],"curies":[{"name":"wp","href":"https:\/\/api.w.org\/{rel}","templated":true}]}}