{"id":11731,"date":"2021-12-20T23:24:27","date_gmt":"2021-12-20T22:24:27","guid":{"rendered":"https:\/\/velartrip.com\/?post_type=product&#038;p=11731"},"modified":"2024-12-04T09:28:22","modified_gmt":"2024-12-04T08:28:22","slug":"protege-passeport-francais","status":"publish","type":"product","link":"https:\/\/velartrip.com\/pt\/accessoires-pour-valise\/protege-passeports\/protege-passeport-francais\/","title":{"rendered":"Capa de passaporte franc\u00eas"},"content":{"rendered":"<h2><span style=\"font-size: 80%;\">Gostaria de renovar o seu passaporte franc\u00eas? Temos a solu\u00e7\u00e3o para si com a nossa capa para passaporte, que imita na perfei\u00e7\u00e3o a capa do seu precioso documento de identidade. \ud83c\uddeb\ud83c\uddf7<\/span><\/h2>\n<ul>\n<li>Cobrir perfeitamente o passaporte.<\/li>\n<li>1 ranhura dedicada para o seu cart\u00e3o banc\u00e1rio.<\/li>\n<li>\u00c0 prova de salpicos de \u00e1gua.<\/li>\n<li><strong>F\u00e1cil de detetar<\/strong> numa mochila ou numa bolsa.<\/li>\n<\/ul>","protected":false},"excerpt":{"rendered":"<p>Gostaria de renovar seu passaporte franc\u00eas? Temos a solu\u00e7\u00e3o para voc\u00ea com nossa capa para passaporte que imita perfeitamente a capa do seu precioso documento de identidade. \ud83c\uddeb\ud83c\uddf7 Cobre seu passaporte perfeitamente. 1 slot dedicado para seu cart\u00e3o banc\u00e1rio. Resistente a respingos. Facilmente encontrado em uma mochila ou bolsa.<\/p>","protected":false},"featured_media":12981,"comment_status":"open","ping_status":"closed","template":"","meta":{"_kad_blocks_custom_css":"","_kad_blocks_head_custom_js":"","_kad_blocks_body_custom_js":"","_kad_blocks_footer_custom_js":"","_kad_post_transparent":"","_kad_post_title":"","_kad_post_layout":"","_kad_post_sidebar_id":"","_kad_post_content_style":"","_kad_post_vertical_padding":"","_kad_post_feature":"","_kad_post_feature_position":"","_kad_post_header":false,"_kad_post_footer":false,"_kad_post_classname":""},"product_brand":[],"product_cat":[395,618],"product_tag":[],"class_list":{"0":"post-11731","1":"product","2":"type-product","3":"status-publish","4":"has-post-thumbnail","6":"product_cat-protege-passeports","7":"product_cat-accessoires-pour-valise","9":"first","10":"instock","11":"taxable","12":"shipping-taxable","13":"purchasable","14":"product-type-variable","15":"has-default-attributes","16":"entry","17":"content-bg","18":"loop-entry"},"taxonomy_info":{"product_cat":[{"value":395,"label":"Prot\u00e8ge-Passeports"},{"value":618,"label":"Accessoires pour Valise"}]},"featured_image_src_large":["https:\/\/velartrip.com\/wp-content\/uploads\/2022\/04\/26.jpg",800,800,false],"author_info":[],"comment_info":2,"_links":{"self":[{"href":"https:\/\/velartrip.com\/pt\/wp-json\/wp\/v2\/product\/11731","targetHints":{"allow":["GET"]}}],"collection":[{"href":"https:\/\/velartrip.com\/pt\/wp-json\/wp\/v2\/product"}],"about":[{"href":"https:\/\/velartrip.com\/pt\/wp-json\/wp\/v2\/types\/product"}],"replies":[{"embeddable":true,"href":"https:\/\/velartrip.com\/pt\/wp-json\/wp\/v2\/comments?post=11731"}],"wp:featuredmedia":[{"embeddable":true,"href":"https:\/\/velartrip.com\/pt\/wp-json\/wp\/v2\/media\/12981"}],"wp:attachment":[{"href":"https:\/\/velartrip.com\/pt\/wp-json\/wp\/v2\/media?parent=11731"}],"wp:term":[{"taxonomy":"product_brand","embeddable":true,"href":"https:\/\/velartrip.com\/pt\/wp-json\/wp\/v2\/product_brand?post=11731"},{"taxonomy":"product_cat","embeddable":true,"href":"https:\/\/velartrip.com\/pt\/wp-json\/wp\/v2\/product_cat?post=11731"},{"taxonomy":"product_tag","embeddable":true,"href":"https:\/\/velartrip.com\/pt\/wp-json\/wp\/v2\/product_tag?post=11731"}],"curies":[{"name":"wp","href":"https:\/\/api.w.org\/{rel}","templated":true}]}}