{"id":13844,"date":"2022-06-13T17:40:08","date_gmt":"2022-06-13T15:40:08","guid":{"rendered":"https:\/\/velartrip.com\/?post_type=product&#038;p=13844"},"modified":"2024-12-04T09:28:02","modified_gmt":"2024-12-04T08:28:02","slug":"protege-passeport-flamant-rose","status":"publish","type":"product","link":"https:\/\/velartrip.com\/pt\/accessoires-pour-valise\/protege-passeports\/protege-passeport-flamant-rose\/","title":{"rendered":"Capa para passaporte Flamingo cor-de-rosa"},"content":{"rendered":"<h2>Bonitos flamingos cor-de-rosa para uma capa de passaporte com um toque de ver\u00e3o. \ud83e\udda9<\/h2>\n<p>N\u00e3o se preocupe com os choques e arranh\u00f5es no seu passaporte com o nosso protetor de passaporte.<\/p>\n<p>Aproveite as 3 ranhuras para os seus cart\u00f5es banc\u00e1rios ou carta de condu\u00e7\u00e3o.<\/p>\n<p>Dimens\u00f5es: 14 x 10 cm<br \/>\nMaterial: poliuretano<\/p>","protected":false},"excerpt":{"rendered":"<p>Lindos flamingos cor-de-rosa para uma capa de passaporte com uma tend\u00eancia de ver\u00e3o. N\u00e3o se preocupe com choques e arranh\u00f5es no seu passaporte com a nossa capa para passaporte. Com 3 ranhuras para os seus cart\u00f5es banc\u00e1rios ou carta de condu\u00e7\u00e3o. Dimens\u00f5es: 14 x 10 cm Material: poliuretano<\/p>","protected":false},"featured_media":13892,"comment_status":"open","ping_status":"closed","template":"","meta":{"_kad_blocks_custom_css":"","_kad_blocks_head_custom_js":"","_kad_blocks_body_custom_js":"","_kad_blocks_footer_custom_js":"","_kad_post_transparent":"","_kad_post_title":"","_kad_post_layout":"","_kad_post_sidebar_id":"","_kad_post_content_style":"","_kad_post_vertical_padding":"","_kad_post_feature":"","_kad_post_feature_position":"","_kad_post_header":false,"_kad_post_footer":false,"_kad_post_classname":""},"product_brand":[],"product_cat":[395,618],"product_tag":[],"class_list":{"0":"post-13844","1":"product","2":"type-product","3":"status-publish","4":"has-post-thumbnail","6":"product_cat-protege-passeports","7":"product_cat-accessoires-pour-valise","9":"first","10":"instock","11":"taxable","12":"shipping-taxable","13":"purchasable","14":"product-type-simple","15":"entry","16":"content-bg","17":"loop-entry"},"taxonomy_info":{"product_cat":[{"value":395,"label":"Prot\u00e8ge-Passeports"},{"value":618,"label":"Accessoires pour Valise"}]},"featured_image_src_large":["https:\/\/velartrip.com\/wp-content\/uploads\/2022\/06\/3.jpg",800,800,false],"author_info":[],"comment_info":1,"_links":{"self":[{"href":"https:\/\/velartrip.com\/pt\/wp-json\/wp\/v2\/product\/13844","targetHints":{"allow":["GET"]}}],"collection":[{"href":"https:\/\/velartrip.com\/pt\/wp-json\/wp\/v2\/product"}],"about":[{"href":"https:\/\/velartrip.com\/pt\/wp-json\/wp\/v2\/types\/product"}],"replies":[{"embeddable":true,"href":"https:\/\/velartrip.com\/pt\/wp-json\/wp\/v2\/comments?post=13844"}],"wp:featuredmedia":[{"embeddable":true,"href":"https:\/\/velartrip.com\/pt\/wp-json\/wp\/v2\/media\/13892"}],"wp:attachment":[{"href":"https:\/\/velartrip.com\/pt\/wp-json\/wp\/v2\/media?parent=13844"}],"wp:term":[{"taxonomy":"product_brand","embeddable":true,"href":"https:\/\/velartrip.com\/pt\/wp-json\/wp\/v2\/product_brand?post=13844"},{"taxonomy":"product_cat","embeddable":true,"href":"https:\/\/velartrip.com\/pt\/wp-json\/wp\/v2\/product_cat?post=13844"},{"taxonomy":"product_tag","embeddable":true,"href":"https:\/\/velartrip.com\/pt\/wp-json\/wp\/v2\/product_tag?post=13844"}],"curies":[{"name":"wp","href":"https:\/\/api.w.org\/{rel}","templated":true}]}}