{"id":16716,"date":"2025-03-14T17:37:04","date_gmt":"2025-03-14T16:37:04","guid":{"rendered":"https:\/\/velartrip.com\/?post_type=product&#038;p=16716"},"modified":"2026-03-23T20:15:21","modified_gmt":"2026-03-23T19:15:21","slug":"kit-de-survie-3eme-guerre-mondiale","status":"publish","type":"product","link":"https:\/\/velartrip.com\/pt\/survie\/kit-de-survie-3eme-guerre-mondiale\/","title":{"rendered":"Kit de sobreviv\u00eancia da Terceira Guerra Mundial"},"content":{"rendered":"<p><strong>Ultimate WW3 Survival Kit - Equipamento de emerg\u00eancia completo<\/strong><\/p>\n<p>Prepare-se para qualquer situa\u00e7\u00e3o com isso <strong>kit de sobreviv\u00eancia ultracompleto<\/strong>, projetado para lidar com eventos inesperados de um desastre, conflito ou evacua\u00e7\u00e3o de emerg\u00eancia. Seja na natureza, na cidade ou em movimento, esta bolsa de sobreviv\u00eancia militar oferece a voc\u00ea <strong>ferramentas essenciais para garantir sua seguran\u00e7a e independ\u00eancia.<\/strong><\/p>\n<h3>\ud83d\ude80 <strong>O que tem neste kit de sobreviv\u00eancia?<\/strong><\/h3>\n<p>\ud83d\udd26 <strong>Ilumina\u00e7\u00e3o e orienta\u00e7\u00e3o<\/strong><\/p>\n<ul>\n<li><strong>Lanterna<\/strong> ultrapoderoso para enxergar mesmo na escurid\u00e3o total<\/li>\n<li><strong>B\u00fassola de precis\u00e3o<\/strong> navegar sem GPS<\/li>\n<li><strong>Apito de socorro<\/strong> para relatar sua posi\u00e7\u00e3o<\/li>\n<\/ul>\n<p>\ud83d\udd2a <strong>Ferramentas multifuncionais<\/strong><\/p>\n<ul>\n<li><strong>Alicate dobr\u00e1vel<\/strong> com m\u00faltiplas fun\u00e7\u00f5es para cortar, parafusar, apertar<\/li>\n<li><strong>Faca e garfo 2 em 1<\/strong> ideal para comer em situa\u00e7\u00e3o de sobreviv\u00eancia<\/li>\n<li><strong>Cart\u00e3o multiferramenta<\/strong> (abridor de garrafas, chave de fenda, serra, chave sextavada, etc.)<\/li>\n<li><strong>Caneta t\u00e1tica<\/strong> que pode ser usado como uma arma defensiva<\/li>\n<\/ul>\n<p>\ud83c\udf92 <strong>Equipamentos de sobreviv\u00eancia e primeiros socorros<\/strong><\/p>\n<ul>\n<li><strong>Luvas de PVC<\/strong> para proteger contra contaminantes<\/li>\n<li><strong>M\u00e1scara de primeiros socorros<\/strong><\/li>\n<li><strong>Cobertor de emerg\u00eancia<\/strong> para conservar o calor do corpo<\/li>\n<li><strong>Kit completo de primeiros socorros<\/strong> (ataduras, tesouras, compressas, esparadrapo, cotonetes)<\/li>\n<\/ul>\n<p>\ud83d\udee0\ufe0f <strong>Sobreviv\u00eancia e fa\u00e7a voc\u00ea mesmo<\/strong><\/p>\n<ul>\n<li><strong>Serra de arame<\/strong> cortar madeira ou outros materiais<\/li>\n<li><strong>Isqueiro\/incendi\u00e1rio<\/strong> acender uma fogueira rapidamente<\/li>\n<li><strong>Corda forte<\/strong> para v\u00e1rios usos (amarrar, construir um abrigo, proteger)<\/li>\n<li><strong>Fivela D<\/strong> para consertar seu equipamento<\/li>\n<\/ul>\n<p>\ud83d\udca6 <strong>Equipamento adicional<\/strong><\/p>\n<ul>\n<li><strong>Capa imperme\u00e1vel (manto)<\/strong> para se proteger da chuva<\/li>\n<li><strong>Prendedor para garrafa de \u00e1gua<\/strong> para se manter hidratado facilmente<\/li>\n<li><strong>Zarabatana<\/strong> ati\u00e7ar fogo ou filtrar \u00e1gua<\/li>\n<\/ul>\n<h3>\u2705 <strong>Por que escolher este kit de sobreviv\u00eancia?<\/strong><\/h3>\n<p>\u2714 <strong>Compacto e leve<\/strong> \u2013 F\u00e1cil de transportar em sua bolsa t\u00e1tica camuflada<br \/>\n\u2714 <strong>Ultra-resistente<\/strong> \u2013 Projetado para condi\u00e7\u00f5es extremas<br \/>\n\u2714 <strong>Tudo em um<\/strong> \u2013 Ideal para evacua\u00e7\u00e3o r\u00e1pida ou situa\u00e7\u00e3o de emerg\u00eancia<\/p>\n<p>\ud83d\udd25 <strong>Esteja pronto antes que seja tarde demais!<\/strong> \ud83d\udd25<br \/>\nPe\u00e7a o seu <strong>Kit de sobreviv\u00eancia da Terceira Guerra Mundial<\/strong> agora e coloque todas as chances do seu lado para enfrentar o imprevis\u00edvel. \ud83d\ude80<\/p>\n<p>&nbsp;<\/p>","protected":false},"excerpt":{"rendered":"<p>Kit de survie ultime 3\u00e8me guerre mondiale \u2013 \u00c9quipement d&rsquo;urgence complet Pr\u00e9parez-vous \u00e0 toute situation avec ce kit de survie ultra-complet, con\u00e7u pour faire face aux impr\u00e9vus d\u2019une catastrophe, d\u2019un conflit ou d\u2019une \u00e9vacuation d\u2019urgence. Que ce soit en pleine nature, en ville ou en d\u00e9placement, ce sac de survie militaire vous offre les outils&#8230;<\/p>","protected":false},"featured_media":16706,"comment_status":"open","ping_status":"closed","template":"","meta":{"_kad_blocks_custom_css":"","_kad_blocks_head_custom_js":"","_kad_blocks_body_custom_js":"","_kad_blocks_footer_custom_js":"","_kad_post_transparent":"default","_kad_post_title":"","_kad_post_layout":"default","_kad_post_sidebar_id":"","_kad_post_content_style":"default","_kad_post_vertical_padding":"default","_kad_post_feature":"","_kad_post_feature_position":"","_kad_post_header":false,"_kad_post_footer":false,"_kad_post_classname":""},"product_brand":[],"product_cat":[987],"product_tag":[],"class_list":{"0":"post-16716","1":"product","2":"type-product","3":"status-publish","4":"has-post-thumbnail","6":"product_cat-survie","8":"first","9":"instock","10":"taxable","11":"shipping-taxable","12":"purchasable","13":"product-type-variable","14":"entry","15":"content-bg","16":"loop-entry"},"taxonomy_info":{"product_cat":[{"value":987,"label":"Survivalisme et Guerre \ud83e\ude96"}]},"featured_image_src_large":["https:\/\/velartrip.com\/wp-content\/uploads\/2025\/03\/S7d01af89bde84f0f836513299c61365d5-800x800.webp",800,800,true],"author_info":[],"comment_info":2,"_links":{"self":[{"href":"https:\/\/velartrip.com\/pt\/wp-json\/wp\/v2\/product\/16716","targetHints":{"allow":["GET"]}}],"collection":[{"href":"https:\/\/velartrip.com\/pt\/wp-json\/wp\/v2\/product"}],"about":[{"href":"https:\/\/velartrip.com\/pt\/wp-json\/wp\/v2\/types\/product"}],"replies":[{"embeddable":true,"href":"https:\/\/velartrip.com\/pt\/wp-json\/wp\/v2\/comments?post=16716"}],"wp:featuredmedia":[{"embeddable":true,"href":"https:\/\/velartrip.com\/pt\/wp-json\/wp\/v2\/media\/16706"}],"wp:attachment":[{"href":"https:\/\/velartrip.com\/pt\/wp-json\/wp\/v2\/media?parent=16716"}],"wp:term":[{"taxonomy":"product_brand","embeddable":true,"href":"https:\/\/velartrip.com\/pt\/wp-json\/wp\/v2\/product_brand?post=16716"},{"taxonomy":"product_cat","embeddable":true,"href":"https:\/\/velartrip.com\/pt\/wp-json\/wp\/v2\/product_cat?post=16716"},{"taxonomy":"product_tag","embeddable":true,"href":"https:\/\/velartrip.com\/pt\/wp-json\/wp\/v2\/product_tag?post=16716"}],"curies":[{"name":"wp","href":"https:\/\/api.w.org\/{rel}","templated":true}]}}