{"id":16742,"date":"2025-03-23T18:19:47","date_gmt":"2025-03-23T17:19:47","guid":{"rendered":"https:\/\/velartrip.com\/?post_type=product&#038;p=16742"},"modified":"2025-03-23T18:39:34","modified_gmt":"2025-03-23T17:39:34","slug":"couverture-survie-reutilisable","status":"publish","type":"product","link":"https:\/\/velartrip.com\/pt\/survie\/couverture-survie-reutilisable\/","title":{"rendered":"Cobertor de sobreviv\u00eancia reutiliz\u00e1vel"},"content":{"rendered":"<h2 class=\"\" data-start=\"200\" data-end=\"223\"><strong data-start=\"203\" data-end=\"223\">Especifica\u00e7\u00f5es:<\/strong><\/h2>\n<ul data-start=\"224\" data-end=\"428\">\n<li class=\"\" data-start=\"224\" data-end=\"270\">\n<p class=\"\" data-start=\"226\" data-end=\"270\"><strong data-start=\"226\" data-end=\"240\">Material:<\/strong> Mylar ultra-resistente (26 \u00b5m)<\/p>\n<\/li>\n<li class=\"\" data-start=\"271\" data-end=\"329\">\n<p class=\"\" data-start=\"273\" data-end=\"329\"><strong data-start=\"273\" data-end=\"286\">Cor :<\/strong> Laranja de alta visibilidade ou verde camuflado<\/p>\n<\/li>\n<li class=\"\" data-start=\"330\" data-end=\"372\">\n<p class=\"\" data-start=\"332\" data-end=\"372\"><strong data-start=\"332\" data-end=\"357\">Dimens\u00f5es abertas:<\/strong> 213 cm x 91 cm<\/p>\n<\/li>\n<li class=\"\" data-start=\"373\" data-end=\"428\">\n<p class=\"\" data-start=\"375\" data-end=\"428\"><strong data-start=\"375\" data-end=\"386\">Peso :<\/strong> Leve e compacto para f\u00e1cil transporte<\/p>\n<\/li>\n<\/ul>\n<h2 class=\"\" data-start=\"430\" data-end=\"455\"><strong data-start=\"433\" data-end=\"455\">Caracter\u00edsticas :<\/strong><\/h2>\n<h3 class=\"\" data-start=\"457\" data-end=\"490\"><strong data-start=\"461\" data-end=\"490\">\ud83d\udca1 Facilidade de uso<\/strong><\/h3>\n<p class=\"\" data-start=\"491\" data-end=\"886\">Diferentemente dos cobertores de emerg\u00eancia tradicionais, este cobertor de sobreviv\u00eancia reutiliz\u00e1vel foi projetado como uma bolsa de acampamento. Basta retir\u00e1-lo da bolsa de armazenamento, desenrol\u00e1-lo e coloc\u00e1-lo dentro. Tamb\u00e9m pode ser usado como <strong data-start=\"743\" data-end=\"774\">forro de saco de dormir<\/strong> para manter o calor do corpo. F\u00e1cil de dobrar e guardar, pode ser transportado para qualquer lugar sem ocupar espa\u00e7o.<\/p>\n<h3 class=\"\" data-start=\"888\" data-end=\"932\"><strong data-start=\"892\" data-end=\"932\">\ud83d\udd25 Isolamento t\u00e9rmico e prote\u00e7\u00e3o<\/strong><\/h3>\n<p class=\"\" data-start=\"933\" data-end=\"1234\">Feito em <strong data-start=\"946\" data-end=\"969\">mylar refletivo<\/strong>, este cobertor de sobreviv\u00eancia pode aumentar a temperatura corporal at\u00e9 <strong data-start=\"1047\" data-end=\"1055\">20\u00b0C<\/strong> em condi\u00e7\u00f5es extremas. Seu interior reflete <strong data-start=\"1110\" data-end=\"1143\">90 % calor corporal<\/strong>, reduzindo assim o risco de hipotermia em climas frios, chuva ou neve.<\/p>\n<h3 class=\"\" data-start=\"1236\" data-end=\"1272\"><strong data-start=\"1240\" data-end=\"1272\">\ud83c\udf27\ufe0f Resist\u00eancia e durabilidade<\/strong><\/h3>\n<ul data-start=\"1273\" data-end=\"1607\">\n<li class=\"\" data-start=\"1273\" data-end=\"1363\">\n<p class=\"\" data-start=\"1275\" data-end=\"1363\"><strong data-start=\"1275\" data-end=\"1303\">\u00c0 prova d&#039;\u00e1gua e \u00e0 prova de vento<\/strong> : Protege eficazmente contra \u00e1gua, vento e umidade.<\/p>\n<\/li>\n<li class=\"\" data-start=\"1364\" data-end=\"1528\">\n<p class=\"\" data-start=\"1366\" data-end=\"1528\"><strong data-start=\"1366\" data-end=\"1399\">Resistente a rasgos e reutiliz\u00e1vel<\/strong> : Ao contr\u00e1rio dos cobertores descart\u00e1veis, este foi projetado para usos m\u00faltiplos e pode ser dobrado sem se deteriorar.<\/p>\n<\/li>\n<li class=\"\" data-start=\"1529\" data-end=\"1607\">\n<p class=\"\" data-start=\"1531\" data-end=\"1607\"><strong data-start=\"1531\" data-end=\"1552\">Costuras seladas<\/strong> : Para prote\u00e7\u00e3o ideal contra intemp\u00e9ries.<\/p>\n<\/li>\n<\/ul>\n<h3 class=\"\" data-start=\"1609\" data-end=\"1644\"><strong data-start=\"1613\" data-end=\"1644\">\ud83c\udd98 Projetado para emerg\u00eancias<\/strong><\/h3>\n<ul data-start=\"1645\" data-end=\"1967\">\n<li class=\"\" data-start=\"1645\" data-end=\"1734\">\n<p class=\"\" data-start=\"1647\" data-end=\"1734\"><strong data-start=\"1647\" data-end=\"1667\">Alta visibilidade<\/strong> :A cor laranja sinaliza sua presen\u00e7a para os servi\u00e7os de emerg\u00eancia.<\/p>\n<\/li>\n<li class=\"\" data-start=\"1735\" data-end=\"1863\">\n<p class=\"\" data-start=\"1737\" data-end=\"1863\"><strong data-start=\"1737\" data-end=\"1752\">Vers\u00e1til<\/strong> :Pode ser usado como <strong data-start=\"1770\" data-end=\"1862\">manta t\u00e9rmica, abrigo de emerg\u00eancia, poncho imperme\u00e1vel ou lona isolante<\/strong>.<\/p>\n<\/li>\n<li class=\"\" data-start=\"1864\" data-end=\"1967\">\n<p class=\"\" data-start=\"1866\" data-end=\"1967\"><strong data-start=\"1866\" data-end=\"1881\">Ideal para<\/strong> : Caminhadas, acampamentos, montanhismo, sobreviv\u00eancia extrema, kit de primeiros socorros para carro.<\/p>\n<\/li>\n<\/ul>\n<h2 class=\"\" data-start=\"1974\" data-end=\"2030\"><strong data-start=\"1977\" data-end=\"2030\">FAQ: Como usar um cobertor de sobreviv\u00eancia?<\/strong><\/h2>\n<h3 class=\"\" data-start=\"2032\" data-end=\"2089\"><strong data-start=\"2036\" data-end=\"2089\">Cobertor de emerg\u00eancia: qual lado \u00e9 utiliz\u00e1vel?<\/strong><\/h3>\n<p class=\"\" data-start=\"2090\" data-end=\"2153\">A capa tem <strong data-start=\"2112\" data-end=\"2126\">dois lados<\/strong> com fun\u00e7\u00f5es distintas:<\/p>\n<ul data-start=\"2154\" data-end=\"2356\">\n<li class=\"\" data-start=\"2154\" data-end=\"2257\">\n<p class=\"\" data-start=\"2156\" data-end=\"2257\"><strong data-start=\"2156\" data-end=\"2187\">Rosto prateado por dentro<\/strong> : Ret\u00e9m o calor do corpo, ideal para combater o frio.<\/p>\n<\/li>\n<li class=\"\" data-start=\"2258\" data-end=\"2356\">\n<p class=\"\" data-start=\"2260\" data-end=\"2356\"><strong data-start=\"2260\" data-end=\"2289\">Cara laranja do lado de fora<\/strong> : Torna a pessoa vis\u00edvel para os servi\u00e7os de emerg\u00eancia e protege contra o mau tempo.<\/p>\n<\/li>\n<\/ul>\n<h3 class=\"\" data-start=\"2358\" data-end=\"2409\"><strong data-start=\"2362\" data-end=\"2409\">Como usar um cobertor de sobreviv\u00eancia?<\/strong><\/h3>\n<ol data-start=\"2410\" data-end=\"2725\">\n<li class=\"\" data-start=\"2410\" data-end=\"2522\">\n<p class=\"\" data-start=\"2413\" data-end=\"2522\"><strong data-start=\"2413\" data-end=\"2432\">Contra o frio<\/strong> : Enrole-se nisso com o seu rosto <strong data-start=\"2469\" data-end=\"2498\">prateado por dentro<\/strong> para reter calor.<\/p>\n<\/li>\n<li class=\"\" data-start=\"2523\" data-end=\"2643\">\n<p class=\"\" data-start=\"2526\" data-end=\"2643\"><strong data-start=\"2526\" data-end=\"2547\">Contra o calor<\/strong> : Coloque o rosto <strong data-start=\"2565\" data-end=\"2594\">prateado por fora<\/strong> para refletir o sol e se manter fresco.<\/p>\n<\/li>\n<li class=\"\" data-start=\"2644\" data-end=\"2725\">\n<p class=\"\" data-start=\"2647\" data-end=\"2725\"><strong data-start=\"2647\" data-end=\"2668\">Em abrigo de emerg\u00eancia<\/strong> : Pendure-o como um quebra-vento ou telhado tempor\u00e1rio.<\/p>\n<\/li>\n<\/ol>\n<h3 class=\"\" data-start=\"2727\" data-end=\"2785\"><strong data-start=\"2731\" data-end=\"2785\">Cobertor de sobreviv\u00eancia: isolamento contra o frio?<\/strong><\/h3>\n<p class=\"\" data-start=\"2786\" data-end=\"3091\">Sim, esta capa foi projetada para <strong data-start=\"2824\" data-end=\"2843\">isolar do frio<\/strong> enquanto preserva <strong data-start=\"2858\" data-end=\"2899\">at\u00e9 90 % de calor corporal<\/strong>. \u00c9 particularmente eficaz para <strong data-start=\"2941\" data-end=\"2965\">evitar hipotermia<\/strong> em ambientes hostis (montanhas, neve, tempestades). Para um isolamento ideal, combine-o com roupas quentes e abrigo.<\/p>\n<p>&nbsp;<\/p>","protected":false},"excerpt":{"rendered":"<p>Especifica\u00e7\u00f5es: Material: Mylar ultra-resistente (26 \u00b5m) Cor: Laranja de alta visibilidade ou verde camuflado Dimens\u00f5es abertas: 213 cm x 91 cm Peso: Leve e compacto para f\u00e1cil transporte Caracter\u00edsticas: \ud83d\udca1 F\u00e1cil de usar Ao contr\u00e1rio dos cobertores de emerg\u00eancia convencionais, este cobertor de sobreviv\u00eancia reutiliz\u00e1vel \u00e9 projetado na forma de uma bolsa de bivaque\u2026.<\/p>","protected":false},"featured_media":16736,"comment_status":"open","ping_status":"closed","template":"","meta":{"_kad_blocks_custom_css":"","_kad_blocks_head_custom_js":"","_kad_blocks_body_custom_js":"","_kad_blocks_footer_custom_js":"","_kad_post_transparent":"default","_kad_post_title":"","_kad_post_layout":"default","_kad_post_sidebar_id":"","_kad_post_content_style":"default","_kad_post_vertical_padding":"default","_kad_post_feature":"","_kad_post_feature_position":"","_kad_post_header":false,"_kad_post_footer":false,"_kad_post_classname":""},"product_brand":[385],"product_cat":[987],"product_tag":[],"class_list":{"0":"post-16742","1":"product","2":"type-product","3":"status-publish","4":"has-post-thumbnail","6":"product_brand-velartrip","7":"product_cat-survie","9":"first","10":"instock","11":"taxable","12":"shipping-taxable","13":"purchasable","14":"product-type-variable","15":"entry","16":"content-bg","17":"loop-entry"},"taxonomy_info":{"product_brand":[{"value":385,"label":"VelarTrip"}],"product_cat":[{"value":987,"label":"Survivalisme et Guerre \ud83e\ude96"}]},"featured_image_src_large":["https:\/\/velartrip.com\/wp-content\/uploads\/2025\/03\/S7f717a75387a47e69873b2caad340928d.webp",800,800,false],"author_info":[],"comment_info":2,"_links":{"self":[{"href":"https:\/\/velartrip.com\/pt\/wp-json\/wp\/v2\/product\/16742","targetHints":{"allow":["GET"]}}],"collection":[{"href":"https:\/\/velartrip.com\/pt\/wp-json\/wp\/v2\/product"}],"about":[{"href":"https:\/\/velartrip.com\/pt\/wp-json\/wp\/v2\/types\/product"}],"replies":[{"embeddable":true,"href":"https:\/\/velartrip.com\/pt\/wp-json\/wp\/v2\/comments?post=16742"}],"wp:featuredmedia":[{"embeddable":true,"href":"https:\/\/velartrip.com\/pt\/wp-json\/wp\/v2\/media\/16736"}],"wp:attachment":[{"href":"https:\/\/velartrip.com\/pt\/wp-json\/wp\/v2\/media?parent=16742"}],"wp:term":[{"taxonomy":"product_brand","embeddable":true,"href":"https:\/\/velartrip.com\/pt\/wp-json\/wp\/v2\/product_brand?post=16742"},{"taxonomy":"product_cat","embeddable":true,"href":"https:\/\/velartrip.com\/pt\/wp-json\/wp\/v2\/product_cat?post=16742"},{"taxonomy":"product_tag","embeddable":true,"href":"https:\/\/velartrip.com\/pt\/wp-json\/wp\/v2\/product_tag?post=16742"}],"curies":[{"name":"wp","href":"https:\/\/api.w.org\/{rel}","templated":true}]}}