{"id":6119,"date":"2020-03-19T16:45:22","date_gmt":"2020-03-19T16:45:22","guid":{"rendered":"https:\/\/velartrip.com\/?product=repose-pieds-br-barcelone"},"modified":"2022-05-31T15:35:16","modified_gmt":"2022-05-31T13:35:16","slug":"repose-pieds","status":"publish","type":"product","link":"https:\/\/velartrip.com\/pt\/accessoires-pratiques\/repose-pieds\/","title":{"rendered":"Apoio de p\u00e9s Barcelona"},"content":{"rendered":"<h2 class=\"p1\">Quisemos desenvolver o mesmo conceito que o Hammock, mas desta vez para os p\u00e9s. \u00c9 uma forma pr\u00e1tica de evitar o risco de trombose causado por uma posi\u00e7\u00e3o sentada prolongada.<\/h2>\n<ul class=\"ul1\">\n<li class=\"li3\"><b> Pr\u00e1tico e f\u00e1cil:<\/b> Este apoio para os p\u00e9s foi cuidadosamente projetado para facilitar o uso: basta prend\u00ea-lo no suporte de uma mesa ou assento e apoiar os p\u00e9s nele.<\/li>\n<\/ul>\n<ul class=\"ul1\">\n<li class=\"li3\"><b>Correia flex\u00edvel : <\/b>\u00a0Permite que voc\u00ea ajuste livremente o comprimento do apoio para os p\u00e9s para se sentir mais confort\u00e1vel.<\/li>\n<\/ul>\n<ul class=\"ul1\">\n<li class=\"li3\"><b>Excelente material: <\/b>Fabricada em tecido robusto e de alta qualidade, com enchimento de algod\u00e3o macio, \u00e9 suave ao tato e duradoura. Ajuda eficazmente a aliviar a fadiga dos p\u00e9s e do corpo durante os voos, as longas dist\u00e2ncias de metro, comboio, autocarro, etc.<\/li>\n<\/ul>\n<ul class=\"ul1\">\n<li class=\"li3\"><b>N\u00f3mada\u00a0<\/b>F\u00e1cil de transportar: pode ser dobrada para ficar compacta e guardada no saco de arruma\u00e7\u00e3o inclu\u00eddo na embalagem. Leve e pode ser utilizada em qualquer altura e em qualquer lugar.<\/li>\n<\/ul>\n<p>Adequado para todos os meios de transporte: avi\u00e3o, trem e carro.<\/p>","protected":false},"excerpt":{"rendered":"<p>On a voulu d\u00e9velopper le m\u00eame concept que le Hamac mais cette fois-ci pour les pieds. Bien pratique pour \u00e9viter les risques de thrombose engendr\u00e9e par une position assise prolong\u00e9e. Pratique et facile : Ce repose-pieds est soigneusement con\u00e7u pour une utilisation facile, il suffit de l&rsquo;accrocher au support d&rsquo;une table ou d&rsquo;un si\u00e8ge et&#8230;<\/p>","protected":false},"featured_media":13758,"comment_status":"open","ping_status":"closed","template":"","meta":{"_kad_blocks_custom_css":"","_kad_blocks_head_custom_js":"","_kad_blocks_body_custom_js":"","_kad_blocks_footer_custom_js":"","_kad_post_transparent":"","_kad_post_title":"","_kad_post_layout":"","_kad_post_sidebar_id":"","_kad_post_content_style":"","_kad_post_vertical_padding":"","_kad_post_feature":"","_kad_post_feature_position":"","_kad_post_header":false,"_kad_post_footer":false,"_kad_post_classname":""},"product_brand":[385],"product_cat":[386],"product_tag":[95,107],"class_list":{"0":"post-6119","1":"product","2":"type-product","3":"status-publish","4":"has-post-thumbnail","6":"product_brand-velartrip","7":"product_cat-accessoires-pratiques","8":"product_tag-avion","9":"product_tag-nomade","11":"first","12":"instock","13":"taxable","14":"shipping-taxable","15":"purchasable","16":"product-type-simple","17":"entry","18":"content-bg","19":"loop-entry"},"taxonomy_info":{"product_brand":[{"value":385,"label":"VelarTrip"}],"product_cat":[{"value":386,"label":"Accessoires Pratiques"}],"product_tag":[{"value":95,"label":"Avion"},{"value":107,"label":"Nomade"}]},"featured_image_src_large":["https:\/\/velartrip.com\/wp-content\/uploads\/2020\/03\/Sans-titre-33.jpg",800,800,false],"author_info":[],"comment_info":8,"_links":{"self":[{"href":"https:\/\/velartrip.com\/pt\/wp-json\/wp\/v2\/product\/6119","targetHints":{"allow":["GET"]}}],"collection":[{"href":"https:\/\/velartrip.com\/pt\/wp-json\/wp\/v2\/product"}],"about":[{"href":"https:\/\/velartrip.com\/pt\/wp-json\/wp\/v2\/types\/product"}],"replies":[{"embeddable":true,"href":"https:\/\/velartrip.com\/pt\/wp-json\/wp\/v2\/comments?post=6119"}],"wp:featuredmedia":[{"embeddable":true,"href":"https:\/\/velartrip.com\/pt\/wp-json\/wp\/v2\/media\/13758"}],"wp:attachment":[{"href":"https:\/\/velartrip.com\/pt\/wp-json\/wp\/v2\/media?parent=6119"}],"wp:term":[{"taxonomy":"product_brand","embeddable":true,"href":"https:\/\/velartrip.com\/pt\/wp-json\/wp\/v2\/product_brand?post=6119"},{"taxonomy":"product_cat","embeddable":true,"href":"https:\/\/velartrip.com\/pt\/wp-json\/wp\/v2\/product_cat?post=6119"},{"taxonomy":"product_tag","embeddable":true,"href":"https:\/\/velartrip.com\/pt\/wp-json\/wp\/v2\/product_tag?post=6119"}],"curies":[{"name":"wp","href":"https:\/\/api.w.org\/{rel}","templated":true}]}}