{"id":6171,"date":"2020-03-19T18:36:33","date_gmt":"2020-03-19T18:36:33","guid":{"rendered":"https:\/\/velartrip.com\/?product=protege-passeport-br-premiere-classe"},"modified":"2025-07-02T14:02:58","modified_gmt":"2025-07-02T12:02:58","slug":"protege-passeport-premiere-classe","status":"publish","type":"product","link":"https:\/\/velartrip.com\/pt\/accessoires-pour-valise\/protege-passeports\/protege-passeport-premiere-classe\/","title":{"rendered":"Capa para passaporte de primeira classe"},"content":{"rendered":"<h2>Um estilo para todos, novas cores e seguran\u00e7a refor\u00e7ada. A nossa capa para passaporte mais completa.<\/h2>\n<ul>\n<li>Prote\u00e7\u00e3o em <strong>couro sint\u00e9tico.<\/strong><\/li>\n<\/ul>\n<ul>\n<li>N\u00e3o pesa <strong>mais de 90 g.<\/strong><\/li>\n<\/ul>\n<ul>\n<li>Seguran\u00e7a refor\u00e7ada para os seus cart\u00f5es banc\u00e1rios gra\u00e7as \u00e0<strong> Sistema \"RFID Protect\".<\/strong><\/li>\n<\/ul>\n<ul>\n<li>Com ele\u00a0<strong>evitar<\/strong>\u00a0um grande n\u00famero de\u00a0<strong>contratempos!<\/strong><\/li>\n<\/ul>","protected":false},"excerpt":{"rendered":"<p>Un style adapt\u00e9 \u00e0 tous, des couleurs in\u00e9dites et une s\u00e9curit\u00e9 renforc\u00e9e. Notre prot\u00e8ge-passeport le plus complet. Une protection en cuir synth\u00e9tique. Ne p\u00e8se pas plus de 90\u00a0g. Une s\u00e9curit\u00e9 renforc\u00e9e pour vos cartes bancaires gr\u00e2ce au syst\u00e8me \u00ab\u00a0RFID Protect\u00a0\u00bb. Avec lui\u00a0tu\u00a0\u00e9viteras\u00a0un grand nombre de\u00a0m\u00e9saventures !<\/p>","protected":false},"featured_media":13704,"comment_status":"open","ping_status":"closed","template":"","meta":{"_kad_blocks_custom_css":"","_kad_blocks_head_custom_js":"","_kad_blocks_body_custom_js":"","_kad_blocks_footer_custom_js":"","_kad_post_transparent":"","_kad_post_title":"","_kad_post_layout":"","_kad_post_sidebar_id":"","_kad_post_content_style":"","_kad_post_vertical_padding":"","_kad_post_feature":"","_kad_post_feature_position":"","_kad_post_header":false,"_kad_post_footer":false,"_kad_post_classname":""},"product_brand":[385],"product_cat":[395,618],"product_tag":[112,186,95],"class_list":{"0":"post-6171","1":"product","2":"type-product","3":"status-publish","4":"has-post-thumbnail","6":"product_brand-velartrip","7":"product_cat-protege-passeports","8":"product_cat-accessoires-pour-valise","9":"product_tag-protege-passeport","10":"product_tag-aeroport","11":"product_tag-avion","13":"first","14":"instock","15":"taxable","16":"shipping-taxable","17":"purchasable","18":"product-type-variable","19":"entry","20":"content-bg","21":"loop-entry"},"taxonomy_info":{"product_brand":[{"value":385,"label":"VelarTrip"}],"product_cat":[{"value":395,"label":"Prot\u00e8ge-Passeports"},{"value":618,"label":"Accessoires pour Valise"}],"product_tag":[{"value":112,"label":" Prot\u00e8ge Passeport"},{"value":186,"label":"A\u00e9roport"},{"value":95,"label":"Avion"}]},"featured_image_src_large":["https:\/\/velartrip.com\/wp-content\/uploads\/2022\/05\/188.jpg",800,800,false],"author_info":[],"comment_info":6,"_links":{"self":[{"href":"https:\/\/velartrip.com\/pt\/wp-json\/wp\/v2\/product\/6171","targetHints":{"allow":["GET"]}}],"collection":[{"href":"https:\/\/velartrip.com\/pt\/wp-json\/wp\/v2\/product"}],"about":[{"href":"https:\/\/velartrip.com\/pt\/wp-json\/wp\/v2\/types\/product"}],"replies":[{"embeddable":true,"href":"https:\/\/velartrip.com\/pt\/wp-json\/wp\/v2\/comments?post=6171"}],"wp:featuredmedia":[{"embeddable":true,"href":"https:\/\/velartrip.com\/pt\/wp-json\/wp\/v2\/media\/13704"}],"wp:attachment":[{"href":"https:\/\/velartrip.com\/pt\/wp-json\/wp\/v2\/media?parent=6171"}],"wp:term":[{"taxonomy":"product_brand","embeddable":true,"href":"https:\/\/velartrip.com\/pt\/wp-json\/wp\/v2\/product_brand?post=6171"},{"taxonomy":"product_cat","embeddable":true,"href":"https:\/\/velartrip.com\/pt\/wp-json\/wp\/v2\/product_cat?post=6171"},{"taxonomy":"product_tag","embeddable":true,"href":"https:\/\/velartrip.com\/pt\/wp-json\/wp\/v2\/product_tag?post=6171"}],"curies":[{"name":"wp","href":"https:\/\/api.w.org\/{rel}","templated":true}]}}