{"id":6304,"date":"2020-04-13T12:00:14","date_gmt":"2020-04-13T12:00:14","guid":{"rendered":"https:\/\/velartrip.com\/?product=ceinture-de-voyage-br-nairobi"},"modified":"2022-05-30T10:25:44","modified_gmt":"2022-05-30T08:25:44","slug":"ceinture-de-voyage-multipoches","status":"publish","type":"product","link":"https:\/\/velartrip.com\/pt\/accessoires-pratiques\/ceinture-de-voyage-multipoches\/","title":{"rendered":"Cinto de viagem Nairobi"},"content":{"rendered":"<h2>Nunca mais viaje com o seu passaporte e dinheiro no bolso! Corre o risco de os perder.<\/h2>\n<h2>Em vez disso, use o discreto cinto de Nairobi, que lhe poupar\u00e1 muitos problemas!<\/h2>\n<ul>\n<li>Pode ser usado para transportar dinheiro, seu cart\u00e3o de cr\u00e9dito e\/ou seu passaporte<\/li>\n<\/ul>\n<ul>\n<li>A <strong>cinto discreto<\/strong> que se adapta a todos os tamanhos<em> (at\u00e9 114 cm)<\/em><\/li>\n<\/ul>\n<ul>\n<li>Adapta-se perfeitamente gra\u00e7as ao seu cinto ajust\u00e1vel<\/li>\n<\/ul>\n<ul>\n<li>Pode ser usado como <strong>estilo banana<\/strong> ou junto ao corpo <em>(n\u00f3s da equipe preferimos perto do corpo para mais discri\u00e7\u00e3o)<\/em><\/li>\n<\/ul>\n<ul>\n<li>Concebida num tecido que <strong>reduz a transpira\u00e7\u00e3o<\/strong><\/li>\n<\/ul>\n<ul>\n<li>Tamanho: 13*26 cm<\/li>\n<\/ul>\n<ul>\n<li><strong>ENTREGA STANDARD GRATUITA<\/strong><\/li>\n<\/ul>","protected":false},"excerpt":{"rendered":"<p>N\u00e3o viaje mais com passaporte e dinheiro no bolso! Voc\u00ea pode perd\u00ea-los. Em vez disso, escolha o discreto cinto Nairobi que evitar\u00e1 muitos aborrecimentos! Pode ser usado para carregar dinheiro, seu cart\u00e3o de cr\u00e9dito e\/ou seu passaporte Um cinto discreto que se adapta a todos os tamanhos (at\u00e9 114 cm) Ajusta-se\u2026<\/p>","protected":false},"featured_media":13643,"comment_status":"open","ping_status":"closed","template":"","meta":{"_kad_blocks_custom_css":"","_kad_blocks_head_custom_js":"","_kad_blocks_body_custom_js":"","_kad_blocks_footer_custom_js":"","_kad_post_transparent":"","_kad_post_title":"","_kad_post_layout":"","_kad_post_sidebar_id":"","_kad_post_content_style":"","_kad_post_vertical_padding":"","_kad_post_feature":"","_kad_post_feature_position":"","_kad_post_header":false,"_kad_post_footer":false,"_kad_post_classname":""},"product_brand":[385],"product_cat":[386],"product_tag":[141],"class_list":{"0":"post-6304","1":"product","2":"type-product","3":"status-publish","4":"has-post-thumbnail","6":"product_brand-velartrip","7":"product_cat-accessoires-pratiques","8":"product_tag-securite","10":"first","11":"instock","12":"taxable","13":"shipping-taxable","14":"purchasable","15":"product-type-variable","16":"entry","17":"content-bg","18":"loop-entry"},"taxonomy_info":{"product_brand":[{"value":385,"label":"VelarTrip"}],"product_cat":[{"value":386,"label":"Accessoires Pratiques"}],"product_tag":[{"value":141,"label":"S\u00e9curit\u00e9"}]},"featured_image_src_large":["https:\/\/velartrip.com\/wp-content\/uploads\/2022\/05\/4000908206018_images_62947e689d740_2.jpg",800,800,false],"author_info":[],"comment_info":6,"_links":{"self":[{"href":"https:\/\/velartrip.com\/pt\/wp-json\/wp\/v2\/product\/6304","targetHints":{"allow":["GET"]}}],"collection":[{"href":"https:\/\/velartrip.com\/pt\/wp-json\/wp\/v2\/product"}],"about":[{"href":"https:\/\/velartrip.com\/pt\/wp-json\/wp\/v2\/types\/product"}],"replies":[{"embeddable":true,"href":"https:\/\/velartrip.com\/pt\/wp-json\/wp\/v2\/comments?post=6304"}],"wp:featuredmedia":[{"embeddable":true,"href":"https:\/\/velartrip.com\/pt\/wp-json\/wp\/v2\/media\/13643"}],"wp:attachment":[{"href":"https:\/\/velartrip.com\/pt\/wp-json\/wp\/v2\/media?parent=6304"}],"wp:term":[{"taxonomy":"product_brand","embeddable":true,"href":"https:\/\/velartrip.com\/pt\/wp-json\/wp\/v2\/product_brand?post=6304"},{"taxonomy":"product_cat","embeddable":true,"href":"https:\/\/velartrip.com\/pt\/wp-json\/wp\/v2\/product_cat?post=6304"},{"taxonomy":"product_tag","embeddable":true,"href":"https:\/\/velartrip.com\/pt\/wp-json\/wp\/v2\/product_tag?post=6304"}],"curies":[{"name":"wp","href":"https:\/\/api.w.org\/{rel}","templated":true}]}}