{"id":6324,"date":"2020-04-13T17:20:44","date_gmt":"2020-04-13T17:20:44","guid":{"rendered":"https:\/\/velartrip.com\/?product=etiquette-bagage-br-donuts-rose"},"modified":"2022-08-03T11:18:03","modified_gmt":"2022-08-03T09:18:03","slug":"etiquette-bagage-avion-donuts-rose","status":"publish","type":"product","link":"https:\/\/velartrip.com\/pt\/accessoires-pour-valise\/etiquettes-bagages\/etiquette-bagage-avion-donuts-rose\/","title":{"rendered":"Etiquetas de bagagem Pink Donuts"},"content":{"rendered":"<p>&nbsp;<\/p>\n<h2>Criar um donut cor-de-rosa em formato de etiqueta de bagagem? \u00c9 uma \u00f3ptima ideia para abrir o apetite dos viajantes que anseiam por algo doce em voos com mais de 10 horas de dura\u00e7\u00e3o!<\/h2>\n<ul>\n<li><strong>Identificar e encontrar<\/strong>\u00a0a sua bagagem facilmente<\/li>\n<li><strong>Fixa-se rapidamente<\/strong>\u00a0com facilidade.<\/li>\n<li>Concebido para\u00a0<strong>todos os tipos de bagagem<\/strong>s (m\u00e3os, saco de viagem, mala de m\u00e3o, mochila, etc.)<\/li>\n<li>Composi\u00e7\u00e3o: couro sint\u00e9tico<\/li>\n<\/ul>\n<h3 style=\"text-align: center\"><span style=\"color: #82d5c7\">Porqu\u00ea etiquetar as suas malas?<\/span><\/h3>\n<p>Se desejar :<\/p>\n<p>Viajar de comboio, barco ou avi\u00e3o.<\/p>\n<p>\u2705\u00a0<strong>Distinguir as suas malas<\/strong>\u00a0outros viajantes no carrossel de bagagens<\/p>\n<p>\u2705 <strong>Encontre o seu caminho mais facilmente<\/strong>t uma mala perdida (embora n\u00e3o o desejemos a si!)<\/p>\n<p>\u2705 Ser <strong>em conformidade com a regulamenta\u00e7\u00e3o<\/strong> aeroporto\u00a0<span data-mce-fragment=\"1\">internacional<\/span><\/p>\n<p><span data-mce-fragment=\"1\">\u2705 <strong>Evitar a destrui\u00e7\u00e3o<\/strong> pelas autoridades da sua mala sem vigil\u00e2ncia.<\/span><\/p>\n<p><span data-mce-fragment=\"1\">Neste caso, \u00e9 necess\u00e1ria uma etiqueta de bagagem.<\/span><\/p>\n<h3 style=\"text-align: center\"><span style=\"color: #db7c46\" data-mce-fragment=\"1\">Como \u00e9 que escolho a etiqueta da minha bagagem?<\/span><\/h3>\n<p><span data-mce-fragment=\"1\">Este \u00e9, sem d\u00favida, o acess\u00f3rio de viagem mais f\u00e1cil de escolher, uma vez que depender\u00e1 <strong>apenas o seu gosto pelo design<\/strong> !<\/span><\/p>\n<p><span data-mce-fragment=\"1\">Quanto ao resto, cada r\u00f3tulo tem mais ou menos <strong>os mesmos campos a preencher<\/strong>por outras palavras:<\/span><\/p>\n<ul>\n<li><span data-mce-fragment=\"1\">nome completo<\/span><\/li>\n<li><span data-mce-fragment=\"1\">endere\u00e7o postal\u00a0<\/span><\/li>\n<li><span data-mce-fragment=\"1\">o n\u00famero de telefone\u00a0<\/span><\/li>\n<li><span data-mce-fragment=\"1\">endere\u00e7o eletr\u00f3nico<\/span><\/li>\n<\/ul>","protected":false},"excerpt":{"rendered":"<p>&nbsp; Criar um donut rosa no formato de etiqueta de bagagem? Uma \u00f3tima ideia para agu\u00e7ar o apetite de todos os viajantes que desejam algo doce em voos com dura\u00e7\u00e3o superior a 10 horas! Identifique e encontre facilmente sua bagagem. Fixa-se de forma r\u00e1pida e f\u00e1cil. Projetado para todos os tipos de bagagem (bagagem de m\u00e3o, mala de viagem, mala de cabine, mochila, etc.) Composi\u00e7\u00e3o: couro\u2026<\/p>","protected":false},"featured_media":13635,"comment_status":"open","ping_status":"closed","template":"","meta":{"_kad_blocks_custom_css":"","_kad_blocks_head_custom_js":"","_kad_blocks_body_custom_js":"","_kad_blocks_footer_custom_js":"","_kad_post_transparent":"","_kad_post_title":"","_kad_post_layout":"","_kad_post_sidebar_id":"","_kad_post_content_style":"","_kad_post_vertical_padding":"","_kad_post_feature":"","_kad_post_feature_position":"","_kad_post_header":false,"_kad_post_footer":false,"_kad_post_classname":""},"product_brand":[385],"product_cat":[618,397],"product_tag":[143],"class_list":{"0":"post-6324","1":"product","2":"type-product","3":"status-publish","4":"has-post-thumbnail","6":"product_brand-velartrip","7":"product_cat-accessoires-pour-valise","8":"product_cat-etiquettes-bagages","9":"product_tag-fun","11":"first","12":"instock","13":"taxable","14":"shipping-taxable","15":"purchasable","16":"product-type-simple","17":"entry","18":"content-bg","19":"loop-entry"},"taxonomy_info":{"product_brand":[{"value":385,"label":"VelarTrip"}],"product_cat":[{"value":618,"label":"Accessoires pour Valise"},{"value":397,"label":"\u00c9tiquette Bagage"}],"product_tag":[{"value":143,"label":"Fun"}]},"featured_image_src_large":["https:\/\/velartrip.com\/wp-content\/uploads\/2022\/05\/4000402686822_images_6294715bf0e50_2-800x800.jpg",800,800,true],"author_info":[],"comment_info":5,"_links":{"self":[{"href":"https:\/\/velartrip.com\/pt\/wp-json\/wp\/v2\/product\/6324","targetHints":{"allow":["GET"]}}],"collection":[{"href":"https:\/\/velartrip.com\/pt\/wp-json\/wp\/v2\/product"}],"about":[{"href":"https:\/\/velartrip.com\/pt\/wp-json\/wp\/v2\/types\/product"}],"replies":[{"embeddable":true,"href":"https:\/\/velartrip.com\/pt\/wp-json\/wp\/v2\/comments?post=6324"}],"wp:featuredmedia":[{"embeddable":true,"href":"https:\/\/velartrip.com\/pt\/wp-json\/wp\/v2\/media\/13635"}],"wp:attachment":[{"href":"https:\/\/velartrip.com\/pt\/wp-json\/wp\/v2\/media?parent=6324"}],"wp:term":[{"taxonomy":"product_brand","embeddable":true,"href":"https:\/\/velartrip.com\/pt\/wp-json\/wp\/v2\/product_brand?post=6324"},{"taxonomy":"product_cat","embeddable":true,"href":"https:\/\/velartrip.com\/pt\/wp-json\/wp\/v2\/product_cat?post=6324"},{"taxonomy":"product_tag","embeddable":true,"href":"https:\/\/velartrip.com\/pt\/wp-json\/wp\/v2\/product_tag?post=6324"}],"curies":[{"name":"wp","href":"https:\/\/api.w.org\/{rel}","templated":true}]}}